{"id":10223,"date":"2025-12-14T16:28:05","date_gmt":"2025-12-14T15:28:05","guid":{"rendered":"https:\/\/antykilion.pl\/?post_type=product&#038;p=10223"},"modified":"2025-12-14T16:28:07","modified_gmt":"2025-12-14T15:28:07","slug":"krzesla-2-szt-xviii-w-w-stylu-ludwika-xv-okolo-1780-r","status":"publish","type":"product","link":"https:\/\/antykilion.pl\/en\/product\/krzesla-2-szt-xviii-w-w-stylu-ludwika-xv-okolo-1780-r\/","title":{"rendered":"Krzes\u0142a 2 szt. XVIII w. w stylu Ludwika XV oko\u0142o 1780 r"},"content":{"rendered":"","protected":false},"excerpt":{"rendered":"<p>Krzes\u0142a 2 szt. XVIII w. w stylu Ludwika XV oko\u0142o 1780 r<\/p>\n<p>o falistych i profilowanych elementach szkieletu, rze\u017abionych w drobne kwiatki,<\/p>\n<p>tapicerowanych zar\u00f3wno na oparciach jak i siedzeniach..<\/p>\n<p>Konstrukcja masyw orzech bogata snycerka., bardzo mocne krzes\u0142a<\/p>\n<p>Powstanie: Francja, II po\u0142. XVIII w.<\/p>\n<p>Stan:\u00a0 dobry widoczny na zdj\u0119ciu jak co\u015b prosz\u0119 pyta\u0107<\/p>\n<p>Wymiary: wysoko\u015b\u0107 siedziska oko\u0142o 45 cm, wysoko\u015b\u0107 oparcia oko\u0142o 92 cm.<\/p>\n<p>Okazja !!!<\/p>","protected":false},"featured_media":10224,"comment_status":"closed","ping_status":"closed","template":"","meta":[],"product_cat":[28,17],"product_tag":[],"class_list":{"0":"post-10223","1":"product","2":"type-product","3":"status-publish","4":"has-post-thumbnail","6":"product_cat-krzesla","7":"product_cat-meble","9":"entry","10":"has-media","12":"first","13":"instock","14":"taxable","15":"shipping-taxable","16":"purchasable","17":"product-type-simple","18":"has-product-nav","19":"col","20":"span_1_of_3","21":"owp-content-center","22":"owp-thumbs-layout-horizontal","23":"owp-btn-normal","24":"owp-tabs-layout-horizontal"},"aioseo_notices":[],"_links":{"self":[{"href":"https:\/\/antykilion.pl\/en\/wp-json\/wp\/v2\/product\/10223","targetHints":{"allow":["GET"]}}],"collection":[{"href":"https:\/\/antykilion.pl\/en\/wp-json\/wp\/v2\/product"}],"about":[{"href":"https:\/\/antykilion.pl\/en\/wp-json\/wp\/v2\/types\/product"}],"replies":[{"embeddable":true,"href":"https:\/\/antykilion.pl\/en\/wp-json\/wp\/v2\/comments?post=10223"}],"wp:featuredmedia":[{"embeddable":true,"href":"https:\/\/antykilion.pl\/en\/wp-json\/wp\/v2\/media\/10224"}],"wp:attachment":[{"href":"https:\/\/antykilion.pl\/en\/wp-json\/wp\/v2\/media?parent=10223"}],"wp:term":[{"taxonomy":"product_cat","embeddable":true,"href":"https:\/\/antykilion.pl\/en\/wp-json\/wp\/v2\/product_cat?post=10223"},{"taxonomy":"product_tag","embeddable":true,"href":"https:\/\/antykilion.pl\/en\/wp-json\/wp\/v2\/product_tag?post=10223"}],"curies":[{"name":"wp","href":"https:\/\/api.w.org\/{rel}","templated":true}]}}