{"id":10233,"date":"2025-12-14T18:04:21","date_gmt":"2025-12-14T17:04:21","guid":{"rendered":"https:\/\/antykilion.pl\/?post_type=product&#038;p=10233"},"modified":"2025-12-14T18:12:36","modified_gmt":"2025-12-14T17:12:36","slug":"grosz-czynszowy-cristo-della-moneta-obraz-renesansowego-wloskiego-malarza-tycjana-wedlug-xvii-xviii-w","status":"publish","type":"product","link":"https:\/\/antykilion.pl\/en\/product\/grosz-czynszowy-cristo-della-moneta-obraz-renesansowego-wloskiego-malarza-tycjana-wedlug-xvii-xviii-w\/","title":{"rendered":"Grosz czynszowy (Cristo della moneta) \u2013 obraz renesansowego w\u0142oskiego malarza Tycjana wed\u0142ug XVII\/XVIII w"},"content":{"rendered":"","protected":false},"excerpt":{"rendered":"<p>Grosz czynszowy (Cristo della moneta) \u2013 obraz renesansowego w\u0142oskiego malarza Tycjana wed\u0142ug XVII\/XVIII w<\/p>\n<p>Obraz zosta\u0142 namalowany dla ksi\u0119cia Alfonsa I d&#8217;Este[1]. Pocz\u0105tkowo znajdowa\u0142 si\u0119 w zamku w Ferrarze. Obecnie znajduje si\u0119 w Gem\u00e4ldegalerie w\u00a0Dre\u017anie.<\/p>\n<p>Obraz dotyczy nowotestamentowego motywu opowiadaj\u0105cego o pr\u00f3bie znalezienia winy i s\u0142abych stron w nauczaniu Jezusa przez\u00a0faryzeuszy. Historia zosta\u0142 opowiedziane we wszystkich\u00a0ewangeliach synoptycznych.\u00a0Mateusz Ewangelista\u00a0opisuje dwie historie zwi\u0105zane z groszem czynszowym. Pierwsza zwi\u0105zana jest z\u00a0Piotrem Aposto\u0142em. Pragn\u0105\u0142 on uzyska\u0107 informacje czy i w jakiej formie ma zap\u0142aci\u0107 podatek \u015bwi\u0105tynny. Jezus nakaza\u0142 mu z\u0142owi\u0107 ryb\u0119 w kt\u00f3rej znajdzie monet\u0119 potrzebn\u0105 do uiszczenia podatku. W\u0105tek ten uchwyci\u0142 m.in. w swoim dziele w\u0142oski malarz\u00a0Masaccio\u00a0pt.\u00a0Grosz czynszowy.<\/p>\n<p>Druga historia zwi\u0105zana jest z faryzeuszami, kt\u00f3rzy pragn\u0119li dowiedzie\u0107 si\u0119 co Jezus my\u015bli o podatkach. W\u00f3wczas nakaza\u0142 oddzieli\u0107 \u017cycie materialne od \u017cycia duchowego wypowiadaj\u0105c zdanie bez zmian cytowane we wszystkich ewangeliach:<\/p>\n<p>Oddajcie wi\u0119c cezarowi to , co nale\u017cy do Cezara a Bogu to co nale\u017cy do Boga[2].<\/p>\n<p>Interpretacja obrazu<\/p>\n<p>Tycjan w mistrzowski spos\u00f3b pog\u0142\u0119bi\u0142 charakterystyk\u0119 psychologiczn\u0105 postaci. W kontrastuj\u0105cy spos\u00f3b uj\u0105\u0142 dwa r\u00f3\u017cne charaktery: Chrystusa i faryzeusza. Ich blisko\u015b\u0107 jest uderzaj\u0105ca. Jezus zosta\u0142 uj\u0119ty z przodu, faryzeusz widoczny jest w p\u00f3\u0142postaci. Pierwszym kontrastem s\u0105 twarze postaci. Chrystus ma mi\u0119kk\u0105 jasn\u0105 twarz, jego spojrzenie jest przenikliwe. Twarz faryzeusza jest brzydka niemal o karykaturalna, uj\u0119ta w ciemnej tonacji. Drugim kontrastem s\u0105 widoczne na pierwszym planie d\u0142onie. R\u0119ce Chrystusa s\u0105 bia\u0142e, g\u0142adkie delikatne palce wskazuj\u0105 na monet\u0119 trzyman\u0105 w ciemnej \u017cylastej, powykrzywianej d\u0142oni faryzeusza. R\u00f3wnie\u017c barwy u\u017cyte przez Tycjana kontrastuj\u0105 za sob\u0105 faryzeusz ma na sobie bia\u0142\u0105 szat\u0119 a Jezus czerwon\u0105 sukni\u0119 i niebieski p\u0142aszcz. Czerwie\u0144 na Chrystusie przechodzi w z\u0142otawe tony rozlewaj\u0105ce si\u0119 po ca\u0142ym obrazie.<\/p>\n<p>Wed\u0142ug jednej z interpretacji obraz powsta\u0142 pod wp\u0142ywem\u00a0Ostatniej wieczerzy\u00a0Leonarda.<\/p>\n<p>Bibliografia<br \/>\nR. Bergerhoff,\u00a0Tycjan, Warszawa: Arkady, 1979.HPS, 2007,\u00a0ISBN\u00a0978-83-60688-47-2.<br \/>\nW. Mole,\u00a0Tycjan, Warszawa: Arkady, 1958.<br \/>\nPrzypisy<br \/>\nGiorgio Vasari\u00a0\u017bywoty najs\u0142awniejszych malarzy, rze\u017abiarzy i architekt\u00f3w\u00a0wyd. PIW Krak\u00f3w 1980 s.554<br \/>\nMt.22,21<\/p>\n<p>Technika: olej p\u0142\u00f3tno,<\/p>\n<p>Stan: bardzo dobry,<\/p>\n<p>Sygnatura:\u00a0 na koszuli faryzeusza jest napis zapewne podpis artysty, orginalnie powinien tam by\u0107 wz\u00f3r tasiemki, obraz namalowany wed\u0142ug Tycjana, znakomita i bardzo stara kopia<\/p>\n<p>Wymiary: p\u0142\u00f3tno 58 cm na 72 cm, z ram\u0105 to oko\u0142o 90 cm\u00a0 na 105 cm<\/p>\n<p>Proweniencja:\u00a0 kolekcja prywatna<\/p>\n<p>Do ka\u017cdego przedmiotu Galeria wystawia certyfikat.<\/p>","protected":false},"featured_media":10234,"comment_status":"closed","ping_status":"closed","template":"","meta":[],"product_cat":[41,39,40],"product_tag":[],"class_list":{"0":"post-10233","1":"product","2":"type-product","3":"status-publish","4":"has-post-thumbnail","6":"product_cat-malarstwo-dawne","7":"product_cat-dziela-sztuki","8":"product_cat-malarstwo","10":"entry","11":"has-media","13":"first","14":"instock","15":"taxable","16":"shipping-taxable","17":"purchasable","18":"product-type-simple","19":"has-product-nav","20":"col","21":"span_1_of_3","22":"owp-content-center","23":"owp-thumbs-layout-horizontal","24":"owp-btn-normal","25":"owp-tabs-layout-horizontal"},"aioseo_notices":[],"_links":{"self":[{"href":"https:\/\/antykilion.pl\/en\/wp-json\/wp\/v2\/product\/10233","targetHints":{"allow":["GET"]}}],"collection":[{"href":"https:\/\/antykilion.pl\/en\/wp-json\/wp\/v2\/product"}],"about":[{"href":"https:\/\/antykilion.pl\/en\/wp-json\/wp\/v2\/types\/product"}],"replies":[{"embeddable":true,"href":"https:\/\/antykilion.pl\/en\/wp-json\/wp\/v2\/comments?post=10233"}],"wp:featuredmedia":[{"embeddable":true,"href":"https:\/\/antykilion.pl\/en\/wp-json\/wp\/v2\/media\/10234"}],"wp:attachment":[{"href":"https:\/\/antykilion.pl\/en\/wp-json\/wp\/v2\/media?parent=10233"}],"wp:term":[{"taxonomy":"product_cat","embeddable":true,"href":"https:\/\/antykilion.pl\/en\/wp-json\/wp\/v2\/product_cat?post=10233"},{"taxonomy":"product_tag","embeddable":true,"href":"https:\/\/antykilion.pl\/en\/wp-json\/wp\/v2\/product_tag?post=10233"}],"curies":[{"name":"wp","href":"https:\/\/api.w.org\/{rel}","templated":true}]}}