{"id":10247,"date":"2025-12-14T18:58:56","date_gmt":"2025-12-14T17:58:56","guid":{"rendered":"https:\/\/antykilion.pl\/?post_type=product&#038;p=10247"},"modified":"2025-12-15T18:51:24","modified_gmt":"2025-12-15T17:51:24","slug":"portret-dzentelmena-w-zbroi-willem-wissing-1656-1687-xvii-w","status":"publish","type":"product","link":"https:\/\/antykilion.pl\/en\/product\/portret-dzentelmena-w-zbroi-willem-wissing-1656-1687-xvii-w\/","title":{"rendered":"Portret d\u017centelmena w zbroi Willem Wissing (1656\u20131687) XVII w"},"content":{"rendered":"","protected":false},"excerpt":{"rendered":"<p>Portret d\u017centelmena w zbroi Willem Wissing (1656\u20131687) XVII w<\/p>\n<p>Na obrazie przedstawiono prawdopodobnie<\/p>\n<p>Jerzy Ludwik z Brunszwiku-L\u00fcneburga (1660\u20131727) (lub Jerzy I), elektor Hanoweru i kr\u00f3l Anglii, Szkocji i Irlandii<\/p>\n<p>https:\/\/www.kleio.org\/de\/geschichte\/stammtafeln\/vip\/georg_ludwig\/<\/p>\n<p>Willem Wissing, known in England as\u00a0William Wissing\u00a0(1656[1]\u00a0\u2013 10 September 1687), was a Dutch portrait artist who worked in England.<\/p>\n<p>Biography<\/p>\n<p>He was born in either\u00a0Amsterdam[2]\u00a0or\u00a0The Hague, and studied at The Hague under\u00a0Willem Doudijns\u00a0(1630\u201397) and\u00a0Arnoldus van Ravestyn\u00a0(1615\u201390). In 1676, he moved to\u00a0England, where he studied with and assisted\u00a0Peter Lely. After Lely&#8217;s death in 1680, Wissing emerged as his most important pupil.\u00a0Godfrey Kneller\u00a0was the only contemporary portrait artist in England to rival Wissing. Wissing\u2019s royal sitters include\u00a0Charles II of England,\u00a0Catherine of Braganza,\u00a0George of Denmark\u00a0and\u00a0James Scott, 1st Duke of Monmouth.<\/p>\n<p>In 1685,\u00a0James II of England\u00a0sent Wissing to the\u00a0Netherlands\u00a0to paint portraits of his Dutch son-in-law and daughter, the future\u00a0William III of England\u00a0and the future\u00a0Mary II of England. The portraits were often repeated; versions are on display in the Great Hall of the\u00a0Wren building\u00a0at the\u00a0College of William and Mary\u00a0in\u00a0Williamsburg, Virginia. Wissing died in 1687 at the peak of his fame as a portrait painter, at\u00a0Burghley House, the home of\u00a0John Cecil, 5th Earl of Exeter\u00a0near Stamford in Lincolnshire. Some suspected he was poisoned out of jealousy of his success. According to\u00a0Arnold Houbraken\u00a0his epitaph was\u00a0Immodicis brevis est aetas, meaning\u00a0Brief is the life of the outstanding.[3]\u00a0He was buried in\u00a0St Martin&#8217;s Church, Stamford, Lincolnshire.<\/p>\n<p>Fellow Dutch immigrant\u00a0Jan van der Vaart\u00a0worked in his workshop and added the draperies and landscapes in the portraits painted by Wissing. After Wissing&#8217;s death in 1687, van der Vaart continued Wissing&#8217;s workshop.[4]<\/p>\n<p>Many of Wissing&#8217;s portraits of prominent sitters and his self-portrait were disseminated in\u00a0mezzotint.<\/p>\n<p>Gallery<br \/>\nPortrait of Queen Anne\u00a0(private collection)<br \/>\nPortrait of Henrietta and Mary Hyde. c. 1683<br \/>\nPortrait of William III when Prince of Orange\u00a0(National Portrait Gallery, London)<br \/>\nPortrait of a Boy with Dog\u00a0attrib. to Wissing (Yale Center for British Art)<br \/>\nPortrait of Elizabeth Jones, Countess of Kildare, attrib. to Wissing c. 1684 (Yale Center for British Art)<br \/>\nPosthumous Portrait of James Stuart, Duke of Cambridge, 1676-87 (Royal Collection)<br \/>\nPortrait of\u00a0James Butler, 1st Duke of Ormonde<br \/>\nPortrait of James Scott, Duke of Monmouth and Buccleuch\u00a0(National Portrait Gallery, London)<br \/>\nPortrait of Isabella, Duchess of Grafton\u00a0(Sotheby&#8217;s)<br \/>\nPortrait of Catherine of Braganza, Queen of England\u00a0(Necessidades Palace,\u00a0Lisbon)<br \/>\nReferences<br \/>\nTabitha Barber,\u00a0\u2018Wissing, Willem (1656\u20131687)\u2019,\u00a0Oxford Dictionary of National Biography, Oxford University Press, 2004, accessed 30 Dec 2008<br \/>\nHis epitaph in\u00a0St Martin&#8217;s Church, Stamford\u00a0is inscribed &#8220;Ws Wissingus Amstelodamensis&#8221;.<br \/>\n(in Dutch)\u00a0Willem Wissing biography\u00a0in\u00a0De groote schouburgh der Nederlantsche konstschilders en schilderessen\u00a0(1718) by\u00a0Arnold Houbraken, courtesy of the\u00a0Digital library for Dutch literature<br \/>\nBiographical details of Jan van der Vaart\u00a0in the\u00a0Netherlands Institute for Art History\u00a0(in Dutch)<br \/>\nMillar, Sir Oliver and Margaret Whinney,\u00a0Oxford History of English Art 1625\u20131714, Oxford,\u00a0Oxford University Press, 1957, 177.<br \/>\nExternal links<\/p>\n<p>Wikimedia Commons has media related to\u00a0Willem Wissing.<\/p>\n<p>92 artworks by or after Willem Wissing\u00a0at the\u00a0Art UK\u00a0site<\/p>\n<p>Authority control databases<\/p>\n<p>International<\/p>\n<p>VIAF<br \/>\nGND<\/p>\n<p>National<\/p>\n<p>United States<\/p>\n<p>Artists<\/p>\n<p>ULAN<br \/>\nRKD Artists<br \/>\nKulturNav<\/p>\n<p>People<\/p>\n<p>Netherlands<br \/>\nTrove<br \/>\nDeutsche Biographie<\/p>\n<p>Categories:<\/p>\n<p>1656 births<\/p>\n<p>1687 deaths<\/p>\n<p>Expatriates in the Kingdom of England<\/p>\n<p>Expatriates from the Dutch Republic<\/p>\n<p>Painters from Amsterdam<\/p>\n<p>Netherlandish Baroque painters<\/p>\n<p>Dutch Golden Age painters<\/p>\n<p>Dutch male painters<\/p>\n<p>Dutch portrait painters<\/p>\n<p>Technika: olej p\u0142\u00f3tno,<\/p>\n<p>Stan: bardzo dobry, po konserwacji<\/p>\n<p>Sygnatura: nie znaleziono obraz przypisywany arty\u015bcie<\/p>\n<p>Wymiary: p\u0142\u00f3tno 128 cm na 104 cm, z ram\u0105 to oko\u0142o 148 cm\u00a0 na 124 cm<\/p>\n<p>Proweniencja:\u00a0 kolekcja prywatna<\/p>\n<p>Do ka\u017cdego przedmiotu Galeria wystawia certyfikat.<\/p>","protected":false},"featured_media":10290,"comment_status":"closed","ping_status":"closed","template":"","meta":[],"product_cat":[41,39,40],"product_tag":[],"class_list":{"0":"post-10247","1":"product","2":"type-product","3":"status-publish","4":"has-post-thumbnail","6":"product_cat-malarstwo-dawne","7":"product_cat-dziela-sztuki","8":"product_cat-malarstwo","10":"entry","11":"has-media","13":"first","14":"instock","15":"taxable","16":"shipping-taxable","17":"purchasable","18":"product-type-simple","19":"has-product-nav","20":"col","21":"span_1_of_3","22":"owp-content-center","23":"owp-thumbs-layout-horizontal","24":"owp-btn-normal","25":"owp-tabs-layout-horizontal"},"aioseo_notices":[],"_links":{"self":[{"href":"https:\/\/antykilion.pl\/en\/wp-json\/wp\/v2\/product\/10247","targetHints":{"allow":["GET"]}}],"collection":[{"href":"https:\/\/antykilion.pl\/en\/wp-json\/wp\/v2\/product"}],"about":[{"href":"https:\/\/antykilion.pl\/en\/wp-json\/wp\/v2\/types\/product"}],"replies":[{"embeddable":true,"href":"https:\/\/antykilion.pl\/en\/wp-json\/wp\/v2\/comments?post=10247"}],"wp:featuredmedia":[{"embeddable":true,"href":"https:\/\/antykilion.pl\/en\/wp-json\/wp\/v2\/media\/10290"}],"wp:attachment":[{"href":"https:\/\/antykilion.pl\/en\/wp-json\/wp\/v2\/media?parent=10247"}],"wp:term":[{"taxonomy":"product_cat","embeddable":true,"href":"https:\/\/antykilion.pl\/en\/wp-json\/wp\/v2\/product_cat?post=10247"},{"taxonomy":"product_tag","embeddable":true,"href":"https:\/\/antykilion.pl\/en\/wp-json\/wp\/v2\/product_tag?post=10247"}],"curies":[{"name":"wp","href":"https:\/\/api.w.org\/{rel}","templated":true}]}}