{"id":10283,"date":"2025-12-15T18:10:53","date_gmt":"2025-12-15T17:10:53","guid":{"rendered":"https:\/\/antykilion.pl\/?post_type=product&#038;p=10283"},"modified":"2025-12-15T18:10:55","modified_gmt":"2025-12-15T17:10:55","slug":"ogromna-zardiniera-secesyjna-xx-okolo-1900-r-sliczna","status":"publish","type":"product","link":"https:\/\/antykilion.pl\/en\/product\/ogromna-zardiniera-secesyjna-xx-okolo-1900-r-sliczna\/","title":{"rendered":"Ogromna \u017bardiniera secesyjna XX oko\u0142o 1900 r \u015bliczna !!!"},"content":{"rendered":"","protected":false},"excerpt":{"rendered":"<p>Ogromna \u017bardiniera secesyjna XX oko\u0142o 1900 r \u015bliczna !!!<\/p>\n<p>Pi\u0119kny przedmiot na \u015brodek sto\u0142u do ekspozycji kwiat\u00f3w lub owoc\u00f3w s\u0142odyczy<\/p>\n<p>Wymiary: wysoko\u015b\u0107 23 cm, d\u0142ugo\u015b\u0107 50 cm<\/p>\n<p>Materia\u0142: Plater z dedykacj\u0105, szk\u0142o<\/p>\n<p>Stan wk\u0142ad kryszta\u0142owy klejony<\/p>\n<p>Sygnatura;\u00a0 trudna do odczytania<\/p>\n<p>Do ka\u017cdego przedmiotu galeria wystawia certyfikat<\/p>","protected":false},"featured_media":10284,"comment_status":"closed","ping_status":"closed","template":"","meta":[],"product_cat":[46,49],"product_tag":[],"class_list":{"0":"post-10283","1":"product","2":"type-product","3":"status-publish","4":"has-post-thumbnail","6":"product_cat-srebra-i-platery","7":"product_cat-szklo","9":"entry","10":"has-media","12":"first","13":"instock","14":"taxable","15":"shipping-taxable","16":"purchasable","17":"product-type-simple","18":"has-product-nav","19":"col","20":"span_1_of_3","21":"owp-content-center","22":"owp-thumbs-layout-horizontal","23":"owp-btn-normal","24":"owp-tabs-layout-horizontal"},"aioseo_notices":[],"_links":{"self":[{"href":"https:\/\/antykilion.pl\/en\/wp-json\/wp\/v2\/product\/10283","targetHints":{"allow":["GET"]}}],"collection":[{"href":"https:\/\/antykilion.pl\/en\/wp-json\/wp\/v2\/product"}],"about":[{"href":"https:\/\/antykilion.pl\/en\/wp-json\/wp\/v2\/types\/product"}],"replies":[{"embeddable":true,"href":"https:\/\/antykilion.pl\/en\/wp-json\/wp\/v2\/comments?post=10283"}],"wp:featuredmedia":[{"embeddable":true,"href":"https:\/\/antykilion.pl\/en\/wp-json\/wp\/v2\/media\/10284"}],"wp:attachment":[{"href":"https:\/\/antykilion.pl\/en\/wp-json\/wp\/v2\/media?parent=10283"}],"wp:term":[{"taxonomy":"product_cat","embeddable":true,"href":"https:\/\/antykilion.pl\/en\/wp-json\/wp\/v2\/product_cat?post=10283"},{"taxonomy":"product_tag","embeddable":true,"href":"https:\/\/antykilion.pl\/en\/wp-json\/wp\/v2\/product_tag?post=10283"}],"curies":[{"name":"wp","href":"https:\/\/api.w.org\/{rel}","templated":true}]}}