{"id":10376,"date":"2025-12-27T18:10:08","date_gmt":"2025-12-27T17:10:08","guid":{"rendered":"https:\/\/antykilion.pl\/?post_type=product&#038;p=10376"},"modified":"2025-12-27T18:43:58","modified_gmt":"2025-12-27T17:43:58","slug":"para-pistoletow-skalkowych-p-e-borde-a-paris-1680-1725-muzealne","status":"publish","type":"product","link":"https:\/\/antykilion.pl\/en\/product\/para-pistoletow-skalkowych-p-e-borde-a-paris-1680-1725-muzealne\/","title":{"rendered":"Para pistolet\u00f3w ska\u0142kowych P.E. BORDE a Paris \u00a0(1680-1725) muzealne"},"content":{"rendered":"","protected":false},"excerpt":{"rendered":"<p>Para pistolet\u00f3w ska\u0142kowych P.E. BORDE a Paris \u00a0(1680-1725) muzealne<\/p>\n<p>P.E. BORDE Pary\u017c (1680-1725), sygnowany, rze\u017abienia, grawerowana dekoracja, ornamentyka mosi\u0119\u017cna, groteskowe zako\u0144czenie t\u0142oka,<\/p>\n<p>P.E. BORDE z Pary\u017ca (1680-1725) to prawdopodobnie nazwisko rusznikarza dzia\u0142aj\u0105cego w Pary\u017cu, specjalizuj\u0105cego si\u0119 w produkcji luksusowej broni palnej, na co wskazuj\u0105 aukcyjne opisy pistolet\u00f3w z zamkami ska\u0142kowymi, charakteryzuj\u0105ce si\u0119 grawerowanymi zdobieniami, ornamentyk\u0105 z mosi\u0105dzu i ozdobnymi detalami.<\/p>\n<p>Kim by\u0142: Prawdopodobnie rusznikarz (producent broni), aktywny w Pary\u017cu na prze\u0142omie XVII i XVIII wieku.<\/p>\n<p>Czym si\u0119 zajmowa\u0142: Tworzy\u0142 wysokiej klasy pistolety ska\u0142kowe z bogatymi zdobieniami.<\/p>\n<p>Cechy charakterystyczne: Wyr\u00f3\u017cnia\u0142y si\u0119 grawerowanymi motywami, mosi\u0119\u017cnymi okuciami i ozdobnymi zako\u0144czeniami kolb (groteskami).<\/p>\n<p>Okres dzia\u0142alno\u015bci: Wskazany w nazwie (1680-1725), co okre\u015bla ramy czasowe dla jego produkcji.<\/p>\n<p>Innymi s\u0142owy, je\u015bli natkniesz si\u0119 na bro\u0144 z tym podpisem, masz do czynienia z historycznym, luksusowym wyrobem rusznikarskim z Pary\u017ca.<\/p>\n<p>Materia\u0142: drewno, stal, mosi\u0105dz;<\/p>\n<p>Wymiary: d\u0142. ca\u0142k. 52,5 cm;<\/p>\n<p>Pochodzenie: sygnatura P.E. BORDE Pary\u017c (1680-1725), oraz na I ROV oraz na kolbie herb lwa w koronie?<\/p>\n<p>stan: bardzo dobry na chodzie<\/p>","protected":false},"featured_media":10377,"comment_status":"closed","ping_status":"closed","template":"","meta":[],"product_cat":[70],"product_tag":[],"class_list":{"0":"post-10376","1":"product","2":"type-product","3":"status-publish","4":"has-post-thumbnail","6":"product_cat-bron","8":"entry","9":"has-media","11":"first","12":"instock","13":"taxable","14":"shipping-taxable","15":"purchasable","16":"product-type-simple","17":"has-product-nav","18":"col","19":"span_1_of_3","20":"owp-content-center","21":"owp-thumbs-layout-horizontal","22":"owp-btn-normal","23":"owp-tabs-layout-horizontal"},"aioseo_notices":[],"_links":{"self":[{"href":"https:\/\/antykilion.pl\/en\/wp-json\/wp\/v2\/product\/10376","targetHints":{"allow":["GET"]}}],"collection":[{"href":"https:\/\/antykilion.pl\/en\/wp-json\/wp\/v2\/product"}],"about":[{"href":"https:\/\/antykilion.pl\/en\/wp-json\/wp\/v2\/types\/product"}],"replies":[{"embeddable":true,"href":"https:\/\/antykilion.pl\/en\/wp-json\/wp\/v2\/comments?post=10376"}],"wp:featuredmedia":[{"embeddable":true,"href":"https:\/\/antykilion.pl\/en\/wp-json\/wp\/v2\/media\/10377"}],"wp:attachment":[{"href":"https:\/\/antykilion.pl\/en\/wp-json\/wp\/v2\/media?parent=10376"}],"wp:term":[{"taxonomy":"product_cat","embeddable":true,"href":"https:\/\/antykilion.pl\/en\/wp-json\/wp\/v2\/product_cat?post=10376"},{"taxonomy":"product_tag","embeddable":true,"href":"https:\/\/antykilion.pl\/en\/wp-json\/wp\/v2\/product_tag?post=10376"}],"curies":[{"name":"wp","href":"https:\/\/api.w.org\/{rel}","templated":true}]}}