{"id":10414,"date":"2026-01-02T12:54:22","date_gmt":"2026-01-02T11:54:22","guid":{"rendered":"https:\/\/antykilion.pl\/?post_type=product&#038;p=10414"},"modified":"2026-01-02T12:54:23","modified_gmt":"2026-01-02T11:54:23","slug":"salome-z-glowa-jana-chrzciciela-bartholomeus-spranger-1546-1611-xvi-xvii-w-przypisany-muzealnej-klasy","status":"publish","type":"product","link":"https:\/\/antykilion.pl\/en\/product\/salome-z-glowa-jana-chrzciciela-bartholomeus-spranger-1546-1611-xvi-xvii-w-przypisany-muzealnej-klasy\/","title":{"rendered":"Salome z g\u0142ow\u0105 Jana Chrzciciela Bartholomeus Spranger \u00a01546 &#8211; 1611 XVI\/XVII w przypisany Muzealnej klasy !"},"content":{"rendered":"","protected":false},"excerpt":{"rendered":"<p>Salome z g\u0142ow\u0105 Jana Chrzciciela Bartholomeus Spranger \u00a01546 &#8211; 1611 XVI\/XVII w przypisany Muzealnej klasy !<\/p>\n<p>Praca wskazuje na tw\u00f3rczo\u015b\u0107 Bartholomeusa Sprangera<\/p>\n<p>Poni\u017cej kilka link\u00f3w do jego prac.<\/p>\n<p>https:\/\/upload.wikimedia.org\/wikipedia\/commons\/f\/f8\/Bartholomeus_Spranger_-_Jael_Kills_Sisera_-_KMS3089_-_Statens_Museum_for_Kunst.jpg<\/p>\n<p>https:\/\/sbirky.ngprague.cz\/en\/dielo\/CZE:NG.O_1593\/zoom<\/p>\n<p>Bartholomeus Spranger (ur. 21 marca 1546 w Antwerpii, zm. w sierpniu 1611 w Pradze) \u2013 niderlandzki malarz, rysownik i rytownik okresu p\u00f3\u017anego manieryzmu.<\/p>\n<p>By\u0142 synem zamo\u017cnego kupca. Uczy\u0142 si\u0119 u mistrz\u00f3w antwerpskich Jana Mandyna, Fransa Mostaerta i Cornelisa van Dalema. Ok. 1565 wyjecha\u0142 do Francji (Lyon, Pary\u017c), a nast\u0119pnie do W\u0142och (Mediolan, Parma, Rzym), gdzie pracowa\u0142 dla kardyna\u0142a Farnese i papie\u017ca Piusa V. Jego w\u0142oskimi wsp\u00f3\u0142pracownikami byli bracia Federico i Taddeo Zuccaro. W 1575 zosta\u0142 nadwornym malarzem cesarza Maksymiliana II, a p\u00f3\u017aniej jego nast\u0119pcy Rudolfa II w Pradze. W 1602 podr\u00f3\u017cowa\u0142 do Antwerpii, Amsterdamu i Haarlemu.<\/p>\n<p>Tworzy\u0142 g\u0142\u00f3wnie kompozycje mitologiczne i alegoryczne. Wykonywa\u0142 te\u017c malowid\u0142a \u015bcienne i obrazy o\u0142tarzowe. Jego dzie\u0142a cechuje wyszukana erotyka, wyrafinowana elegancja p\u00f3z i gest\u00f3w, wyd\u0142u\u017cone proporcje i manierystyczna kolorystyka. Oddzia\u0142ali na niego Frans Floris, Parmigianino i Correggio. Jego prace zosta\u0142y rozpowszechnione dzi\u0119ki grafikom Hendrika Goltziusa. Biogram artysty umie\u015bci\u0142 Karel van Mander w dziele Het Schilder-Boeck (Haarlem, 1604).<\/p>\n<p>Dzie\u0142a<\/p>\n<p>Z tym tematem zwi\u0105zana jest kategoria: Obrazy Bartholomeusa Sprangera.<\/p>\n<p>Alegoria sprawiedliwo\u015bci i roztropno\u015bci \u2013 1599-1600, 131 x 106 cm, Luwr, Pary\u017c<\/p>\n<p>Angelika i Medoro \u2013 ok. 1600, 108 x 80 cm, Stara Pinakoteka, Monachium<\/p>\n<p>Apollo i Muzy \u2013 po 1590, 37 x 49 cm, Kunsthistorisches Museum, Wiede\u0144<\/p>\n<p>Autoportret \u2013 ok. 1600, 54 x 43 cm, Galeria Uffizi, Florencja<\/p>\n<p>Chrzest Chrystusa \u2013 1603, 102 x 88 cm, Muzeum Narodowe we Wroc\u0142awiu<\/p>\n<p>Epitafium z\u0142otnika Nicolausa M\u00fcllera \u2013 ok. 1592, 240 x 160 cm, Galeria Narodowa w Pradze<\/p>\n<p>Glaukos i Scylla \u2013 ok. 1581, 110 x 81 cm, Kunsthistorisches Museum, Wiede\u0144<\/p>\n<p>Herkules, Dejanira i centaur Nessus \u2013 1580-82, 112 x 82 cm, Kunsthistorisches Museum, Wiede\u0144<\/p>\n<p>Jupiter i Antiope \u2013 ok. 1596, 120 x 89 cm, Kunsthistorisches Museum, Wiede\u0144<\/p>\n<p>Odyseusz i Kirke \u2013 1590, 108 x 72 cm, Kunsthistorisches Museum, Wiede\u0144<\/p>\n<p>Pejza\u017c g\u00f3rski \u2013 ok. 1590, Staatliche Kunsthalle, Karlsruhe<\/p>\n<p>Pok\u0142on Trzech Kr\u00f3li \u2013 ok. 1595, 200 x 144 cm, National Gallery w Londynie<\/p>\n<p>Salmakis i Hermafrodyta \u2013 1585, 111 x 81 cm, Kunsthistorisches Museum, Wiede\u0144<\/p>\n<p>\u015aw. Katarzyna \u2013 ok. 1585, 86,5 x 65 cm, Gem\u00e4ldegalerie, Berlin<\/p>\n<p>Vanitas \u2013 ok. 1600, 67 x 96,5 cm, Zamek Kr\u00f3lewski na Wawelu, Krak\u00f3w<\/p>\n<p>Wenus i Adonis \u2013 ok. 1586, 135 x 109 cm, Rijksmuseum, Amsterdam<\/p>\n<p>Wenus i Adonis \u2013 ok. 1597, 163 x 104 cm, Kunsthistorisches Museum, Wiede\u0144<\/p>\n<p>Wenus i Merkury \u2013 ok. 1585, 110 x 72 cm, Kunsthistorisches Museum, Wiede\u0144<\/p>\n<p>Wenus, Merkury i Kupidyn \u2013 1597, 89 x 69 cm, Germanisches Nationalmuseum, Norymberga<\/p>\n<p>Wenus i Wulkan \u2013 ok. 1610, 140 x 95 cm, Kunsthistorisches Museum, Wiede\u0144<\/p>\n<p>Wulkan i Maja \u2013 1575-80, 23 x 18 cm, Kunsthistorisches Museum, Wiede\u0144<\/p>\n<p>Bibliografia<\/p>\n<p>Beckett W., 1000 arcydzie\u0142, E. Gorz\u0105dek (t\u0142um.), Warszawa: Arkady, 2001, ISBN 83-213-4218-3, OCLC 749354342.<\/p>\n<p>Oksfordzki leksykon sztuki, I. Chilvers (oprac.) i inni, Warszawa: Arkady, 2002, ISBN 83-213-4157-8, OCLC 749307549.<\/p>\n<p>Andrzej Dulewicz, Encyklopedia sztuki niemieckiej, Warszawa: WAiF ; Wydaw. Nauk. PWN, 2002, ISBN 83-01-13637-5<\/p>\n<p>Robert Genaille, Maciej Monkiewicz, Antoni Ziemba, Encyklopedia malarstwa flamandzkiego i holenderskiego, Warszawa: Wydawnictwa Artystyczne i Filmowe; Wydaw. Naukowe PWN, 2001, ISBN 83-221-0686-6.<\/p>\n<p>Leksykon malarstwa od A do Z, Warszawa: Muza S.A., 1992, ISBN 83-7079-076-3<\/p>\n<p>Christine Stukenbrock, Barbara Toepper, Arcydzie\u0142a malarstwa europejskiego, Koenigswinter: h. f. ullmann, 2007, ISBN 978-3-8331-2131-9<\/p>\n<p>Sztuka \u015bwiata, t. 13, Leksykon L-Z, Warszawa: Arkady, 2000, ISBN 83-213-4135-7<\/p>\n<p>Stefano Zuffi, Wielki s\u0142ownik malarzy, t. 4, Warszawa: HPS, 2006, ISBN 83-60688-18-4<\/p>\n<p>Bardzo dekoracyjny<\/p>\n<p>Technika: olej deska<\/p>\n<p>Stan: orginalny dobry widoczny na zdi\u0119ciu<\/p>\n<p>Sygnatura: obraz przypisywany arty\u015bcie, rama pi\u0119kna orginalna z epoki<\/p>\n<p>Wymiary: deska 49 cm na 64 cm z ram\u0105\u00a0 59 cm na 79 cm<\/p>\n<p>Proweniencja:\u00a0 Bardzo dobra kolekcja prywatna<\/p>\n<p>Do ka\u017cdego przedmiotu Galeria wystawia certyfikat.<\/p>","protected":false},"featured_media":10415,"comment_status":"closed","ping_status":"closed","template":"","meta":[],"product_cat":[41,39,40],"product_tag":[],"class_list":{"0":"post-10414","1":"product","2":"type-product","3":"status-publish","4":"has-post-thumbnail","6":"product_cat-malarstwo-dawne","7":"product_cat-dziela-sztuki","8":"product_cat-malarstwo","10":"entry","11":"has-media","13":"first","14":"instock","15":"taxable","16":"shipping-taxable","17":"purchasable","18":"product-type-simple","19":"has-product-nav","20":"col","21":"span_1_of_3","22":"owp-content-center","23":"owp-thumbs-layout-horizontal","24":"owp-btn-normal","25":"owp-tabs-layout-horizontal"},"aioseo_notices":[],"_links":{"self":[{"href":"https:\/\/antykilion.pl\/en\/wp-json\/wp\/v2\/product\/10414","targetHints":{"allow":["GET"]}}],"collection":[{"href":"https:\/\/antykilion.pl\/en\/wp-json\/wp\/v2\/product"}],"about":[{"href":"https:\/\/antykilion.pl\/en\/wp-json\/wp\/v2\/types\/product"}],"replies":[{"embeddable":true,"href":"https:\/\/antykilion.pl\/en\/wp-json\/wp\/v2\/comments?post=10414"}],"wp:featuredmedia":[{"embeddable":true,"href":"https:\/\/antykilion.pl\/en\/wp-json\/wp\/v2\/media\/10415"}],"wp:attachment":[{"href":"https:\/\/antykilion.pl\/en\/wp-json\/wp\/v2\/media?parent=10414"}],"wp:term":[{"taxonomy":"product_cat","embeddable":true,"href":"https:\/\/antykilion.pl\/en\/wp-json\/wp\/v2\/product_cat?post=10414"},{"taxonomy":"product_tag","embeddable":true,"href":"https:\/\/antykilion.pl\/en\/wp-json\/wp\/v2\/product_tag?post=10414"}],"curies":[{"name":"wp","href":"https:\/\/api.w.org\/{rel}","templated":true}]}}