{"id":10420,"date":"2026-01-02T15:03:54","date_gmt":"2026-01-02T14:03:54","guid":{"rendered":"https:\/\/antykilion.pl\/?post_type=product&#038;p=10420"},"modified":"2026-01-02T15:06:12","modified_gmt":"2026-01-02T14:06:12","slug":"krajobraz-w-blasku-ksiezyca-nicolaes-berchem-1621-1622-1683-xvii-w-przypisywany","status":"publish","type":"product","link":"https:\/\/antykilion.pl\/en\/product\/krajobraz-w-blasku-ksiezyca-nicolaes-berchem-1621-1622-1683-xvii-w-przypisywany\/","title":{"rendered":"Krajobraz w blasku ksi\u0119\u017cyca Nicolaes Berchem (1621\/1622\u20131683) XVII w przypisywany"},"content":{"rendered":"","protected":false},"excerpt":{"rendered":"<p>Krajobraz w blasku ksi\u0119\u017cyca Nicolaes Berchem (1621\/1622\u20131683) XVII w przypisywany<\/p>\n<p>Praca wskazuje na tw\u00f3rczo\u015b\u0107 Nicolaesa Berchema<\/p>\n<p>Poni\u017cej kilka link\u00f3w do jego prac.<\/p>\n<p>https:\/\/www.lazienki-krolewskie.pl\/pl\/katalog\/obiekty\/lkr-813<\/p>\n<p>https:\/\/commons.wikimedia.org\/wiki\/Paintings_by_Nicolaes_Berchem#\/media\/File:Nicolaes_Pietersz._Berchem_006.jpg<\/p>\n<p><b>Nicolaes Pieterszoon Berchem<\/b>\u00a0tak\u017ce Nicolaes Berghem (ur.\u00a01 pa\u017adziernika\u00a01620\u00a0w\u00a0Haarlemie, zm.\u00a018 lutego\u00a01683\u00a0w\u00a0Amsterdamie) \u2013\u00a0holenderski\u00a0malarz\u00a0i\u00a0grafik.<\/p>\n<p>Przez ca\u0142e \u017cycie pozostawa\u0142 pod urokiem podr\u00f3\u017cy do W\u0142och. Jest zaliczany do najbardziej znanych artyst\u00f3w holenderskich maluj\u0105cych idylliczne pejza\u017ce w\u0142oskie \u2013 pastuszkowie i stada byd\u0142a, robotnicy nadmorskich port\u00f3w i ludzie na wydmach z t\u0142em w postaci klif\u00f3w, statk\u00f3w, wzg\u00f3rz i drzew. Rzadziej malowa\u0142 alegoryczne sceny mitologiczne i biblijne. Pozostawi\u0142 po sobie ponad 800 p\u0142\u00f3cien, 80 grafik i ok. 500 rysunk\u00f3w. Jego malarstwo wielce zainspirowa\u0142o francuskiego malarza\u00a0rokokowego\u00a0Jeana Pillementa.<\/p>\n<p>Pocz\u0105tkowo malarstwa uczy\u0142 si\u0119 od swego ojca\u00a0Pietera Claesza, a p\u00f3\u017aniej u pejza\u017cysty\u00a0Jana van Goyena\u00a0oraz\u00a0Claesa Moeyaerta. Od 1642 r. by\u0142 cz\u0142onkiem\u00a0gildii\u00a0malarskiej w Haarlemie. W 1645 r. przyst\u0105pi\u0142 do holenderskiego ko\u015bcio\u0142a zreformowanego. W nast\u0119pnym roku si\u0119 o\u017ceni\u0142, lecz po zaledwie kilku latach zosta\u0142 wdowcem. Powt\u00f3rnie o\u017ceni\u0142 si\u0119 z c\u00f3rk\u0105\u00a0Jana Wilsa\u00a0\u2013 malarza. Oko\u0142o roku 1650 zwiedza\u0142 Westfali\u0119 razem z\u00a0Jakubem van Ruisdaelem. Podr\u00f3\u017c do W\u0142och odby\u0142 z innym malarzem, by\u0107 mo\u017ce kuzynem\u00a0Janem Baptyst\u0105 Weenixem. Oko\u0142o roku 1660 wraz z rytownikiem\u00a0Nicolaasem Visschererem\u00a0pracowa\u0142 przy wydaniu atlasu (prawdopodobnie dlatego wcze\u015bniej podr\u00f3\u017cowa\u0142). W latach 1661\u20131670 mieszka\u0142 w Amsterdamie, nast\u0119pnie wr\u00f3ci\u0142 do Haarlemu, a w okresie 1677-1683 zn\u00f3w osiad\u0142 w Amsterdamie, gdzie zmar\u0142.<\/p>\n<p>W\u00a0Muzeum Narodowym w Warszawie\u00a0znajduje si\u0119 obraz Berchema\u00a0Post\u00f3j przy zaje\u017adzie[1].<\/p>\n<h2>Galeria<\/h2>\n<ul>\n<li>Pejza\u017c w\u0142oski<\/li>\n<li>Port na po\u0142udniu<\/li>\n<\/ul>\n<h2>Przypisy<\/h2>\n<ol>\n<li>Andrzej Chudzikowski, [red.]:\u00a0Holenderska i flamandzka martwa natura XVII wieku. Warszawa: Wydawnictwo Sztuka, 1954, s. 17-18.<\/li>\n<\/ol>\n<h2>Bibliografia<\/h2>\n<ul>\n<li>Andrzej Chudzikowski [red.]:\u00a0Krajobraz holenderski XVII wieku. Warszawa: Muzeum Narodowe, 1958, s. 25-27.<\/li>\n<\/ul>\n<h2>Linki zewn\u0119trzne<\/h2>\n<ul>\n<li>Nicolaes Pieterszoon Berchem w Artcyclopedia.com. [dost\u0119p 2009-08-01].\u00a0(ang.).<\/li>\n<\/ul>\n<p>Monumentalny Bardzo dekoracyjny<\/p>\n<p>Technique: oil on canvas<\/p>\n<p>Very good condition<\/p>\n<p>Sygnatura: obraz przypisywany arty\u015bcie, rama pi\u0119kna orginalna z epoki<\/p>\n<p>Wymiary: deska 82 cm na 131 cm z ram\u0105\u00a0 105 cm na 156 cm<\/p>\n<p>Proweniencja:\u00a0 Bardzo dobra kolekcja prywatna<\/p>\n<p>Do ka\u017cdego przedmiotu Galeria wystawia certyfikat.<\/p>","protected":false},"featured_media":10421,"comment_status":"closed","ping_status":"closed","template":"","meta":[],"product_cat":[41,39,40],"product_tag":[],"class_list":{"0":"post-10420","1":"product","2":"type-product","3":"status-publish","4":"has-post-thumbnail","6":"product_cat-malarstwo-dawne","7":"product_cat-dziela-sztuki","8":"product_cat-malarstwo","10":"entry","11":"has-media","13":"first","14":"instock","15":"taxable","16":"shipping-taxable","17":"purchasable","18":"product-type-simple","19":"has-product-nav","20":"col","21":"span_1_of_3","22":"owp-content-center","23":"owp-thumbs-layout-horizontal","24":"owp-btn-normal","25":"owp-tabs-layout-horizontal"},"aioseo_notices":[],"_links":{"self":[{"href":"https:\/\/antykilion.pl\/en\/wp-json\/wp\/v2\/product\/10420","targetHints":{"allow":["GET"]}}],"collection":[{"href":"https:\/\/antykilion.pl\/en\/wp-json\/wp\/v2\/product"}],"about":[{"href":"https:\/\/antykilion.pl\/en\/wp-json\/wp\/v2\/types\/product"}],"replies":[{"embeddable":true,"href":"https:\/\/antykilion.pl\/en\/wp-json\/wp\/v2\/comments?post=10420"}],"wp:featuredmedia":[{"embeddable":true,"href":"https:\/\/antykilion.pl\/en\/wp-json\/wp\/v2\/media\/10421"}],"wp:attachment":[{"href":"https:\/\/antykilion.pl\/en\/wp-json\/wp\/v2\/media?parent=10420"}],"wp:term":[{"taxonomy":"product_cat","embeddable":true,"href":"https:\/\/antykilion.pl\/en\/wp-json\/wp\/v2\/product_cat?post=10420"},{"taxonomy":"product_tag","embeddable":true,"href":"https:\/\/antykilion.pl\/en\/wp-json\/wp\/v2\/product_tag?post=10420"}],"curies":[{"name":"wp","href":"https:\/\/api.w.org\/{rel}","templated":true}]}}