{"id":10707,"date":"2026-02-23T13:42:24","date_gmt":"2026-02-23T12:42:24","guid":{"rendered":"https:\/\/antykilion.pl\/?post_type=product&#038;p=10707"},"modified":"2026-02-23T13:42:27","modified_gmt":"2026-02-23T12:42:27","slug":"para-foteli-i-berzerka-w-stylu-drezdenskim-piekne-okolo-1890-r","status":"publish","type":"product","link":"https:\/\/antykilion.pl\/en\/product\/para-foteli-i-berzerka-w-stylu-drezdenskim-piekne-okolo-1890-r\/","title":{"rendered":"Para foteli i ber\u017cerka w stylu drezde\u0144skim, pi\u0119kne oko\u0142o 1890 r"},"content":{"rendered":"","protected":false},"excerpt":{"rendered":"<p>Para foteli i ber\u017cerka w stylu drezde\u0144skim, pi\u0119kne oko\u0142o 1890 r<\/p>\n<p>Komplet foteli i ber\u017cerki w stylu drezde\u0144skim. W pe\u0142ni tapicerowane, na siedziskach spr\u0119\u017cyny umieszczone na pasach. Oparcia wszystkich siedzisk delikatnie odchylone do ty\u0142u, tak\u017ce wy\u015bcielone materia\u0142em na plecach, podp\u00f3rki rozchylone na zewn\u0105trz, r\u00f3wnie\u017c tapicerowane. Ka\u017cdy z mebli z mocno gi\u0119tymi n\u00f3\u017ckami, bogato dekorowane mosi\u0119\u017cnymi, a\u017curowymi aplikacjami. W zwie\u0144czeniu oparcia du\u017ce, mosi\u0119\u017cne aplikacje w postaci po\u0142\u0105czonych kwiatk\u00f3w i li\u015bci akantu.<\/p>\n<p>Stan: bardzo dobry, widoczne \u015blady u\u017cytkowani<\/p>\n<p>Origin: Europe<\/p>\n<p>Materia\u0142: orzech,<\/p>\n<p>dimensions:<\/p>\n<p>Fotele, wymiary ok. 70 x 65 cm, wysoko\u015b\u0107 ok. 101 cm.<\/p>\n<p>ber\u017cerka, wymiary ok. 58 x 41 cm.<\/p>\n<p>Polecam bardzo atrakcyjna cena mebla<\/p>","protected":false},"featured_media":10708,"comment_status":"closed","ping_status":"closed","template":"","meta":[],"product_cat":[24,17],"product_tag":[],"class_list":{"0":"post-10707","1":"product","2":"type-product","3":"status-publish","4":"has-post-thumbnail","6":"product_cat-fotele","7":"product_cat-meble","9":"entry","10":"has-media","12":"first","13":"instock","14":"taxable","15":"shipping-taxable","16":"purchasable","17":"product-type-simple","18":"has-product-nav","19":"col","20":"span_1_of_3","21":"owp-content-center","22":"owp-thumbs-layout-horizontal","23":"owp-btn-normal","24":"owp-tabs-layout-horizontal"},"aioseo_notices":[],"_links":{"self":[{"href":"https:\/\/antykilion.pl\/en\/wp-json\/wp\/v2\/product\/10707","targetHints":{"allow":["GET"]}}],"collection":[{"href":"https:\/\/antykilion.pl\/en\/wp-json\/wp\/v2\/product"}],"about":[{"href":"https:\/\/antykilion.pl\/en\/wp-json\/wp\/v2\/types\/product"}],"replies":[{"embeddable":true,"href":"https:\/\/antykilion.pl\/en\/wp-json\/wp\/v2\/comments?post=10707"}],"wp:featuredmedia":[{"embeddable":true,"href":"https:\/\/antykilion.pl\/en\/wp-json\/wp\/v2\/media\/10708"}],"wp:attachment":[{"href":"https:\/\/antykilion.pl\/en\/wp-json\/wp\/v2\/media?parent=10707"}],"wp:term":[{"taxonomy":"product_cat","embeddable":true,"href":"https:\/\/antykilion.pl\/en\/wp-json\/wp\/v2\/product_cat?post=10707"},{"taxonomy":"product_tag","embeddable":true,"href":"https:\/\/antykilion.pl\/en\/wp-json\/wp\/v2\/product_tag?post=10707"}],"curies":[{"name":"wp","href":"https:\/\/api.w.org\/{rel}","templated":true}]}}