{"id":10735,"date":"2026-03-01T14:18:16","date_gmt":"2026-03-01T13:18:16","guid":{"rendered":"https:\/\/antykilion.pl\/?post_type=product&#038;p=10735"},"modified":"2026-03-01T14:18:18","modified_gmt":"2026-03-01T13:18:18","slug":"giuseppe-guidi-1881-1931-kwiaty-w-wazonie-obledne","status":"publish","type":"product","link":"https:\/\/antykilion.pl\/en\/product\/giuseppe-guidi-1881-1931-kwiaty-w-wazonie-obledne\/","title":{"rendered":"Giuseppe Guidi (1881\u20131931) Kwiaty w wazonie ob\u0142\u0119dne !!!"},"content":{"rendered":"","protected":false},"excerpt":{"rendered":"<p>Giuseppe Guidi (1881\u20131931) Kwiaty w wazonie ob\u0142\u0119dne !!!<\/p>\n<p>Biografia<\/p>\n<p>Giuseppe Guidi (1881\u20131931) by\u0142 malarzem, akwaforcist\u0105 i innowatorem malarstwa emaliowanego na metalu, wysoko cenionym przez Gabriele D\u2019Annunzia, zw\u0142aszcza za t\u0119 ostatni\u0105 form\u0119 ekspresji. Trzydzie\u015bci pi\u0119\u0107 jego emaliowanych miedzianych dzie\u0142 znajduje si\u0119 w Vittoriale w Gardone. Artysta wyra\u017anie inspirowany europejsk\u0105 scen\u0105 sztuki dekoracyjnej pocz\u0105tku XX wieku, a zw\u0142aszcza stylem \u015brodkowoeuropejskim, Guidi poszerzy\u0142 jej horyzonty daleko poza granice wyznaczone przez oficjaln\u0105 historiografi\u0119, \u0142\u0105cz\u0105c je z ostro\u017cn\u0105 ekspresjonistyczn\u0105 przesad\u0105. Urodzony w Castel Bolognese w skromnych warunkach, Giuseppe Guidi wkr\u00f3tce porzuci\u0142 studia, a w 1902 roku rodzin\u0119, aby osiedli\u0107 si\u0119, podejmuj\u0105c dorywcze i niepewne prace, najpierw w Trie\u015bcie, z kt\u00f3rego zosta\u0142 wydalony za jawne anarchistyczne sympatie, a nast\u0119pnie w Wiedniu, Budapeszcie i Pary\u017cu. W 1908 roku osiad\u0142 w Mediolanie, gdzie ucz\u0119szcza\u0142 na wieczorowe kursy sztuki w Brera z ceramikiem Pietro Melandrim z Faenzy. Zacz\u0105\u0142 wsp\u00f3\u0142pracowa\u0107 jako ilustrator z czasopismami takimi jak Per l&#8217;Arte i L&#8217;Eroica. Od 1912 roku po\u015bwi\u0119ci\u0142 si\u0119 ca\u0142kowicie malarstwu i akwafortie. W latach 1916 i 1917 bra\u0142 udzia\u0142 w Sta\u0142ej Wystawie w Brera. Od 1918 roku po\u015bwi\u0119ci\u0142 si\u0119 r\u00f3wnie\u017c sztuce emalii miedzianych, kt\u00f3rej sta\u0142 si\u0119 wielkim znawc\u0105. W 1923 roku wystawi\u0142 swoje akwaforty w Galleria La Vinciana w Mediolanie, a Adolfo Wildt zaprezentowa\u0142 swoj\u0105 indywidualn\u0105 wystaw\u0119 w Bottega dell&#8217;Arte w Livorno. W 1924 roku wystawi\u0142 64 emalie miedziane w Galleria Pesaro, a Gabriele D&#8217;Annunzio zakupi\u0142 zam\u00f3wione przez niego stacje Drogi Krzy\u017cowej. W 1925 roku wzi\u0105\u0142 udzia\u0142 w Mi\u0119dzynarodowej Wystawie Sztuk Dekoracyjnych w Pary\u017cu, gdzie zosta\u0142 nagrodzony Z\u0142otym Medalem. W 1926 roku wystawi\u0142 cz\u0119\u015b\u0107 swoich prac na Pierwszej Wystawie W\u0142oskiej XX wieku i rozpocz\u0105\u0142 nauczanie grawerunku w Akademii Sztuk Pi\u0119knych w Mediolanie. W 1927 roku wzi\u0105\u0142 udzia\u0142 w Trzeciej Mi\u0119dzynarodowej Wystawie Sztuk Dekoracyjnych w Monzy, a w 1930 roku w Biennale w Wenecji. Jego karier\u0119 przerwa\u0142a przedwczesna \u015bmier\u0107.<\/p>\n<p>Monumentalny Bardzo dekoracyjny<\/p>\n<p>Technique: oil on canvas<\/p>\n<p>Very good condition<\/p>\n<p>Sygnatura: widoczna w prawym dole<\/p>\n<p>Wymiary: p\u0142\u00f3tno 92 cm na 65 cm z ram\u0105\u00a0 107 cm na 82 cm<\/p>\n<p>Proweniencja:\u00a0 Bardzo dobra kolekcja prywatna<\/p>\n<p>Do ka\u017cdego przedmiotu Galeria wystawia certyfikat.<\/p>","protected":false},"featured_media":10737,"comment_status":"closed","ping_status":"closed","template":"","meta":[],"product_cat":[41,39,40],"product_tag":[],"class_list":{"0":"post-10735","1":"product","2":"type-product","3":"status-publish","4":"has-post-thumbnail","6":"product_cat-malarstwo-dawne","7":"product_cat-dziela-sztuki","8":"product_cat-malarstwo","10":"entry","11":"has-media","13":"first","14":"instock","15":"taxable","16":"shipping-taxable","17":"purchasable","18":"product-type-simple","19":"has-product-nav","20":"col","21":"span_1_of_3","22":"owp-content-center","23":"owp-thumbs-layout-horizontal","24":"owp-btn-normal","25":"owp-tabs-layout-horizontal"},"aioseo_notices":[],"_links":{"self":[{"href":"https:\/\/antykilion.pl\/en\/wp-json\/wp\/v2\/product\/10735","targetHints":{"allow":["GET"]}}],"collection":[{"href":"https:\/\/antykilion.pl\/en\/wp-json\/wp\/v2\/product"}],"about":[{"href":"https:\/\/antykilion.pl\/en\/wp-json\/wp\/v2\/types\/product"}],"replies":[{"embeddable":true,"href":"https:\/\/antykilion.pl\/en\/wp-json\/wp\/v2\/comments?post=10735"}],"wp:featuredmedia":[{"embeddable":true,"href":"https:\/\/antykilion.pl\/en\/wp-json\/wp\/v2\/media\/10737"}],"wp:attachment":[{"href":"https:\/\/antykilion.pl\/en\/wp-json\/wp\/v2\/media?parent=10735"}],"wp:term":[{"taxonomy":"product_cat","embeddable":true,"href":"https:\/\/antykilion.pl\/en\/wp-json\/wp\/v2\/product_cat?post=10735"},{"taxonomy":"product_tag","embeddable":true,"href":"https:\/\/antykilion.pl\/en\/wp-json\/wp\/v2\/product_tag?post=10735"}],"curies":[{"name":"wp","href":"https:\/\/api.w.org\/{rel}","templated":true}]}}