{"id":10743,"date":"2026-03-01T15:26:59","date_gmt":"2026-03-01T14:26:59","guid":{"rendered":"https:\/\/antykilion.pl\/?post_type=product&#038;p=10743"},"modified":"2026-03-16T17:58:22","modified_gmt":"2026-03-16T16:58:22","slug":"10743","status":"publish","type":"product","link":"https:\/\/antykilion.pl\/en\/product\/10743\/","title":{"rendered":"Lusterko Secesyjne z pi\u0119kn\u0105 dziewczyn\u0105 oko\u0142o 1900 r"},"content":{"rendered":"","protected":false},"excerpt":{"rendered":"<p>Lusterko Secesyjne z pi\u0119kn\u0105 dziewczyn\u0105 oko\u0142o 1900 r<\/p>\n<p>ramka z pe\u0142noplastyczn\u0105 dziewczyn\u0105 i kwiatami<\/p>\n<p>Konstrukcja &#8211;  br\u0105z lub mosi\u0105dz platerowany<\/p>\n<p>Wymiary:  ca\u0142o\u015b\u0107 wys. 29cm, szer. 20 cm, g\u0142\u0119b. 2 cm;<\/p>\n<p>Origin: Poland?<\/p>\n<p>Stan: bardzo dobry orginalna tafla z przebarwieniami drobne przetarcia, kt\u00f3re tylko nadaj\u0105 charakteru ramce<\/p>\n<p>Okazja cenowa !!!<\/p>","protected":false},"featured_media":10744,"comment_status":"closed","ping_status":"closed","template":"","meta":[],"product_cat":[30,46,55],"product_tag":[],"class_list":{"0":"post-10743","1":"product","2":"type-product","3":"status-publish","4":"has-post-thumbnail","6":"product_cat-lustra","7":"product_cat-srebra-i-platery","8":"product_cat-varia","10":"entry","11":"has-media","13":"first","14":"instock","15":"taxable","16":"shipping-taxable","17":"purchasable","18":"product-type-simple","19":"has-product-nav","20":"col","21":"span_1_of_3","22":"owp-content-center","23":"owp-thumbs-layout-horizontal","24":"owp-btn-normal","25":"owp-tabs-layout-horizontal"},"aioseo_notices":[],"_links":{"self":[{"href":"https:\/\/antykilion.pl\/en\/wp-json\/wp\/v2\/product\/10743","targetHints":{"allow":["GET"]}}],"collection":[{"href":"https:\/\/antykilion.pl\/en\/wp-json\/wp\/v2\/product"}],"about":[{"href":"https:\/\/antykilion.pl\/en\/wp-json\/wp\/v2\/types\/product"}],"replies":[{"embeddable":true,"href":"https:\/\/antykilion.pl\/en\/wp-json\/wp\/v2\/comments?post=10743"}],"wp:featuredmedia":[{"embeddable":true,"href":"https:\/\/antykilion.pl\/en\/wp-json\/wp\/v2\/media\/10744"}],"wp:attachment":[{"href":"https:\/\/antykilion.pl\/en\/wp-json\/wp\/v2\/media?parent=10743"}],"wp:term":[{"taxonomy":"product_cat","embeddable":true,"href":"https:\/\/antykilion.pl\/en\/wp-json\/wp\/v2\/product_cat?post=10743"},{"taxonomy":"product_tag","embeddable":true,"href":"https:\/\/antykilion.pl\/en\/wp-json\/wp\/v2\/product_tag?post=10743"}],"curies":[{"name":"wp","href":"https:\/\/api.w.org\/{rel}","templated":true}]}}