{"id":10751,"date":"2026-03-01T16:50:14","date_gmt":"2026-03-01T15:50:14","guid":{"rendered":"https:\/\/antykilion.pl\/?post_type=product&#038;p=10751"},"modified":"2026-03-01T16:50:15","modified_gmt":"2026-03-01T15:50:15","slug":"ogromny-empirowy-serwis-12-os-rosenthal-z-1926-r-ekskluzywny-i-kolekcjonerski-najbardziej-poszukiwany-na-rynku-antykwarycznym","status":"publish","type":"product","link":"https:\/\/antykilion.pl\/en\/product\/ogromny-empirowy-serwis-12-os-rosenthal-z-1926-r-ekskluzywny-i-kolekcjonerski-najbardziej-poszukiwany-na-rynku-antykwarycznym\/","title":{"rendered":"Ogromny Empirowy serwis 12 os. Rosenthal z 1926 r Ekskluzywny i kolekcjonerski najbardziej poszukiwany na rynku antykwarycznym"},"content":{"rendered":"","protected":false},"excerpt":{"rendered":"<p>Ogromny Empirowy serwis 12 os. Rosenthal z 1926 r Ekskluzywny i kolekcjonerski najbardziej poszukiwany na rynku antykwarycznym<\/p>\n<p>1891-1904 mark<\/p>\n<p>Gorgeous !!!<\/p>\n<p>W sk\u0142ad zestawu wchodz\u0105:<\/p>\n<p>&#8211; 22 talerze obiadowe, 25,5 cm<\/p>\n<p>&#8211; 13 talerzy g\u0142\u0119bokich, 25,5 cm<\/p>\n<p>&#8211; 8 talerzyk\u00f3w deserowych<\/p>\n<p>&#8211; 10 fili\u017canek zamszowych ze spodkami, wysoko\u015b\u0107 fili\u017canek 5 cm<\/p>\n<p>&#8211; 1 patera na n\u00f3\u017cce, wys. 14 cm ok. 23,5 cm<\/p>\n<p>&#8211; 2 wanny solne, wys. ok. 5,5 cm<\/p>\n<p>&#8211; 3 kwadratowe p\u00f3\u0142miski do serwowania, 19,5 x 19,5 &#8211; 23,5 x 33,5 cm<\/p>\n<p>&#8211; 2 owalne p\u00f3\u0142miski do serwowania, 26 x 13 i 31 x 22 cm<\/p>\n<p>&#8211; okr\u0105g\u0142y talerz do serwowania, 35,5 cm<\/p>\n<p>&#8211; talerz do ryb z wk\u0142adk\u0105, 59 x 24 cm ogromny<\/p>\n<p>&#8211; waza z pokrywk\u0105, wys. ok. 23, \u015brednica 26 cm<\/p>\n<p>&#8211; sosjerka<\/p>\n<p>&#8211; 6 p\u00f3\u0142misk\u00f3w, 21,5 cm<\/p>\n<p>Stan: mo\u017ce si\u0119 zdarzy\u0107, \u017ce jaki\u015b talerz ma ma\u0142y chip<\/p>\n<p>Pi\u0119kny kolekcjonerski! bardzo wczesny z lat 1926 r<\/p>","protected":false},"featured_media":10752,"comment_status":"closed","ping_status":"closed","template":"","meta":[],"product_cat":[50],"product_tag":[],"class_list":{"0":"post-10751","1":"product","2":"type-product","3":"status-publish","4":"has-post-thumbnail","6":"product_cat-porcelana-i-fajans","8":"entry","9":"has-media","11":"first","12":"instock","13":"taxable","14":"shipping-taxable","15":"purchasable","16":"product-type-simple","17":"has-product-nav","18":"col","19":"span_1_of_3","20":"owp-content-center","21":"owp-thumbs-layout-horizontal","22":"owp-btn-normal","23":"owp-tabs-layout-horizontal"},"aioseo_notices":[],"_links":{"self":[{"href":"https:\/\/antykilion.pl\/en\/wp-json\/wp\/v2\/product\/10751","targetHints":{"allow":["GET"]}}],"collection":[{"href":"https:\/\/antykilion.pl\/en\/wp-json\/wp\/v2\/product"}],"about":[{"href":"https:\/\/antykilion.pl\/en\/wp-json\/wp\/v2\/types\/product"}],"replies":[{"embeddable":true,"href":"https:\/\/antykilion.pl\/en\/wp-json\/wp\/v2\/comments?post=10751"}],"wp:featuredmedia":[{"embeddable":true,"href":"https:\/\/antykilion.pl\/en\/wp-json\/wp\/v2\/media\/10752"}],"wp:attachment":[{"href":"https:\/\/antykilion.pl\/en\/wp-json\/wp\/v2\/media?parent=10751"}],"wp:term":[{"taxonomy":"product_cat","embeddable":true,"href":"https:\/\/antykilion.pl\/en\/wp-json\/wp\/v2\/product_cat?post=10751"},{"taxonomy":"product_tag","embeddable":true,"href":"https:\/\/antykilion.pl\/en\/wp-json\/wp\/v2\/product_tag?post=10751"}],"curies":[{"name":"wp","href":"https:\/\/api.w.org\/{rel}","templated":true}]}}