{"id":10764,"date":"2026-03-01T17:27:30","date_gmt":"2026-03-01T16:27:30","guid":{"rendered":"https:\/\/antykilion.pl\/?post_type=product&#038;p=10764"},"modified":"2026-03-01T17:27:32","modified_gmt":"2026-03-01T16:27:32","slug":"serwis-secesyjny-rosenthal-versailles-obiadowy-12-os-1890-r-obledny","status":"publish","type":"product","link":"https:\/\/antykilion.pl\/en\/product\/serwis-secesyjny-rosenthal-versailles-obiadowy-12-os-1890-r-obledny\/","title":{"rendered":"Serwis\u00a0 Secesyjny Rosenthal Versailles obiadowy 12 os. 1890 r ob\u0142\u0119dny"},"content":{"rendered":"","protected":false},"excerpt":{"rendered":"<p>Serwis\u00a0 Secesyjny Rosenthal Versailles obiadowy 12 os. 1890 r ob\u0142\u0119dny<\/p>\n<p>1891-1904 mark<\/p>\n<p>Gorgeous !!!<\/p>\n<p>included in the website<\/p>\n<p>12 talerzy obiadowych p\u0142askich, \u015brednica ok. 26 cm<\/p>\n<p>12 talerzy na przystawki, ok. 22,5 cm<\/p>\n<p>12 talerzyk\u00f3w deserowych, ok. 18 cm. dwa dobrane niezauwa\u017calnie<\/p>\n<p>12 talerzy g\u0142\u0119bokich, ok. 25,5 cm.<\/p>\n<p>2 miski do serwowania, ok. 25 cm.<\/p>\n<p>2 p\u00f3\u0142miski do serwowania, ok. 24,5 x 15,5 cm.<\/p>\n<p>3 p\u00f3\u0142miski do serwowania, d\u0142ugo\u015b\u0107 ok. 29-38 cm.<\/p>\n<p>1 Dzbanek, wysoko\u015b\u0107 ok. 16,5 cm,<\/p>\n<p>1 Miska na sos na zintegrowanym spodku, d\u0142ugo\u015b\u0107 ok. 23 cm.<\/p>\n<p>1 Waza z pokrywk\u0105, d\u0142ugo\u015b\u0107 ok. 35 cm, wysoko\u015b\u0107 20 cm.<\/p>","protected":false},"featured_media":10765,"comment_status":"closed","ping_status":"closed","template":"","meta":[],"product_cat":[50],"product_tag":[],"class_list":{"0":"post-10764","1":"product","2":"type-product","3":"status-publish","4":"has-post-thumbnail","6":"product_cat-porcelana-i-fajans","8":"entry","9":"has-media","11":"first","12":"instock","13":"taxable","14":"shipping-taxable","15":"purchasable","16":"product-type-simple","17":"has-product-nav","18":"col","19":"span_1_of_3","20":"owp-content-center","21":"owp-thumbs-layout-horizontal","22":"owp-btn-normal","23":"owp-tabs-layout-horizontal"},"aioseo_notices":[],"_links":{"self":[{"href":"https:\/\/antykilion.pl\/en\/wp-json\/wp\/v2\/product\/10764","targetHints":{"allow":["GET"]}}],"collection":[{"href":"https:\/\/antykilion.pl\/en\/wp-json\/wp\/v2\/product"}],"about":[{"href":"https:\/\/antykilion.pl\/en\/wp-json\/wp\/v2\/types\/product"}],"replies":[{"embeddable":true,"href":"https:\/\/antykilion.pl\/en\/wp-json\/wp\/v2\/comments?post=10764"}],"wp:featuredmedia":[{"embeddable":true,"href":"https:\/\/antykilion.pl\/en\/wp-json\/wp\/v2\/media\/10765"}],"wp:attachment":[{"href":"https:\/\/antykilion.pl\/en\/wp-json\/wp\/v2\/media?parent=10764"}],"wp:term":[{"taxonomy":"product_cat","embeddable":true,"href":"https:\/\/antykilion.pl\/en\/wp-json\/wp\/v2\/product_cat?post=10764"},{"taxonomy":"product_tag","embeddable":true,"href":"https:\/\/antykilion.pl\/en\/wp-json\/wp\/v2\/product_tag?post=10764"}],"curies":[{"name":"wp","href":"https:\/\/api.w.org\/{rel}","templated":true}]}}