{"id":11017,"date":"2026-04-12T18:07:01","date_gmt":"2026-04-12T16:07:01","guid":{"rendered":"https:\/\/antykilion.pl\/?post_type=product&#038;p=11017"},"modified":"2026-04-12T19:24:12","modified_gmt":"2026-04-12T17:24:12","slug":"serwantka-w-stylu-biedermeier-okolo-1810-30r-bardzo-wysokiej-klasy-piekna-2","status":"publish","type":"product","link":"https:\/\/antykilion.pl\/en\/product\/serwantka-w-stylu-biedermeier-okolo-1810-30r-bardzo-wysokiej-klasy-piekna-2\/","title":{"rendered":"Sekretera w stylu Biedermeier oko\u0142o 1810\/30r, bardzo wysokiej klasy pi\u0119kna"},"content":{"rendered":"","protected":false},"excerpt":{"rendered":"<p>Sekretera w stylu Biedermeier oko\u0142o 1810\/30r, bardzo wysokiej klasy pi\u0119kna<\/p>\n<p>prostopad\u0142o\u015bcienna, z czterema szufladami i odk\u0142adan\u0105 klap\u0105 mi\u0119dzy nimi, fornirowana, intarsjowana, wsparta na czterech graniastych n\u00f3\u017ckach. Zwie\u0144czona fali\u015bcie z dwoma zako\u0144czonymi wolutowo esownicami flankuj\u0105cymi schodkow\u0105 cz\u0119\u015b\u0107 \u015brodkow\u0105. Front flankowany par\u0105 kolumn z rze\u017abionymi, korynckimi kapitelami. We wn\u0119trzu osiem szufladek ujmuj\u0105cych centraln\u0105, zamykan\u0105 jednoskrzyd\u0142owo szafk\u0119. G\u00f3rna w\u0105ska d\u0142uga szufladka.<\/p>\n<p>Sekretera o formie typowej dla \u015brodkowego okresu biedermeieru. Fornirowana bogato i pi\u0119knie us\u0142ojon\u0105 oklein\u0105 mahoniow\u0105 oraz orzechem,  Mebel o wn\u0119trzu z licznymi podzia\u0142ami, przeznaczony do wielu funkcji, od typowej sekretery do pisania i przechowywani dokument\u00f3w.<br \/>\nPi\u0119kny muzealnej klasy mebel<br \/>\nPochodzenie:Polska<br \/>\nMateria\u0142: Maho\u0144 i orzech<br \/>\nStan: bardzo dobry jak orginalny drobne ubytki forniru w jednym miejscu stare p\u0119kni\u0119cia od przeschni\u0119cia ma\u0142o istotne normalne przy meblu z tego okresu<br \/>\nWymiary: wysoko\u015b\u0107 168 szeroko\u015b\u0107 94 g\u0142\u0119boko\u015b\u0107 59<br \/>\nA beautiful piece of furniture.<br \/>\nDo ka\u017cdego przedmiotu galeria wypisze certyfikat.<\/p>","protected":false},"featured_media":11018,"comment_status":"closed","ping_status":"closed","template":"","meta":[],"product_cat":[17,31],"product_tag":[],"class_list":{"0":"post-11017","1":"product","2":"type-product","3":"status-publish","4":"has-post-thumbnail","6":"product_cat-meble","7":"product_cat-sekretery-sekretarzyki-biurka","9":"entry","10":"has-media","12":"first","13":"instock","14":"taxable","15":"shipping-taxable","16":"purchasable","17":"product-type-simple","18":"has-product-nav","19":"col","20":"span_1_of_3","21":"owp-content-center","22":"owp-thumbs-layout-horizontal","23":"owp-btn-normal","24":"owp-tabs-layout-horizontal"},"aioseo_notices":[],"_links":{"self":[{"href":"https:\/\/antykilion.pl\/en\/wp-json\/wp\/v2\/product\/11017","targetHints":{"allow":["GET"]}}],"collection":[{"href":"https:\/\/antykilion.pl\/en\/wp-json\/wp\/v2\/product"}],"about":[{"href":"https:\/\/antykilion.pl\/en\/wp-json\/wp\/v2\/types\/product"}],"replies":[{"embeddable":true,"href":"https:\/\/antykilion.pl\/en\/wp-json\/wp\/v2\/comments?post=11017"}],"wp:featuredmedia":[{"embeddable":true,"href":"https:\/\/antykilion.pl\/en\/wp-json\/wp\/v2\/media\/11018"}],"wp:attachment":[{"href":"https:\/\/antykilion.pl\/en\/wp-json\/wp\/v2\/media?parent=11017"}],"wp:term":[{"taxonomy":"product_cat","embeddable":true,"href":"https:\/\/antykilion.pl\/en\/wp-json\/wp\/v2\/product_cat?post=11017"},{"taxonomy":"product_tag","embeddable":true,"href":"https:\/\/antykilion.pl\/en\/wp-json\/wp\/v2\/product_tag?post=11017"}],"curies":[{"name":"wp","href":"https:\/\/api.w.org\/{rel}","templated":true}]}}