{"id":11090,"date":"2026-04-19T13:32:38","date_gmt":"2026-04-19T11:32:38","guid":{"rendered":"https:\/\/antykilion.pl\/?post_type=product&#038;p=11090"},"modified":"2026-04-19T13:32:38","modified_gmt":"2026-04-19T11:32:38","slug":"zegar-kominkowy-w-stylu-empire-rydwan-milosci-ciagniety-przez-golebie-xix-w","status":"publish","type":"product","link":"https:\/\/antykilion.pl\/en\/product\/zegar-kominkowy-w-stylu-empire-rydwan-milosci-ciagniety-przez-golebie-xix-w\/","title":{"rendered":"Zegar kominkowy w stylu empire Rydwan mi\u0142o\u015bci ci\u0105gni\u0119ty przez go\u0142\u0119bie XIX w"},"content":{"rendered":"","protected":false},"excerpt":{"rendered":"<p>Zegar kominkowy w stylu empire Rydwan mi\u0142o\u015bci ci\u0105gni\u0119ty przez go\u0142\u0119bie XIX w<\/p>\n<p>Ten zegar kominkowy Empire z poz\u0142acanego i patynowanego br\u0105zu, o jako\u015bci muzealnej, wspaniale przedstawia uskrzydlonego Erosa, kt\u00f3ry prowadzi rydwan ci\u0105gni\u0119ty przez go\u0142\u0119bie po chmurach. W mitologii greckiej go\u0142\u0119bie s\u0105 \u015bci\u015ble zwi\u0105zane z Afrodyt\u0105, bogini\u0105 mi\u0142o\u015bci, znan\u0105 w mitologii rzymskiej jako Wenus.<\/p>\n<p>Ten zegar mistrzowsko \u0142\u0105czy elementy dw\u00f3ch odr\u0119bnych styl\u00f3w: zegar\u00f3w rydwanowych i zegar\u00f3w wazonowych. Na g\u00f3rze Eros, trzymaj\u0105c lejce w d\u0142oni, prowadzi rydwan mi\u0142o\u015bci sun\u0105cy po chmurach. Poni\u017cej, korpus w kszta\u0142cie wazonu zdobi\u0105 uchwyty w kszta\u0142cie \u0142ab\u0119dziej szyi, wykonane z gracj\u0105 i dba\u0142o\u015bci\u0105 o detale.<\/p>\n<p>Pochodzenie: zegar konsolowy, francuski, 2 po\u0142owa XIX w<\/p>\n<p>Stan: bardzo dobry po przegl\u0105dzie zegarmistrza,<\/p>\n<p>Material: gilded and patinated bronze<\/p>\n<p>Wymiary: wysoko\u015b\u0107 41 cm, g\u0142\u0119boko\u015b\u0107  17 cm, d\u0142ugo\u015b\u0107  25 cm<\/p>","protected":false},"featured_media":11091,"comment_status":"closed","ping_status":"closed","template":"","meta":[],"product_cat":[54,51],"product_tag":[],"class_list":{"0":"post-11090","1":"product","2":"type-product","3":"status-publish","4":"has-post-thumbnail","6":"product_cat-zegary-kominkowe","7":"product_cat-zegary","9":"entry","10":"has-media","12":"first","13":"instock","14":"taxable","15":"shipping-taxable","16":"purchasable","17":"product-type-simple","18":"has-product-nav","19":"col","20":"span_1_of_3","21":"owp-content-center","22":"owp-thumbs-layout-horizontal","23":"owp-btn-normal","24":"owp-tabs-layout-horizontal"},"aioseo_notices":[],"_links":{"self":[{"href":"https:\/\/antykilion.pl\/en\/wp-json\/wp\/v2\/product\/11090","targetHints":{"allow":["GET"]}}],"collection":[{"href":"https:\/\/antykilion.pl\/en\/wp-json\/wp\/v2\/product"}],"about":[{"href":"https:\/\/antykilion.pl\/en\/wp-json\/wp\/v2\/types\/product"}],"replies":[{"embeddable":true,"href":"https:\/\/antykilion.pl\/en\/wp-json\/wp\/v2\/comments?post=11090"}],"wp:featuredmedia":[{"embeddable":true,"href":"https:\/\/antykilion.pl\/en\/wp-json\/wp\/v2\/media\/11091"}],"wp:attachment":[{"href":"https:\/\/antykilion.pl\/en\/wp-json\/wp\/v2\/media?parent=11090"}],"wp:term":[{"taxonomy":"product_cat","embeddable":true,"href":"https:\/\/antykilion.pl\/en\/wp-json\/wp\/v2\/product_cat?post=11090"},{"taxonomy":"product_tag","embeddable":true,"href":"https:\/\/antykilion.pl\/en\/wp-json\/wp\/v2\/product_tag?post=11090"}],"curies":[{"name":"wp","href":"https:\/\/api.w.org\/{rel}","templated":true}]}}