{"id":11189,"date":"2026-05-10T13:33:47","date_gmt":"2026-05-10T11:33:47","guid":{"rendered":"https:\/\/antykilion.pl\/?post_type=product&#038;p=11189"},"modified":"2026-05-10T13:33:48","modified_gmt":"2026-05-10T11:33:48","slug":"stolik-niciak-eklektyczny-xix-w-okolo-1870-r-piekny-i-orginalny","status":"publish","type":"product","link":"https:\/\/antykilion.pl\/en\/product\/stolik-niciak-eklektyczny-xix-w-okolo-1870-r-piekny-i-orginalny\/","title":{"rendered":"Stolik, niciak eklektyczny XIX w, oko\u0142o 1870 r pi\u0119kny i orginalny"},"content":{"rendered":"","protected":false},"excerpt":{"rendered":"<p>Stolik, niciak eklektyczny XIX w, oko\u0142o 1870 r pi\u0119kny i orginalny<\/p>\n<p>Z prostok\u0105tnym, odk\u0142adanym blatem z dwoma szufladkami (g\u00f3rn\u0105 pseudo-szufladk\u0105), wsparty na dw\u00f3ch tralkach, rozwidlonych u do\u0142u w esowate dw\u00f3jnogi i spi\u0119tych tralk\u0105. Wn\u0119trze po od\u0142o\u017ceniu blatu z czterema przegr\u00f3dkami, z kt\u00f3rych jedna zakryta falistym wieczkiem na zawiasie, z poduszka igielnika od spodu.<\/p>\n<p>Mebel w stylu eklektycznym, o typowej formie, przeznaczony do przechowywania rob\u00f3tek. Tzw. niciaki by\u0142y w XIX wieku bardzo popularne.<\/p>\n<p>Stan: bardzo dobry orginalny widoczne lekkie \u015blady u\u017cytkowania<\/p>\n<p>Pochodzenie: Europa Polska<\/p>\n<p>Material: walnut<\/p>\n<p>Wymiary:\u00a0 wysoko\u015b\u0107 77 cm, szeroko\u015b\u0107 52,5,\u00a0 g\u0142\u0119boko\u015b\u0107 43,5 cm<\/p>\n<p>Polecam bardzo atrakcyjna cena mebla<\/p>","protected":false},"featured_media":11190,"comment_status":"closed","ping_status":"closed","template":"","meta":[],"product_cat":[17,33],"product_tag":[],"class_list":{"0":"post-11189","1":"product","2":"type-product","3":"status-publish","4":"has-post-thumbnail","6":"product_cat-meble","7":"product_cat-stoly-stoliki","9":"entry","10":"has-media","12":"first","13":"instock","14":"taxable","15":"shipping-taxable","16":"purchasable","17":"product-type-simple","18":"has-product-nav","19":"col","20":"span_1_of_3","21":"owp-content-center","22":"owp-thumbs-layout-horizontal","23":"owp-btn-normal","24":"owp-tabs-layout-horizontal"},"aioseo_notices":[],"_links":{"self":[{"href":"https:\/\/antykilion.pl\/en\/wp-json\/wp\/v2\/product\/11189","targetHints":{"allow":["GET"]}}],"collection":[{"href":"https:\/\/antykilion.pl\/en\/wp-json\/wp\/v2\/product"}],"about":[{"href":"https:\/\/antykilion.pl\/en\/wp-json\/wp\/v2\/types\/product"}],"replies":[{"embeddable":true,"href":"https:\/\/antykilion.pl\/en\/wp-json\/wp\/v2\/comments?post=11189"}],"wp:featuredmedia":[{"embeddable":true,"href":"https:\/\/antykilion.pl\/en\/wp-json\/wp\/v2\/media\/11190"}],"wp:attachment":[{"href":"https:\/\/antykilion.pl\/en\/wp-json\/wp\/v2\/media?parent=11189"}],"wp:term":[{"taxonomy":"product_cat","embeddable":true,"href":"https:\/\/antykilion.pl\/en\/wp-json\/wp\/v2\/product_cat?post=11189"},{"taxonomy":"product_tag","embeddable":true,"href":"https:\/\/antykilion.pl\/en\/wp-json\/wp\/v2\/product_tag?post=11189"}],"curies":[{"name":"wp","href":"https:\/\/api.w.org\/{rel}","templated":true}]}}