{"id":11226,"date":"2026-05-12T09:34:16","date_gmt":"2026-05-12T07:34:16","guid":{"rendered":"https:\/\/antykilion.pl\/?post_type=product&#038;p=11226"},"modified":"2026-05-12T09:34:18","modified_gmt":"2026-05-12T07:34:18","slug":"szafka-barokowa-pomocnicza-tzw-fala-z-xviii-w-1730-r-ogromna-rzadkosc","status":"publish","type":"product","link":"https:\/\/antykilion.pl\/en\/product\/szafka-barokowa-pomocnicza-tzw-fala-z-xviii-w-1730-r-ogromna-rzadkosc\/","title":{"rendered":"Szafka barokowa, pomocnicza tzw fala z XVIII w 1730 r, ogromna rzadko\u015b\u0107 !!!"},"content":{"rendered":"","protected":false},"excerpt":{"rendered":"<p>Szafka barokowa, pomocnicza tzw fala z XVIII w 1730 r, ogromna rzadko\u015b\u0107 !!!<\/p>\n<p>O konstrukcji wie\u0144cowej o prostych bokach, \u015bci\u0119tych frontowych naro\u017cach z falistymi poduchami, zamykana dwuskrzyd\u0142owo wyko\u0144czonych falistymi poduchami, zwie\u0144czona rozszerzaj\u0105cym si\u0119 ku g\u00f3rze, profilowanym, prosto zamkni\u0119tym wie\u0144cem g\u00f3rnym, wsparta na lekkim wie\u0144cu dolnym tak\u017ce profilowanym oraz na czterech nogach, fornirowana wzorzyst\u0105 oklein\u0105 orzechowa, ozdobiona intarsjowanymi geometrycznymi.<\/p>\n<p>Szyldy kluczyny mosi\u0119\u017cne, pod\u0142u\u017cne, faliste na obrze\u017cu, koronkowe z kratk\u0105 regencyjn\u0105 i li\u015b\u0107mi ujmuj\u0105cymi kartuszowy szyld (lewy \u015blepy). Zamek stalowy, przyk\u0142adano wpuszczany dwuryglowy. Plecy deskowe, ko\u0142kowane<\/p>\n<p>Szafa wykonana na terenie po\u0142udniowych Niemiec oko\u0142o po\u0142owy XVIII wieku.<\/p>\n<p>Produkcja<\/p>\n<p>Producent: anonim<\/p>\n<p>Miejsce produkcji: Frankfurt<\/p>\n<p>Data: 1730<\/p>\n<p>Materia\u0142: orzech oraz inne w intarsjach<\/p>\n<p>Wymiary: wysoko\u015b\u0107 107, szeroko\u015b\u0107 124, g\u0142\u0119boko\u015b\u0107 50<\/p>\n<p>Stan: bardzo dobry jak na orginalny, !!!!!, lekkie wygi\u0119cia i drobne uszkodzenia blatu<\/p>\n<p>Pi\u0119kny mebel!!!<\/p>\n<p>Nie spotka\u0142em si\u0119 jeszcze na rynku antykwarycznym z szaf\u0105 Frankfurdzk\u0105 tych rozmiar\u00f3w, ogromna rzadko\u015b\u0107 !!!!<\/p>","protected":false},"featured_media":11227,"comment_status":"closed","ping_status":"closed","template":"","meta":[],"product_cat":[17,34],"product_tag":[],"class_list":{"0":"post-11226","1":"product","2":"type-product","3":"status-publish","4":"has-post-thumbnail","6":"product_cat-meble","7":"product_cat-szafy","9":"entry","10":"has-media","12":"first","13":"instock","14":"taxable","15":"shipping-taxable","16":"purchasable","17":"product-type-simple","18":"has-product-nav","19":"col","20":"span_1_of_3","21":"owp-content-center","22":"owp-thumbs-layout-horizontal","23":"owp-btn-normal","24":"owp-tabs-layout-horizontal"},"aioseo_notices":[],"_links":{"self":[{"href":"https:\/\/antykilion.pl\/en\/wp-json\/wp\/v2\/product\/11226","targetHints":{"allow":["GET"]}}],"collection":[{"href":"https:\/\/antykilion.pl\/en\/wp-json\/wp\/v2\/product"}],"about":[{"href":"https:\/\/antykilion.pl\/en\/wp-json\/wp\/v2\/types\/product"}],"replies":[{"embeddable":true,"href":"https:\/\/antykilion.pl\/en\/wp-json\/wp\/v2\/comments?post=11226"}],"wp:featuredmedia":[{"embeddable":true,"href":"https:\/\/antykilion.pl\/en\/wp-json\/wp\/v2\/media\/11227"}],"wp:attachment":[{"href":"https:\/\/antykilion.pl\/en\/wp-json\/wp\/v2\/media?parent=11226"}],"wp:term":[{"taxonomy":"product_cat","embeddable":true,"href":"https:\/\/antykilion.pl\/en\/wp-json\/wp\/v2\/product_cat?post=11226"},{"taxonomy":"product_tag","embeddable":true,"href":"https:\/\/antykilion.pl\/en\/wp-json\/wp\/v2\/product_tag?post=11226"}],"curies":[{"name":"wp","href":"https:\/\/api.w.org\/{rel}","templated":true}]}}