{"id":1720,"date":"2020-02-09T19:05:23","date_gmt":"2020-02-09T18:05:23","guid":{"rendered":"https:\/\/antykilion.pl\/?post_type=product&#038;p=1720"},"modified":"2021-09-03T14:16:41","modified_gmt":"2021-09-03T12:16:41","slug":"gunther-erwin-carl-wilhelm-gunter-1864-1927-sztorm-z-lodziami","status":"publish","type":"product","link":"https:\/\/antykilion.pl\/en\/product\/gunther-erwin-carl-wilhelm-gunter-1864-1927-sztorm-z-lodziami\/","title":{"rendered":"(G\u00fcnther) Erwin Carl Wilhelm G\u00fcnter (1864-1927), storm with boats"},"content":{"rendered":"<p>(G\u00fcnther) Erwin Carl Wilhelm G\u00fcnter (1864-1927)<\/p>\n<p>G\u00fcnther studied painting at the Kunstakademie D\u00fcsseldorf. There his teacher was Olof Jernberg. In D\u00fcsseldorf, where he became a member of the Malkasten art association, he established himself as a sea painter. He made numerous trips around Europe, from 1890 to the Netherlands, as well as to Egypt and other African countries. From 1891 he was represented at exhibitions at the Munich Glass Palace, and from 1893 at the Great Berlin Art Exhibition. For the German sea pavilion at the World Fair in Paris in 1900. He made large decorative paintings.<\/p>","protected":false},"excerpt":{"rendered":"<p>(G\u00fcnther) Erwin Carl Wilhelm G\u00fcnter (1864-1927), storm with boats.<br \/>\nTechnique: oil on canvas<br \/>\nCondition: very good small scratches on the lower left corner<br \/>\nSignature: Lower left corner<br \/>\nDimensions: with a frame 113 cm by 163 cm<br \/>\nBelow, information about the artist.<\/p>","protected":false},"featured_media":1721,"comment_status":"closed","ping_status":"closed","template":"","meta":[],"product_cat":[41,39,40],"product_tag":[],"class_list":{"0":"post-1720","1":"product","2":"type-product","3":"status-publish","4":"has-post-thumbnail","6":"product_cat-malarstwo-dawne","7":"product_cat-dziela-sztuki","8":"product_cat-malarstwo","10":"entry","11":"has-media","13":"first","14":"instock","15":"taxable","16":"shipping-taxable","17":"purchasable","18":"product-type-simple","19":"has-product-nav","20":"col","21":"span_1_of_3","22":"owp-content-center","23":"owp-thumbs-layout-horizontal","24":"owp-btn-normal","25":"owp-tabs-layout-horizontal"},"aioseo_notices":[],"_links":{"self":[{"href":"https:\/\/antykilion.pl\/en\/wp-json\/wp\/v2\/product\/1720","targetHints":{"allow":["GET"]}}],"collection":[{"href":"https:\/\/antykilion.pl\/en\/wp-json\/wp\/v2\/product"}],"about":[{"href":"https:\/\/antykilion.pl\/en\/wp-json\/wp\/v2\/types\/product"}],"replies":[{"embeddable":true,"href":"https:\/\/antykilion.pl\/en\/wp-json\/wp\/v2\/comments?post=1720"}],"wp:featuredmedia":[{"embeddable":true,"href":"https:\/\/antykilion.pl\/en\/wp-json\/wp\/v2\/media\/1721"}],"wp:attachment":[{"href":"https:\/\/antykilion.pl\/en\/wp-json\/wp\/v2\/media?parent=1720"}],"wp:term":[{"taxonomy":"product_cat","embeddable":true,"href":"https:\/\/antykilion.pl\/en\/wp-json\/wp\/v2\/product_cat?post=1720"},{"taxonomy":"product_tag","embeddable":true,"href":"https:\/\/antykilion.pl\/en\/wp-json\/wp\/v2\/product_tag?post=1720"}],"curies":[{"name":"wp","href":"https:\/\/api.w.org\/{rel}","templated":true}]}}