{"id":1865,"date":"2020-02-10T15:01:02","date_gmt":"2020-02-10T14:01:02","guid":{"rendered":"https:\/\/antykilion.pl\/?post_type=product&#038;p=1865"},"modified":"2025-02-19T09:04:41","modified_gmt":"2025-02-19T08:04:41","slug":"zegar-wiszacy-koniec-xix-wieku-firmy-germania-swiebodzice-okolo-1890-roku-nr-2","status":"publish","type":"product","link":"https:\/\/antykilion.pl\/en\/product\/zegar-wiszacy-koniec-xix-wieku-firmy-germania-swiebodzice-okolo-1890-roku-nr-2\/","title":{"rendered":"Hanging clock at the end of the 19th century, by Germania \u015awiebodzice around 1890, No. 2"},"content":{"rendered":"<p>In \u015awiebodzice, formerly in the buildings at present J\u00f3zefa Pi\u0142sudskiego Street, there was one of the well-known clock companies in \u015awiebodzice called: Germania. Over its several decades of history, this company has experienced very turbulent events. In his history there were moments of growth and flowering, but also periods of disputes and lawsuits. Nevertheless, Germania is today considered a company that in the history of the \u015awiebodzkie clock industry can boast of a very significant number of clocks produced, in this respect only the Gustav Becker group.<\/p>\n<p>The factory opening date is today October 1, 1871. It is worth adding here that in the same year the creation of the German Empire with emperor Wilhelm I Hohenzollern was proclaimed (January 18, 1871), therefore, in memory of this memorable event, the founders of \u015awiebodzice the companies decided to call it Germania. The local company was an enterprise operating initially on the basis of cooperative (German: Genossenschaft), (1) or a voluntary association of 17 people, former employees of the Gustav Becker group, who decided to leave their employer and set up their own business.<\/p>","protected":false},"excerpt":{"rendered":"<p>Hanging clock at the end of the 19th century, by Germania \u015awiebodzice around 1890. No. 2<br \/>\nMaterial: walnut veneer<br \/>\nDimensions: length: about 135 cm, depth 17 cm, width: 43 cm.<br \/>\nCondition: very good after watchmaking<br \/>\nAll clocks in the gallery are in their original condition, they have never had anything made from casings and mechanisms, which is extremely rare today.<br \/>\nGermania is very rare on our market.<br \/>\nBelow is information on the origin.<\/p>","protected":false},"featured_media":1866,"comment_status":"closed","ping_status":"closed","template":"","meta":[],"product_cat":[53,51],"product_tag":[],"class_list":{"0":"post-1865","1":"product","2":"type-product","3":"status-publish","4":"has-post-thumbnail","6":"product_cat-zegary-wiszace","7":"product_cat-zegary","9":"entry","10":"has-media","12":"first","13":"instock","14":"taxable","15":"shipping-taxable","16":"purchasable","17":"product-type-simple","18":"has-product-nav","19":"col","20":"span_1_of_3","21":"owp-content-center","22":"owp-thumbs-layout-horizontal","23":"owp-btn-normal","24":"owp-tabs-layout-horizontal"},"aioseo_notices":[],"_links":{"self":[{"href":"https:\/\/antykilion.pl\/en\/wp-json\/wp\/v2\/product\/1865","targetHints":{"allow":["GET"]}}],"collection":[{"href":"https:\/\/antykilion.pl\/en\/wp-json\/wp\/v2\/product"}],"about":[{"href":"https:\/\/antykilion.pl\/en\/wp-json\/wp\/v2\/types\/product"}],"replies":[{"embeddable":true,"href":"https:\/\/antykilion.pl\/en\/wp-json\/wp\/v2\/comments?post=1865"}],"wp:featuredmedia":[{"embeddable":true,"href":"https:\/\/antykilion.pl\/en\/wp-json\/wp\/v2\/media\/1866"}],"wp:attachment":[{"href":"https:\/\/antykilion.pl\/en\/wp-json\/wp\/v2\/media?parent=1865"}],"wp:term":[{"taxonomy":"product_cat","embeddable":true,"href":"https:\/\/antykilion.pl\/en\/wp-json\/wp\/v2\/product_cat?post=1865"},{"taxonomy":"product_tag","embeddable":true,"href":"https:\/\/antykilion.pl\/en\/wp-json\/wp\/v2\/product_tag?post=1865"}],"curies":[{"name":"wp","href":"https:\/\/api.w.org\/{rel}","templated":true}]}}