{"id":2781,"date":"2020-05-16T11:32:31","date_gmt":"2020-05-16T09:32:31","guid":{"rendered":"https:\/\/antykilion.pl\/?post_type=product&#038;p=2781"},"modified":"2023-09-13T19:00:20","modified_gmt":"2023-09-13T17:00:20","slug":"pianoharpa-bardzo-rzadki-instrument-na-naszym-rynku-antykwarycznym-xix-w","status":"publish","type":"product","link":"https:\/\/antykilion.pl\/en\/product\/pianoharpa-bardzo-rzadki-instrument-na-naszym-rynku-antykwarycznym-xix-w\/","title":{"rendered":"Pianoharp, a very rare instrument on our antique market in the 19th century"},"content":{"rendered":"","protected":false},"excerpt":{"rendered":"<p>Pianoharp, a very rare instrument on our antique market in the 19th century<br \/>\nVery good condition<br \/>\ndimensions: length 80 cm, width 52 cm, height 78 cm<br \/>\nThe Piano Harp (hymn) or piano harp is called an instrument made of a pin roller similar to the one in a playing box, in which the pins in the shaft affect multiple felt sticks that strike the tone of the strings. The drum is cranked and can be moved sideways to play different melodies. The drum is also easy to release and replace to expand your repertoire. The same technique used on a street piano, but the piano harp has been built into various table forms. It is sometimes referred to as a small-town harp, as most of it was produced in N\u00e4ssja and N\u00e4shult in Sm\u00e5land in the 1880s, until the S\u00f6der N\u00e4ssja factory burned down in 1929.<\/p>\n<p>The invention is credited to the self-learning organ builder Johannes Magnusson in N\u00e4ssja, but the principle was previously known and applied in Europe to street piano, orchestration and other self-playing instruments. Piano harps were sold to schools and parishes where the teacher or priest could not play the instrument himself, but the market disappeared in the 1920s due to the progress of the gramophone.<\/p>","protected":false},"featured_media":2782,"comment_status":"closed","ping_status":"closed","template":"","meta":[],"product_cat":[16,55],"product_tag":[],"class_list":{"0":"post-2781","1":"product","2":"type-product","3":"status-publish","4":"has-post-thumbnail","6":"product_cat-inne","7":"product_cat-varia","9":"entry","10":"has-media","12":"first","13":"instock","14":"taxable","15":"shipping-taxable","16":"purchasable","17":"product-type-simple","18":"has-product-nav","19":"col","20":"span_1_of_3","21":"owp-content-center","22":"owp-thumbs-layout-horizontal","23":"owp-btn-normal","24":"owp-tabs-layout-horizontal"},"aioseo_notices":[],"_links":{"self":[{"href":"https:\/\/antykilion.pl\/en\/wp-json\/wp\/v2\/product\/2781","targetHints":{"allow":["GET"]}}],"collection":[{"href":"https:\/\/antykilion.pl\/en\/wp-json\/wp\/v2\/product"}],"about":[{"href":"https:\/\/antykilion.pl\/en\/wp-json\/wp\/v2\/types\/product"}],"replies":[{"embeddable":true,"href":"https:\/\/antykilion.pl\/en\/wp-json\/wp\/v2\/comments?post=2781"}],"wp:featuredmedia":[{"embeddable":true,"href":"https:\/\/antykilion.pl\/en\/wp-json\/wp\/v2\/media\/2782"}],"wp:attachment":[{"href":"https:\/\/antykilion.pl\/en\/wp-json\/wp\/v2\/media?parent=2781"}],"wp:term":[{"taxonomy":"product_cat","embeddable":true,"href":"https:\/\/antykilion.pl\/en\/wp-json\/wp\/v2\/product_cat?post=2781"},{"taxonomy":"product_tag","embeddable":true,"href":"https:\/\/antykilion.pl\/en\/wp-json\/wp\/v2\/product_tag?post=2781"}],"curies":[{"name":"wp","href":"https:\/\/api.w.org\/{rel}","templated":true}]}}