{"id":3183,"date":"2020-09-27T12:40:27","date_gmt":"2020-09-27T10:40:27","guid":{"rendered":"https:\/\/antykilion.pl\/?post_type=product&#038;p=3183"},"modified":"2021-09-03T14:16:48","modified_gmt":"2021-09-03T12:16:48","slug":"jerzy-kolacz-abstrakcja-okolo-1950-r-nr-2","status":"publish","type":"product","link":"https:\/\/antykilion.pl\/en\/product\/jerzy-kolacz-abstrakcja-okolo-1950-r-nr-2\/","title":{"rendered":"Jerzy Ko\u0142acz abstraction around 1950, No. 2"},"content":{"rendered":"","protected":false},"excerpt":{"rendered":"<p>Jerzy Ko\u0142acz abstraction around 1950<\/p>\n<p>Very good condition<\/p>\n<p>Technique: canvas oil<\/p>\n<p>Dimensions: length 80 cm, height 70 cm<\/p>\n<p>Jerzy Ko\u0142acz (1938\u22122009) - artist, painter, graphic artist, illustrator<\/p>\n<p>Jerzy Ko\u0142acz was born on October 16, 1938 in Czelad\u017a, Silesia. After the war, he and his family moved to Szczecin. He studied at the Academy of Fine Arts in Gda\u0144sk and the Academy of Fine Arts in Warsaw, which he graduated in 1962 with a diploma in the poster studio of Wojciech Tomaszewski and the painting studio of Wojciech Fangor. After graduation, he actively participated in the life of the Szczecin art community: he co-founded the local branch of the Union of Artists and Designers, was involved in the organization of the Contemporary Painting Festival, worked as a graphic editor at Wydawnictwo Artystyczno-Graficzne (1962-1974), designed posters, and above all painted and exhibited his works both in Poland (Szczecin, Gda\u0144sk, Warsaw, Zielona G\u00f3ra) and abroad (Sweden, Denmark, the Netherlands, Federal Republic of Germany, Hungary).<\/p>\n<p>In 1978 he emigrated to Sweden and then to Canada. In Toronto, where he spent thirty years of his life, he acted both as an illustrator, publishing in magazines around the world, and as a painter. After 1989, he visited Poland several times, including Szczecin (exhibition &quot;Memory Filters&quot;, 2008, Culture and Art Center in Wroc\u0142aw, Pomeranian Dukes&#039; Castle in Szczecin).<\/p>\n<p>From the very beginning, the artist&#039;s artistic work developed in two ways. In painting, he moved towards abstraction, completely devoid of figurative allusions, allusive, rich in texture and extremely sophisticated in color. In the poster, and then in the illustration, he uses a painterly figure, ironic, sometimes blunt, always witty.<\/p>\n<p>His works have been awarded both in Poland and abroad. In recognition of his overall creative activity, he was elected a member of the Royal Canadian Academy of Arts.<\/p>\n<p>He died on March 22, 2009 in Mexico. He is buried in Toronto. In 2010, on the initiative of the Szczecin-based &quot;Czas Przestrze\u0144 To\u017csamo\u015b\u0107&quot; Association, a Memory Tree was planted at the Central Cemetery, which honored Jerzy Ko\u0142acz as a person of merit for Szczecin.<\/p>","protected":false},"featured_media":3184,"comment_status":"closed","ping_status":"closed","template":"","meta":[],"product_cat":[39,40,42],"product_tag":[],"class_list":{"0":"post-3183","1":"product","2":"type-product","3":"status-publish","4":"has-post-thumbnail","6":"product_cat-dziela-sztuki","7":"product_cat-malarstwo","8":"product_cat-malartswo-wspolczesne","10":"entry","11":"has-media","13":"first","14":"instock","15":"taxable","16":"shipping-taxable","17":"purchasable","18":"product-type-simple","19":"has-product-nav","20":"col","21":"span_1_of_3","22":"owp-content-center","23":"owp-thumbs-layout-horizontal","24":"owp-btn-normal","25":"owp-tabs-layout-horizontal"},"aioseo_notices":[],"_links":{"self":[{"href":"https:\/\/antykilion.pl\/en\/wp-json\/wp\/v2\/product\/3183","targetHints":{"allow":["GET"]}}],"collection":[{"href":"https:\/\/antykilion.pl\/en\/wp-json\/wp\/v2\/product"}],"about":[{"href":"https:\/\/antykilion.pl\/en\/wp-json\/wp\/v2\/types\/product"}],"replies":[{"embeddable":true,"href":"https:\/\/antykilion.pl\/en\/wp-json\/wp\/v2\/comments?post=3183"}],"wp:featuredmedia":[{"embeddable":true,"href":"https:\/\/antykilion.pl\/en\/wp-json\/wp\/v2\/media\/3184"}],"wp:attachment":[{"href":"https:\/\/antykilion.pl\/en\/wp-json\/wp\/v2\/media?parent=3183"}],"wp:term":[{"taxonomy":"product_cat","embeddable":true,"href":"https:\/\/antykilion.pl\/en\/wp-json\/wp\/v2\/product_cat?post=3183"},{"taxonomy":"product_tag","embeddable":true,"href":"https:\/\/antykilion.pl\/en\/wp-json\/wp\/v2\/product_tag?post=3183"}],"curies":[{"name":"wp","href":"https:\/\/api.w.org\/{rel}","templated":true}]}}