{"id":3259,"date":"2020-10-01T17:53:11","date_gmt":"2020-10-01T15:53:11","guid":{"rendered":"https:\/\/antykilion.pl\/?post_type=product&#038;p=3259"},"modified":"2021-09-03T14:16:48","modified_gmt":"2021-09-03T12:16:48","slug":"wazon-xviii-w-delft-pieter-adriaen-pynacker","status":"publish","type":"product","link":"https:\/\/antykilion.pl\/en\/product\/wazon-xviii-w-delft-pieter-adriaen-pynacker\/","title":{"rendered":"VASE, 18th century Delft, Pieter Adriaen Pynacker"},"content":{"rendered":"","protected":false},"excerpt":{"rendered":"<p>WAZON, XVIII w.<\/p>\n<p>Delft, Pieter Adriaen Pynacker (w\u0142a\u015bciciel warsztatu &#8220;De Grieksche A&#8221;)<br \/>\nFajans (glina kremowa), kobalt podszkliwny, szkliwo cynowe<br \/>\nwys. 47 cm, sygnowany kobaltem podszkliwnym &#8220;PAK&#8221; (na spodzie)<br \/>\nstan zachowania: bardzo minimalne usterki szkliwa praktycznie nie widoczne<br \/>\nWazon o\u015bmioboczny z pokryw\u0105, o wysokiej, rozszerzaj\u0105cej si\u0119 ku do\u0142owi nodze, kulistym brzu\u015bcu, z nisk\u0105, cylindryczn\u0105 szyj\u0105. Pokrywa kopu\u0142owa o podziale o\u015bmiobocznym i kanelowanych \u015bciankach, z wydatnym ko\u0142nierzem. Uchwyt w kszta\u0142cie papugi z owocem.<br \/>\nStopa i brzusiec pokryty motywami chi\u0144skimi r\u00f3\u017cnej wielko\u015bci i kszta\u0142tu, na tle drobnych gwiazdek i rzut\u00f3w ro\u015blinnych. W g\u00f3rnej cz\u0119\u015bci naczynia stylizowana koronka z wplecionymi motywami kwiatowymi. Na szyi spiralna wi\u0107 (chi\u0144ski motyw p\u0142omieni?).<br \/>\nWazon pochodzi z garnituru kominkowego, zw. kaststel (hol. kast &#8211; szafa, stel &#8211; komplet), z\u0142o\u017conego z nieparzystej liczby naczy\u0144 (od trzech do dziewi\u0119ciu) o r\u00f3\u017cnych kszta\u0142tach (np. flet, wazon gruszkowaty, potiche lub tykwa) i identycznej dekoracji. W zestawach tych jeden typ naczy\u0144 wyst\u0119powa\u0142 pojedynczo, pozosta\u0142e tworzy\u0142y pary. Najcz\u0119\u015bciej na\u015bladowa\u0142y one zar\u00f3wno kszta\u0142t naczy\u0144 dalekowschodnich, jak i b\u0142\u0119kitno-bia\u0142\u0105 dekoracj\u0119. Ustawiane na gzymsach szaf lub komink\u00f3w upowszechni\u0142y si\u0119 w XVIII wieku, gdzie stanowi\u0142y charakterystyczne uzupe\u0142nienie holenderskich wn\u0119trz.<br \/>\nJednym z typowych wzor\u00f3w zdobi\u0105cych garniturowe zestawy, obok popularnego tzw. kaszmiru z lambrekinami, by\u0142 bia\u0142o-niebieski motyw kwiatowy nazywany przez Holendr\u00f3w paterseliedekor (pietruszkowy), w kt\u00f3rym dekoracj\u0119 tworzy\u0142y drobne listki, gwiazdki i spiralki, z wplecionymi we\u0144 r\u00f3\u017cyczkami, peoniami lub egzotycznymi ptakami. Kompozycj\u0119 uzupe\u0142nia\u0142y stylizowane lambrekiny lub koronki (umieszczane na stopie lub u g\u00f3ry brzu\u015bca).<br \/>\nOferowany wazon pochodzi zapewne z wytw\u00f3rni &#8220;De Grieksche A&#8221; (za\u0142o\u017conej w 1658 roku przez Woutera van Eenhorna), gdy w\u0142a\u015bcicielem zak\u0142adu w latach 1701-1703 by\u0142 Pieter Adriaensz Kocks. Wyroby z tego okresu wyr\u00f3\u017cniaj\u0105 si\u0119 du\u017c\u0105 elegancj\u0105 form, finezj\u0105 rysunku i subteln\u0105 malatur\u0105 camaieu bleu.<\/p>","protected":false},"featured_media":3260,"comment_status":"closed","ping_status":"closed","template":"","meta":[],"product_cat":[50],"product_tag":[],"class_list":{"0":"post-3259","1":"product","2":"type-product","3":"status-publish","4":"has-post-thumbnail","6":"product_cat-porcelana-i-fajans","8":"entry","9":"has-media","11":"first","12":"instock","13":"taxable","14":"shipping-taxable","15":"purchasable","16":"product-type-simple","17":"has-product-nav","18":"col","19":"span_1_of_3","20":"owp-content-center","21":"owp-thumbs-layout-horizontal","22":"owp-btn-normal","23":"owp-tabs-layout-horizontal"},"aioseo_notices":[],"_links":{"self":[{"href":"https:\/\/antykilion.pl\/en\/wp-json\/wp\/v2\/product\/3259","targetHints":{"allow":["GET"]}}],"collection":[{"href":"https:\/\/antykilion.pl\/en\/wp-json\/wp\/v2\/product"}],"about":[{"href":"https:\/\/antykilion.pl\/en\/wp-json\/wp\/v2\/types\/product"}],"replies":[{"embeddable":true,"href":"https:\/\/antykilion.pl\/en\/wp-json\/wp\/v2\/comments?post=3259"}],"wp:featuredmedia":[{"embeddable":true,"href":"https:\/\/antykilion.pl\/en\/wp-json\/wp\/v2\/media\/3260"}],"wp:attachment":[{"href":"https:\/\/antykilion.pl\/en\/wp-json\/wp\/v2\/media?parent=3259"}],"wp:term":[{"taxonomy":"product_cat","embeddable":true,"href":"https:\/\/antykilion.pl\/en\/wp-json\/wp\/v2\/product_cat?post=3259"},{"taxonomy":"product_tag","embeddable":true,"href":"https:\/\/antykilion.pl\/en\/wp-json\/wp\/v2\/product_tag?post=3259"}],"curies":[{"name":"wp","href":"https:\/\/api.w.org\/{rel}","templated":true}]}}