{"id":3296,"date":"2020-10-09T10:37:28","date_gmt":"2020-10-09T08:37:28","guid":{"rendered":"https:\/\/antykilion.pl\/?post_type=product&#038;p=3296"},"modified":"2025-02-28T13:07:06","modified_gmt":"2025-02-28T12:07:06","slug":"rudolf-anton-guba-1884-1950-lodzie-rybackie-przy-brzegu","status":"publish","type":"product","link":"https:\/\/antykilion.pl\/en\/product\/rudolf-anton-guba-1884-1950-lodzie-rybackie-przy-brzegu\/","title":{"rendered":"RUDOLF ANTON GUBA (1884-1950): Fishing boats off the shore"},"content":{"rendered":"<p>RUDOLF ANTON GUBA (1884-1950): Fishing boats off the shore<\/p>\n<p>Very decorative painting. I recommend beautiful.<\/p>\n<p>Very good condition of the canvas, the frame with small chips<\/p>\n<p>Technique: oil on canvas<\/p>\n<p>Dimensions: 80 cm by 100 cm without a wound<\/p>","protected":false},"excerpt":{"rendered":"<p>RUDOLF ANTON GUBA (1884-1950): \u0141odzie rybackie przy brzegu Malarstwo bardzo dekoracyjne. Polecam pi\u0119kny. Stan p\u0142\u00f3tna\u00a0 bardzo dobry, rama drobne odpryski Technika: olej p\u0142\u00f3tno Wymiary: bez rany 80 cm na 100 cm<\/p>","protected":false},"featured_media":3297,"comment_status":"closed","ping_status":"closed","template":"","meta":[],"product_cat":[41,39,40],"product_tag":[],"class_list":{"0":"post-3296","1":"product","2":"type-product","3":"status-publish","4":"has-post-thumbnail","6":"product_cat-malarstwo-dawne","7":"product_cat-dziela-sztuki","8":"product_cat-malarstwo","10":"entry","11":"has-media","13":"first","14":"instock","15":"taxable","16":"shipping-taxable","17":"purchasable","18":"product-type-simple","19":"has-product-nav","20":"col","21":"span_1_of_3","22":"owp-content-center","23":"owp-thumbs-layout-horizontal","24":"owp-btn-normal","25":"owp-tabs-layout-horizontal"},"aioseo_notices":[],"_links":{"self":[{"href":"https:\/\/antykilion.pl\/en\/wp-json\/wp\/v2\/product\/3296","targetHints":{"allow":["GET"]}}],"collection":[{"href":"https:\/\/antykilion.pl\/en\/wp-json\/wp\/v2\/product"}],"about":[{"href":"https:\/\/antykilion.pl\/en\/wp-json\/wp\/v2\/types\/product"}],"replies":[{"embeddable":true,"href":"https:\/\/antykilion.pl\/en\/wp-json\/wp\/v2\/comments?post=3296"}],"wp:featuredmedia":[{"embeddable":true,"href":"https:\/\/antykilion.pl\/en\/wp-json\/wp\/v2\/media\/3297"}],"wp:attachment":[{"href":"https:\/\/antykilion.pl\/en\/wp-json\/wp\/v2\/media?parent=3296"}],"wp:term":[{"taxonomy":"product_cat","embeddable":true,"href":"https:\/\/antykilion.pl\/en\/wp-json\/wp\/v2\/product_cat?post=3296"},{"taxonomy":"product_tag","embeddable":true,"href":"https:\/\/antykilion.pl\/en\/wp-json\/wp\/v2\/product_tag?post=3296"}],"curies":[{"name":"wp","href":"https:\/\/api.w.org\/{rel}","templated":true}]}}