{"id":3553,"date":"2021-02-06T11:45:27","date_gmt":"2021-02-06T10:45:27","guid":{"rendered":"https:\/\/antykilion.pl\/?post_type=product&#038;p=3553"},"modified":"2021-09-03T14:16:50","modified_gmt":"2021-09-03T12:16:50","slug":"serwis-paryz-sygnowany-koniec-xviii-w-unikat","status":"publish","type":"product","link":"https:\/\/antykilion.pl\/en\/product\/serwis-paryz-sygnowany-koniec-xviii-w-unikat\/","title":{"rendered":"The Paris service signed at the end of the 18th century, Unique!"},"content":{"rendered":"","protected":false},"excerpt":{"rendered":"<p>Przepi\u0119kny serwis z ko\u0144ca XVIII wieku sygnowany, Francja najprawdopodobniej wytw\u00f3rnia Paryska<\/p>\n<p>serwis sk\u0142ada si\u0119 z dw\u00f3ch dzbank\u00f3w jeden do kawy, drugi do herbaty<\/p>\n<p>cukiernica<\/p>\n<p>mlecznik<\/p>\n<p>misa<\/p>\n<p>12 fili\u017canek jedna\u00a0 ma male\u0144ki chip<\/p>\n<p>12 spodk\u00f3w pod fili\u017canki<\/p>\n<p>Z ca\u0142\u0105 pewno\u015bci\u0105 unikat na rynku antykwarycznym, ogromna rzadko\u015b\u0107<\/p>\n<p>okazja cenowa !!!!<\/p>","protected":false},"featured_media":3554,"comment_status":"closed","ping_status":"closed","template":"","meta":[],"product_cat":[50],"product_tag":[],"class_list":{"0":"post-3553","1":"product","2":"type-product","3":"status-publish","4":"has-post-thumbnail","6":"product_cat-porcelana-i-fajans","8":"entry","9":"has-media","11":"first","12":"instock","13":"taxable","14":"shipping-taxable","15":"purchasable","16":"product-type-simple","17":"has-product-nav","18":"col","19":"span_1_of_3","20":"owp-content-center","21":"owp-thumbs-layout-horizontal","22":"owp-btn-normal","23":"owp-tabs-layout-horizontal"},"aioseo_notices":[],"_links":{"self":[{"href":"https:\/\/antykilion.pl\/en\/wp-json\/wp\/v2\/product\/3553","targetHints":{"allow":["GET"]}}],"collection":[{"href":"https:\/\/antykilion.pl\/en\/wp-json\/wp\/v2\/product"}],"about":[{"href":"https:\/\/antykilion.pl\/en\/wp-json\/wp\/v2\/types\/product"}],"replies":[{"embeddable":true,"href":"https:\/\/antykilion.pl\/en\/wp-json\/wp\/v2\/comments?post=3553"}],"wp:featuredmedia":[{"embeddable":true,"href":"https:\/\/antykilion.pl\/en\/wp-json\/wp\/v2\/media\/3554"}],"wp:attachment":[{"href":"https:\/\/antykilion.pl\/en\/wp-json\/wp\/v2\/media?parent=3553"}],"wp:term":[{"taxonomy":"product_cat","embeddable":true,"href":"https:\/\/antykilion.pl\/en\/wp-json\/wp\/v2\/product_cat?post=3553"},{"taxonomy":"product_tag","embeddable":true,"href":"https:\/\/antykilion.pl\/en\/wp-json\/wp\/v2\/product_tag?post=3553"}],"curies":[{"name":"wp","href":"https:\/\/api.w.org\/{rel}","templated":true}]}}