{"id":3633,"date":"2021-02-10T11:07:49","date_gmt":"2021-02-10T10:07:49","guid":{"rendered":"https:\/\/antykilion.pl\/?post_type=product&#038;p=3633"},"modified":"2025-07-17T15:54:37","modified_gmt":"2025-07-17T13:54:37","slug":"pejzaz-malarza-mulhousien-alfreda-eugenea-koechlina-1845-1878","status":"publish","type":"product","link":"https:\/\/antykilion.pl\/en\/product\/pejzaz-malarza-mulhousien-alfreda-eugenea-koechlina-1845-1878\/","title":{"rendered":"Pejza\u017c malarza Mulhousien,  Alfreda-Eug\u00e8ne&#8217;a Koechlina (1845-1878)"},"content":{"rendered":"","protected":false},"excerpt":{"rendered":"<p>Pejza\u017c malarza Mulhousien, Alfreda-Eug\u00e8ne&#8217;a Koechlina (1845-1878)<\/p>\n<p>bardzo \u0142adny obraz.<\/p>\n<p>Technique: oil on canvas<\/p>\n<p>Very good condition.<\/p>\n<p>Autor Alfreda-Eug\u00e8ne&#8217;a Koechlina (1845-1878)<\/p>\n<p>Wymiary: p\u0142\u00f3tno 74 cm \u00d7 60 cm + rama oko\u0142o 10 cm z ka\u017cdej strony \u0142adny i du\u017cy<\/p>\n<p>Obraz notowany na artnet.com<\/p>\n<p>http:\/\/www.artnet.com\/artists\/alfred-eugene-koechlin\/<\/p>","protected":false},"featured_media":3634,"comment_status":"closed","ping_status":"closed","template":"","meta":[],"product_cat":[41,39,40],"product_tag":[],"class_list":{"0":"post-3633","1":"product","2":"type-product","3":"status-publish","4":"has-post-thumbnail","6":"product_cat-malarstwo-dawne","7":"product_cat-dziela-sztuki","8":"product_cat-malarstwo","10":"entry","11":"has-media","13":"first","14":"instock","15":"taxable","16":"shipping-taxable","17":"purchasable","18":"product-type-simple","19":"has-product-nav","20":"col","21":"span_1_of_3","22":"owp-content-center","23":"owp-thumbs-layout-horizontal","24":"owp-btn-normal","25":"owp-tabs-layout-horizontal"},"aioseo_notices":[],"_links":{"self":[{"href":"https:\/\/antykilion.pl\/en\/wp-json\/wp\/v2\/product\/3633","targetHints":{"allow":["GET"]}}],"collection":[{"href":"https:\/\/antykilion.pl\/en\/wp-json\/wp\/v2\/product"}],"about":[{"href":"https:\/\/antykilion.pl\/en\/wp-json\/wp\/v2\/types\/product"}],"replies":[{"embeddable":true,"href":"https:\/\/antykilion.pl\/en\/wp-json\/wp\/v2\/comments?post=3633"}],"wp:featuredmedia":[{"embeddable":true,"href":"https:\/\/antykilion.pl\/en\/wp-json\/wp\/v2\/media\/3634"}],"wp:attachment":[{"href":"https:\/\/antykilion.pl\/en\/wp-json\/wp\/v2\/media?parent=3633"}],"wp:term":[{"taxonomy":"product_cat","embeddable":true,"href":"https:\/\/antykilion.pl\/en\/wp-json\/wp\/v2\/product_cat?post=3633"},{"taxonomy":"product_tag","embeddable":true,"href":"https:\/\/antykilion.pl\/en\/wp-json\/wp\/v2\/product_tag?post=3633"}],"curies":[{"name":"wp","href":"https:\/\/api.w.org\/{rel}","templated":true}]}}