{"id":3638,"date":"2021-02-10T15:24:43","date_gmt":"2021-02-10T14:24:43","guid":{"rendered":"https:\/\/antykilion.pl\/?post_type=product&#038;p=3638"},"modified":"2025-12-22T05:39:00","modified_gmt":"2025-12-22T04:39:00","slug":"zyrandol-krysztalowy-xix-wiek-rzadkosc-piekny","status":"publish","type":"product","link":"https:\/\/antykilion.pl\/en\/product\/zyrandol-krysztalowy-xix-wiek-rzadkosc-piekny\/","title":{"rendered":"\u017byrandol kryszta\u0142owy, XIX wiek rzadko\u015b\u0107, pi\u0119kny!!!"},"content":{"rendered":"","protected":false},"excerpt":{"rendered":"<p>\u017byrandol kryszta\u0142owy, XIX wiek rzadko\u015b\u0107, pi\u0119kny!!!<br \/>\nTyp uhonorowany Oscarem, 6-ramienny, r\u00f3\u017cnie ci\u0119te kryszta\u0142y na z\u0142oconej ramie, ramka szklana,<br \/>\nWymiary: wysoko\u015b\u0107 ok. 90, \u015brednica ok. 50 cm,<br \/>\nStan: bardzo dobry, przebarwienia storczynek, przerobiony na elektryczny<br \/>\nOrigin: Europe <\/p>","protected":false},"featured_media":3639,"comment_status":"closed","ping_status":"closed","template":"","meta":[],"product_cat":[47],"product_tag":[],"class_list":{"0":"post-3638","1":"product","2":"type-product","3":"status-publish","4":"has-post-thumbnail","6":"product_cat-oswietlenie","8":"entry","9":"has-media","11":"first","12":"instock","13":"taxable","14":"shipping-taxable","15":"purchasable","16":"product-type-simple","17":"has-product-nav","18":"col","19":"span_1_of_3","20":"owp-content-center","21":"owp-thumbs-layout-horizontal","22":"owp-btn-normal","23":"owp-tabs-layout-horizontal"},"aioseo_notices":[],"_links":{"self":[{"href":"https:\/\/antykilion.pl\/en\/wp-json\/wp\/v2\/product\/3638","targetHints":{"allow":["GET"]}}],"collection":[{"href":"https:\/\/antykilion.pl\/en\/wp-json\/wp\/v2\/product"}],"about":[{"href":"https:\/\/antykilion.pl\/en\/wp-json\/wp\/v2\/types\/product"}],"replies":[{"embeddable":true,"href":"https:\/\/antykilion.pl\/en\/wp-json\/wp\/v2\/comments?post=3638"}],"wp:featuredmedia":[{"embeddable":true,"href":"https:\/\/antykilion.pl\/en\/wp-json\/wp\/v2\/media\/3639"}],"wp:attachment":[{"href":"https:\/\/antykilion.pl\/en\/wp-json\/wp\/v2\/media?parent=3638"}],"wp:term":[{"taxonomy":"product_cat","embeddable":true,"href":"https:\/\/antykilion.pl\/en\/wp-json\/wp\/v2\/product_cat?post=3638"},{"taxonomy":"product_tag","embeddable":true,"href":"https:\/\/antykilion.pl\/en\/wp-json\/wp\/v2\/product_tag?post=3638"}],"curies":[{"name":"wp","href":"https:\/\/api.w.org\/{rel}","templated":true}]}}