{"id":3643,"date":"2021-02-10T15:45:50","date_gmt":"2021-02-10T14:45:50","guid":{"rendered":"https:\/\/antykilion.pl\/?post_type=product&#038;p=3643"},"modified":"2023-03-04T14:39:40","modified_gmt":"2023-03-04T13:39:40","slug":"zestaw-toaletowy-5-czesciowy-srebro-i-krysztal","status":"publish","type":"product","link":"https:\/\/antykilion.pl\/en\/product\/zestaw-toaletowy-5-czesciowy-srebro-i-krysztal\/","title":{"rendered":"ZESTAW TOALETOWY, 5 cz\u0119\u015bciowy srebro i kryszta\u0142,"},"content":{"rendered":"","protected":false},"excerpt":{"rendered":"<p>ZESTAW TOALETOWY, 5 cz\u0119\u015bciowy srebro i kryszta\u0142, sk\u0142adaj\u0105cy si\u0119 z: lusterka r\u0119cznego, 3 pude\u0142ek\u00a0 i 1 butelki, CG Hallberg, koniec XIX wieku lustro<\/p>\n<p>Wymiary: d\u0142ugo\u015b\u0107\u00a0 najd\u0142u\u017cszego elementu 24 cm, wysoko\u015b\u0107 oko\u0142o 5-14 cm<\/p>\n<p>Materia\u0142: Srebro Pr\u00f3ba 830, CG Hallberg<\/p>\n<p>Pochodzenie: CG Hallberg z\u0142otnik, jubiler jeden z najlepszych na terenie Szwecji jego wyroby sprzedaj\u0105 si\u0119 za bardzo wysokie kwoty na aukcjach ca\u0142ego \u015bwiata<\/p>\n<p>Very good condition<\/p>","protected":false},"featured_media":3644,"comment_status":"closed","ping_status":"closed","template":"","meta":[],"product_cat":[46,49],"product_tag":[],"class_list":{"0":"post-3643","1":"product","2":"type-product","3":"status-publish","4":"has-post-thumbnail","6":"product_cat-srebra-i-platery","7":"product_cat-szklo","9":"entry","10":"has-media","12":"first","13":"instock","14":"taxable","15":"shipping-taxable","16":"purchasable","17":"product-type-simple","18":"has-product-nav","19":"col","20":"span_1_of_3","21":"owp-content-center","22":"owp-thumbs-layout-horizontal","23":"owp-btn-normal","24":"owp-tabs-layout-horizontal"},"aioseo_notices":[],"_links":{"self":[{"href":"https:\/\/antykilion.pl\/en\/wp-json\/wp\/v2\/product\/3643","targetHints":{"allow":["GET"]}}],"collection":[{"href":"https:\/\/antykilion.pl\/en\/wp-json\/wp\/v2\/product"}],"about":[{"href":"https:\/\/antykilion.pl\/en\/wp-json\/wp\/v2\/types\/product"}],"replies":[{"embeddable":true,"href":"https:\/\/antykilion.pl\/en\/wp-json\/wp\/v2\/comments?post=3643"}],"wp:featuredmedia":[{"embeddable":true,"href":"https:\/\/antykilion.pl\/en\/wp-json\/wp\/v2\/media\/3644"}],"wp:attachment":[{"href":"https:\/\/antykilion.pl\/en\/wp-json\/wp\/v2\/media?parent=3643"}],"wp:term":[{"taxonomy":"product_cat","embeddable":true,"href":"https:\/\/antykilion.pl\/en\/wp-json\/wp\/v2\/product_cat?post=3643"},{"taxonomy":"product_tag","embeddable":true,"href":"https:\/\/antykilion.pl\/en\/wp-json\/wp\/v2\/product_tag?post=3643"}],"curies":[{"name":"wp","href":"https:\/\/api.w.org\/{rel}","templated":true}]}}