{"id":3675,"date":"2021-02-20T19:37:58","date_gmt":"2021-02-20T18:37:58","guid":{"rendered":"https:\/\/antykilion.pl\/?post_type=product&#038;p=3675"},"modified":"2021-09-03T14:16:50","modified_gmt":"2021-09-03T12:16:50","slug":"najpiekniejsza-komoda-z-okresu-regencji-pierwsza-polowa-xviii-wiek","status":"publish","type":"product","link":"https:\/\/antykilion.pl\/en\/product\/najpiekniejsza-komoda-z-okresu-regencji-pierwsza-polowa-xviii-wiek\/","title":{"rendered":"Najpi\u0119kniejsza komoda z okresu Regencji, pierwsza po\u0142owa XVIII wiek"},"content":{"rendered":"","protected":false},"excerpt":{"rendered":"<p>Najpi\u0119kniejsza komoda z okresu Regencji, pierwsza po\u0142owa XVIII wiek<br \/>\nMateria\u0142: fornir maho\u0144, br\u0105z z\u0142ocony, marmur<br \/>\nStan: bardzo dobry po profesjonalnej konserwacji,<br \/>\nW szufladach zachowany orginalny papier z epoki, 1 zamek wymieniony na XIX w<br \/>\nPochodzenie: Francja pierwsza po\u0142owa XVIII wieku <\/p>","protected":false},"featured_media":3693,"comment_status":"closed","ping_status":"closed","template":"","meta":[],"product_cat":[26,17],"product_tag":[],"class_list":{"0":"post-3675","1":"product","2":"type-product","3":"status-publish","4":"has-post-thumbnail","6":"product_cat-komody","7":"product_cat-meble","9":"entry","10":"has-media","12":"first","13":"instock","14":"taxable","15":"shipping-taxable","16":"purchasable","17":"product-type-simple","18":"has-product-nav","19":"col","20":"span_1_of_3","21":"owp-content-center","22":"owp-thumbs-layout-horizontal","23":"owp-btn-normal","24":"owp-tabs-layout-horizontal"},"aioseo_notices":[],"_links":{"self":[{"href":"https:\/\/antykilion.pl\/en\/wp-json\/wp\/v2\/product\/3675","targetHints":{"allow":["GET"]}}],"collection":[{"href":"https:\/\/antykilion.pl\/en\/wp-json\/wp\/v2\/product"}],"about":[{"href":"https:\/\/antykilion.pl\/en\/wp-json\/wp\/v2\/types\/product"}],"replies":[{"embeddable":true,"href":"https:\/\/antykilion.pl\/en\/wp-json\/wp\/v2\/comments?post=3675"}],"wp:featuredmedia":[{"embeddable":true,"href":"https:\/\/antykilion.pl\/en\/wp-json\/wp\/v2\/media\/3693"}],"wp:attachment":[{"href":"https:\/\/antykilion.pl\/en\/wp-json\/wp\/v2\/media?parent=3675"}],"wp:term":[{"taxonomy":"product_cat","embeddable":true,"href":"https:\/\/antykilion.pl\/en\/wp-json\/wp\/v2\/product_cat?post=3675"},{"taxonomy":"product_tag","embeddable":true,"href":"https:\/\/antykilion.pl\/en\/wp-json\/wp\/v2\/product_tag?post=3675"}],"curies":[{"name":"wp","href":"https:\/\/api.w.org\/{rel}","templated":true}]}}