{"id":3757,"date":"2021-03-14T17:33:50","date_gmt":"2021-03-14T16:33:50","guid":{"rendered":"https:\/\/antykilion.pl\/?post_type=product&#038;p=3757"},"modified":"2021-09-03T14:16:51","modified_gmt":"2021-09-03T12:16:51","slug":"fotel-w-stylu-ludwika-filipa-xix-w-azurowa-korona","status":"publish","type":"product","link":"https:\/\/antykilion.pl\/en\/product\/fotel-w-stylu-ludwika-filipa-xix-w-azurowa-korona\/","title":{"rendered":"Fotel w stylu Ludwika Filipa XIX w a\u017curowa korona"},"content":{"rendered":"","protected":false},"excerpt":{"rendered":"<p>Fotel w stylu Ludwika Filipa XIX w a\u017curowa korona<br \/>\nO falistych elementach szkieletu, tapicerowanych, z sercowatymi oparciami, uj\u0119tymi rze\u017abionymi li\u015b\u0107mi i gronami, siedzeniach g\u0142\u0119bokich, wysokich, z pod\u0142okietnikami, wspartymi na esowatych, profilowanych wspornikach, wspartych na czterech esowatych n\u00f3\u017ckach.<br \/>\nMateria\u0142: maho\u0144 masyw,<br \/>\nCondition: very good for insertion<br \/>\nPochodzenie: Europa \u015brodkowa- Polska<br \/>\nWymiary; wysoko\u015b\u0107 siedziska 40 cm <\/p>","protected":false},"featured_media":3758,"comment_status":"closed","ping_status":"closed","template":"","meta":[],"product_cat":[24,17],"product_tag":[],"class_list":{"0":"post-3757","1":"product","2":"type-product","3":"status-publish","4":"has-post-thumbnail","6":"product_cat-fotele","7":"product_cat-meble","9":"entry","10":"has-media","12":"first","13":"instock","14":"taxable","15":"shipping-taxable","16":"purchasable","17":"product-type-simple","18":"has-product-nav","19":"col","20":"span_1_of_3","21":"owp-content-center","22":"owp-thumbs-layout-horizontal","23":"owp-btn-normal","24":"owp-tabs-layout-horizontal"},"aioseo_notices":[],"_links":{"self":[{"href":"https:\/\/antykilion.pl\/en\/wp-json\/wp\/v2\/product\/3757","targetHints":{"allow":["GET"]}}],"collection":[{"href":"https:\/\/antykilion.pl\/en\/wp-json\/wp\/v2\/product"}],"about":[{"href":"https:\/\/antykilion.pl\/en\/wp-json\/wp\/v2\/types\/product"}],"replies":[{"embeddable":true,"href":"https:\/\/antykilion.pl\/en\/wp-json\/wp\/v2\/comments?post=3757"}],"wp:featuredmedia":[{"embeddable":true,"href":"https:\/\/antykilion.pl\/en\/wp-json\/wp\/v2\/media\/3758"}],"wp:attachment":[{"href":"https:\/\/antykilion.pl\/en\/wp-json\/wp\/v2\/media?parent=3757"}],"wp:term":[{"taxonomy":"product_cat","embeddable":true,"href":"https:\/\/antykilion.pl\/en\/wp-json\/wp\/v2\/product_cat?post=3757"},{"taxonomy":"product_tag","embeddable":true,"href":"https:\/\/antykilion.pl\/en\/wp-json\/wp\/v2\/product_tag?post=3757"}],"curies":[{"name":"wp","href":"https:\/\/api.w.org\/{rel}","templated":true}]}}