{"id":3808,"date":"2021-04-06T21:07:47","date_gmt":"2021-04-06T19:07:47","guid":{"rendered":"https:\/\/antykilion.pl\/?post_type=product&#038;p=3808"},"modified":"2021-09-03T14:16:51","modified_gmt":"2021-09-03T12:16:51","slug":"sekretera-barokowa-okolo-1710-30-roku-obledna","status":"publish","type":"product","link":"https:\/\/antykilion.pl\/en\/product\/sekretera-barokowa-okolo-1710-30-roku-obledna\/","title":{"rendered":"Sekretera barokowa oko\u0142o 1710\/30 roku, ob\u0142\u0119dna !!!"},"content":{"rendered":"","protected":false},"excerpt":{"rendered":"<p>Sekretera barokowa w formie komody z nadstawk\u0105 na bokach prosta, z uko\u015bnie u\u0142o\u017con\u0105 i odk\u0142adan\u0105 fali\u015bcie wygi\u0119t\u0105 klap\u0105, z dwoma szufladami o falistych licach, wsparta na esowatych, zbie\u017cnych n\u00f3\u017ckach zako\u0144czonych kopytami, fornirowana,  bogato intarsjowana, ozdobiona mosi\u0119\u017cnymi rocailowymi okuciami. Na powierzchniach pola uj\u0119te obramieniem i wst\u0119gami, wype\u0142nione wzorzyst\u0105 oklein\u0105.<br \/>\nWn\u0119trze podzielone na dwie cz\u0119\u015bci, z czterema szufladami w g\u00f3rnej i dwoma w dolnej, ujmuj\u0105cymi wn\u0119k\u0119 umieszczon\u0105 po\u015brodku, bogato intarsjowan\u0105 w widok z zamkiem <\/p>\n<p>Niewielka sekretera o cechach typowych dla okresu baroku.<br \/>\nMateria\u0142: orzech i wiele innych oklein<br \/>\nStan: idealny po konserwacji zachowawczej.<br \/>\nOrigin: Central Europe, Poland or Germany<br \/>\nWymiary: H. 120. W. 110. D. 70 cm. <\/p>","protected":false},"featured_media":3809,"comment_status":"closed","ping_status":"closed","template":"","meta":[],"product_cat":[26,17,31],"product_tag":[],"class_list":{"0":"post-3808","1":"product","2":"type-product","3":"status-publish","4":"has-post-thumbnail","6":"product_cat-komody","7":"product_cat-meble","8":"product_cat-sekretery-sekretarzyki-biurka","10":"entry","11":"has-media","13":"first","14":"instock","15":"taxable","16":"shipping-taxable","17":"purchasable","18":"product-type-simple","19":"has-product-nav","20":"col","21":"span_1_of_3","22":"owp-content-center","23":"owp-thumbs-layout-horizontal","24":"owp-btn-normal","25":"owp-tabs-layout-horizontal"},"aioseo_notices":[],"_links":{"self":[{"href":"https:\/\/antykilion.pl\/en\/wp-json\/wp\/v2\/product\/3808","targetHints":{"allow":["GET"]}}],"collection":[{"href":"https:\/\/antykilion.pl\/en\/wp-json\/wp\/v2\/product"}],"about":[{"href":"https:\/\/antykilion.pl\/en\/wp-json\/wp\/v2\/types\/product"}],"replies":[{"embeddable":true,"href":"https:\/\/antykilion.pl\/en\/wp-json\/wp\/v2\/comments?post=3808"}],"wp:featuredmedia":[{"embeddable":true,"href":"https:\/\/antykilion.pl\/en\/wp-json\/wp\/v2\/media\/3809"}],"wp:attachment":[{"href":"https:\/\/antykilion.pl\/en\/wp-json\/wp\/v2\/media?parent=3808"}],"wp:term":[{"taxonomy":"product_cat","embeddable":true,"href":"https:\/\/antykilion.pl\/en\/wp-json\/wp\/v2\/product_cat?post=3808"},{"taxonomy":"product_tag","embeddable":true,"href":"https:\/\/antykilion.pl\/en\/wp-json\/wp\/v2\/product_tag?post=3808"}],"curies":[{"name":"wp","href":"https:\/\/api.w.org\/{rel}","templated":true}]}}