{"id":3957,"date":"2021-06-02T08:12:03","date_gmt":"2021-06-02T06:12:03","guid":{"rendered":"https:\/\/antykilion.pl\/?post_type=product&#038;p=3957"},"modified":"2021-09-03T14:16:51","modified_gmt":"2021-09-03T12:16:51","slug":"pejzaz-z-podroznymi-xvii-xviii-wiek","status":"publish","type":"product","link":"https:\/\/antykilion.pl\/en\/product\/pejzaz-z-podroznymi-xvii-xviii-wiek\/","title":{"rendered":"Pejza\u017c z podr\u00f3\u017cnymi, XVII\/XVIII wiek"},"content":{"rendered":"","protected":false},"excerpt":{"rendered":"<p>Pejza\u017c z podr\u00f3\u017cnymi, XVII\/XVIII wiek<\/p>\n<p>Technique: oil on canvas<\/p>\n<p>Stan: dobry drobne retusze<\/p>\n<p>Sygnatura: autor nierozpoznany<\/p>\n<p>Wymiary: p\u0142\u00f3tno 47cm na 64 cm z ram\u0105 oko\u0142o 66 cm na 81 cm<\/p>\n<p>Origin: Western Europe<\/p>\n<p>bardzo dobre malarstwo i bardzo dobra cena<\/p>","protected":false},"featured_media":3959,"comment_status":"closed","ping_status":"closed","template":"","meta":[],"product_cat":[41,39,40],"product_tag":[],"class_list":{"0":"post-3957","1":"product","2":"type-product","3":"status-publish","4":"has-post-thumbnail","6":"product_cat-malarstwo-dawne","7":"product_cat-dziela-sztuki","8":"product_cat-malarstwo","10":"entry","11":"has-media","13":"first","14":"instock","15":"taxable","16":"shipping-taxable","17":"purchasable","18":"product-type-simple","19":"has-product-nav","20":"col","21":"span_1_of_3","22":"owp-content-center","23":"owp-thumbs-layout-horizontal","24":"owp-btn-normal","25":"owp-tabs-layout-horizontal"},"aioseo_notices":[],"_links":{"self":[{"href":"https:\/\/antykilion.pl\/en\/wp-json\/wp\/v2\/product\/3957","targetHints":{"allow":["GET"]}}],"collection":[{"href":"https:\/\/antykilion.pl\/en\/wp-json\/wp\/v2\/product"}],"about":[{"href":"https:\/\/antykilion.pl\/en\/wp-json\/wp\/v2\/types\/product"}],"replies":[{"embeddable":true,"href":"https:\/\/antykilion.pl\/en\/wp-json\/wp\/v2\/comments?post=3957"}],"wp:featuredmedia":[{"embeddable":true,"href":"https:\/\/antykilion.pl\/en\/wp-json\/wp\/v2\/media\/3959"}],"wp:attachment":[{"href":"https:\/\/antykilion.pl\/en\/wp-json\/wp\/v2\/media?parent=3957"}],"wp:term":[{"taxonomy":"product_cat","embeddable":true,"href":"https:\/\/antykilion.pl\/en\/wp-json\/wp\/v2\/product_cat?post=3957"},{"taxonomy":"product_tag","embeddable":true,"href":"https:\/\/antykilion.pl\/en\/wp-json\/wp\/v2\/product_tag?post=3957"}],"curies":[{"name":"wp","href":"https:\/\/api.w.org\/{rel}","templated":true}]}}