{"id":3997,"date":"2001-06-03T13:47:21","date_gmt":"2001-06-03T11:47:21","guid":{"rendered":"https:\/\/antykilion.pl\/?post_type=product&#038;p=3997"},"modified":"2021-11-08T08:07:41","modified_gmt":"2021-11-08T07:07:41","slug":"portret-mlodej-kobiety-z-dziewczynka-xvii-wiek-muzealne-malarstwo","status":"publish","type":"product","link":"https:\/\/antykilion.pl\/en\/product\/portret-mlodej-kobiety-z-dziewczynka-xvii-wiek-muzealne-malarstwo\/","title":{"rendered":"Portret m\u0142odej kobiety z dziewczynk\u0105 XVII wiek, muzealne malarstwo !"},"content":{"rendered":"","protected":false},"excerpt":{"rendered":"<p>Portret m\u0142odej kobiety z dziewczynk\u0105 XVII wiek, muzealne malarstwo !<\/p>\n<p>Technique: oil on canvas<\/p>\n<p>Stan: bardzo dobry, po konserwacji, oprawiony w now\u0105 ram\u0119 na wz\u00f3r XVII w<\/p>\n<p>Sygnatura: widoczna na zdj\u0119ciu, monogram wi\u0105zany PDT. P.xt<\/p>\n<p>Wymiary: p\u0142\u00f3tna oko\u0142o 120 cm na 91 cm + rama 140 cm na 111 cm<\/p>\n<p>Bardzo dobre malarstwo, bardzo dekoracyjne.<\/p>\n<p>Do ka\u017cdego przedmiotu Galeria wystawia certyfikat.<\/p>","protected":false},"featured_media":3998,"comment_status":"closed","ping_status":"closed","template":"","meta":[],"product_cat":[41,39,40],"product_tag":[],"class_list":{"0":"post-3997","1":"product","2":"type-product","3":"status-publish","4":"has-post-thumbnail","6":"product_cat-malarstwo-dawne","7":"product_cat-dziela-sztuki","8":"product_cat-malarstwo","10":"entry","11":"has-media","13":"first","14":"instock","15":"taxable","16":"shipping-taxable","17":"purchasable","18":"product-type-simple","19":"has-product-nav","20":"col","21":"span_1_of_3","22":"owp-content-center","23":"owp-thumbs-layout-horizontal","24":"owp-btn-normal","25":"owp-tabs-layout-horizontal"},"aioseo_notices":[],"_links":{"self":[{"href":"https:\/\/antykilion.pl\/en\/wp-json\/wp\/v2\/product\/3997","targetHints":{"allow":["GET"]}}],"collection":[{"href":"https:\/\/antykilion.pl\/en\/wp-json\/wp\/v2\/product"}],"about":[{"href":"https:\/\/antykilion.pl\/en\/wp-json\/wp\/v2\/types\/product"}],"replies":[{"embeddable":true,"href":"https:\/\/antykilion.pl\/en\/wp-json\/wp\/v2\/comments?post=3997"}],"wp:featuredmedia":[{"embeddable":true,"href":"https:\/\/antykilion.pl\/en\/wp-json\/wp\/v2\/media\/3998"}],"wp:attachment":[{"href":"https:\/\/antykilion.pl\/en\/wp-json\/wp\/v2\/media?parent=3997"}],"wp:term":[{"taxonomy":"product_cat","embeddable":true,"href":"https:\/\/antykilion.pl\/en\/wp-json\/wp\/v2\/product_cat?post=3997"},{"taxonomy":"product_tag","embeddable":true,"href":"https:\/\/antykilion.pl\/en\/wp-json\/wp\/v2\/product_tag?post=3997"}],"curies":[{"name":"wp","href":"https:\/\/api.w.org\/{rel}","templated":true}]}}