{"id":4025,"date":"2021-06-03T18:33:03","date_gmt":"2021-06-03T16:33:03","guid":{"rendered":"https:\/\/antykilion.pl\/?post_type=product&#038;p=4025"},"modified":"2021-09-03T14:16:52","modified_gmt":"2021-09-03T12:16:52","slug":"chinska-waza-z-poczatku-xx-wieku-piekna","status":"publish","type":"product","link":"https:\/\/antykilion.pl\/en\/product\/chinska-waza-z-poczatku-xx-wieku-piekna\/","title":{"rendered":"Chi\u0144ska Waza z pocz\u0105tku XX wieku pi\u0119kna"},"content":{"rendered":"","protected":false},"excerpt":{"rendered":"<p>Chi\u0144ska Waza z pocz\u0105tku XX wieku pi\u0119kna<br \/>\nVery good condition<br \/>\nSignature: visible in the picture<br \/>\nOrigin; China<br \/>\nWymiary: wysoko\u015b\u0107 44 cm<\/p>","protected":false},"featured_media":4026,"comment_status":"closed","ping_status":"closed","template":"","meta":[],"product_cat":[50],"product_tag":[],"class_list":{"0":"post-4025","1":"product","2":"type-product","3":"status-publish","4":"has-post-thumbnail","6":"product_cat-porcelana-i-fajans","8":"entry","9":"has-media","11":"first","12":"instock","13":"taxable","14":"shipping-taxable","15":"purchasable","16":"product-type-simple","17":"has-product-nav","18":"col","19":"span_1_of_3","20":"owp-content-center","21":"owp-thumbs-layout-horizontal","22":"owp-btn-normal","23":"owp-tabs-layout-horizontal"},"aioseo_notices":[],"_links":{"self":[{"href":"https:\/\/antykilion.pl\/en\/wp-json\/wp\/v2\/product\/4025","targetHints":{"allow":["GET"]}}],"collection":[{"href":"https:\/\/antykilion.pl\/en\/wp-json\/wp\/v2\/product"}],"about":[{"href":"https:\/\/antykilion.pl\/en\/wp-json\/wp\/v2\/types\/product"}],"replies":[{"embeddable":true,"href":"https:\/\/antykilion.pl\/en\/wp-json\/wp\/v2\/comments?post=4025"}],"wp:featuredmedia":[{"embeddable":true,"href":"https:\/\/antykilion.pl\/en\/wp-json\/wp\/v2\/media\/4026"}],"wp:attachment":[{"href":"https:\/\/antykilion.pl\/en\/wp-json\/wp\/v2\/media?parent=4025"}],"wp:term":[{"taxonomy":"product_cat","embeddable":true,"href":"https:\/\/antykilion.pl\/en\/wp-json\/wp\/v2\/product_cat?post=4025"},{"taxonomy":"product_tag","embeddable":true,"href":"https:\/\/antykilion.pl\/en\/wp-json\/wp\/v2\/product_tag?post=4025"}],"curies":[{"name":"wp","href":"https:\/\/api.w.org\/{rel}","templated":true}]}}