{"id":4059,"date":"2021-06-21T12:14:12","date_gmt":"2021-06-21T10:14:12","guid":{"rendered":"https:\/\/antykilion.pl\/?post_type=product&#038;p=4059"},"modified":"2021-09-03T14:16:52","modified_gmt":"2021-09-03T12:16:52","slug":"lampa-naftowa-xix-w-zelektryzowana-sliczna","status":"publish","type":"product","link":"https:\/\/antykilion.pl\/en\/product\/lampa-naftowa-xix-w-zelektryzowana-sliczna\/","title":{"rendered":"Lampa Naftowa XIX w, zelektryzowana, \u015bliczna !!!"},"content":{"rendered":"","protected":false},"excerpt":{"rendered":"<p>Lampa Naftowa XIX w, zelektryzowana, \u015bliczna !!!<br \/>\nSzk\u0142o mleczne- podstawa<br \/>\nSzk\u0142o bezbarwne opalizuj\u0105ce zdobione- pojemnik<br \/>\nCa\u0142o\u015b\u0107 wyko\u0144czona br\u0105zami<br \/>\nAba\u017cur stary uszkodzony.<br \/>\nWysoko\u015b\u0107 ca\u0142kowita 76 cm <\/p>","protected":false},"featured_media":4060,"comment_status":"closed","ping_status":"closed","template":"","meta":[],"product_cat":[47],"product_tag":[],"class_list":{"0":"post-4059","1":"product","2":"type-product","3":"status-publish","4":"has-post-thumbnail","6":"product_cat-oswietlenie","8":"entry","9":"has-media","11":"first","12":"instock","13":"taxable","14":"shipping-taxable","15":"purchasable","16":"product-type-simple","17":"has-product-nav","18":"col","19":"span_1_of_3","20":"owp-content-center","21":"owp-thumbs-layout-horizontal","22":"owp-btn-normal","23":"owp-tabs-layout-horizontal"},"aioseo_notices":[],"_links":{"self":[{"href":"https:\/\/antykilion.pl\/en\/wp-json\/wp\/v2\/product\/4059","targetHints":{"allow":["GET"]}}],"collection":[{"href":"https:\/\/antykilion.pl\/en\/wp-json\/wp\/v2\/product"}],"about":[{"href":"https:\/\/antykilion.pl\/en\/wp-json\/wp\/v2\/types\/product"}],"replies":[{"embeddable":true,"href":"https:\/\/antykilion.pl\/en\/wp-json\/wp\/v2\/comments?post=4059"}],"wp:featuredmedia":[{"embeddable":true,"href":"https:\/\/antykilion.pl\/en\/wp-json\/wp\/v2\/media\/4060"}],"wp:attachment":[{"href":"https:\/\/antykilion.pl\/en\/wp-json\/wp\/v2\/media?parent=4059"}],"wp:term":[{"taxonomy":"product_cat","embeddable":true,"href":"https:\/\/antykilion.pl\/en\/wp-json\/wp\/v2\/product_cat?post=4059"},{"taxonomy":"product_tag","embeddable":true,"href":"https:\/\/antykilion.pl\/en\/wp-json\/wp\/v2\/product_tag?post=4059"}],"curies":[{"name":"wp","href":"https:\/\/api.w.org\/{rel}","templated":true}]}}