{"id":4066,"date":"2021-06-21T12:45:24","date_gmt":"2021-06-21T10:45:24","guid":{"rendered":"https:\/\/antykilion.pl\/?post_type=product&#038;p=4066"},"modified":"2021-09-03T14:16:52","modified_gmt":"2021-09-03T12:16:52","slug":"lampa-gabinetowa-xix-w-empir","status":"publish","type":"product","link":"https:\/\/antykilion.pl\/en\/product\/lampa-gabinetowa-xix-w-empir\/","title":{"rendered":"Lampa Gabinetowa XIX w Empir !!!"},"content":{"rendered":"","protected":false},"excerpt":{"rendered":"<p>Lampa Gabinetowa XIX w Empir !!!<br \/>\nStopa kolista, wok\u00f3\u0142 kraw\u0119dzi p\u0142ytki rowek;<\/p>\n<p>w centrum wysklepiona rozeta z lancetowatych, w\u0105skich li\u015bci. Trzon w formie drobno kanelowanej kolumny, posadowionej w akantowym koszyku, nad kt\u00f3rym na przemian pasy g\u0142adkie i moletowane &#8211; z wzorem palmetek i plecionki. G\u0142owica z motywem palmowych li\u015bci.<\/p>\n<p>Wymiary: wysoko\u015b\u0107 oko\u0142o 47 cm<\/p>\n<p>Origin: France<\/p>\n<p>Very good condition<\/p>\n<p>Material: gilded and patinated bronze<\/p>\n<p>Beautiful !!!<\/p>","protected":false},"featured_media":4067,"comment_status":"closed","ping_status":"closed","template":"","meta":[],"product_cat":[47],"product_tag":[],"class_list":{"0":"post-4066","1":"product","2":"type-product","3":"status-publish","4":"has-post-thumbnail","6":"product_cat-oswietlenie","8":"entry","9":"has-media","11":"first","12":"instock","13":"taxable","14":"shipping-taxable","15":"purchasable","16":"product-type-simple","17":"has-product-nav","18":"col","19":"span_1_of_3","20":"owp-content-center","21":"owp-thumbs-layout-horizontal","22":"owp-btn-normal","23":"owp-tabs-layout-horizontal"},"aioseo_notices":[],"_links":{"self":[{"href":"https:\/\/antykilion.pl\/en\/wp-json\/wp\/v2\/product\/4066","targetHints":{"allow":["GET"]}}],"collection":[{"href":"https:\/\/antykilion.pl\/en\/wp-json\/wp\/v2\/product"}],"about":[{"href":"https:\/\/antykilion.pl\/en\/wp-json\/wp\/v2\/types\/product"}],"replies":[{"embeddable":true,"href":"https:\/\/antykilion.pl\/en\/wp-json\/wp\/v2\/comments?post=4066"}],"wp:featuredmedia":[{"embeddable":true,"href":"https:\/\/antykilion.pl\/en\/wp-json\/wp\/v2\/media\/4067"}],"wp:attachment":[{"href":"https:\/\/antykilion.pl\/en\/wp-json\/wp\/v2\/media?parent=4066"}],"wp:term":[{"taxonomy":"product_cat","embeddable":true,"href":"https:\/\/antykilion.pl\/en\/wp-json\/wp\/v2\/product_cat?post=4066"},{"taxonomy":"product_tag","embeddable":true,"href":"https:\/\/antykilion.pl\/en\/wp-json\/wp\/v2\/product_tag?post=4066"}],"curies":[{"name":"wp","href":"https:\/\/api.w.org\/{rel}","templated":true}]}}