{"id":4073,"date":"2021-06-21T13:19:26","date_gmt":"2021-06-21T11:19:26","guid":{"rendered":"https:\/\/antykilion.pl\/?post_type=product&#038;p=4073"},"modified":"2021-09-03T14:16:52","modified_gmt":"2021-09-03T12:16:52","slug":"serwis-rosenthal-sniadaniowy-1949-1956-piekny","status":"publish","type":"product","link":"https:\/\/antykilion.pl\/en\/product\/serwis-rosenthal-sniadaniowy-1949-1956-piekny\/","title":{"rendered":"Serwis Rosenthal \u015bniadaniowy 1949-1956 Pi\u0119kny"},"content":{"rendered":"","protected":false},"excerpt":{"rendered":"<p>Serwis Rosenthal \u015bniadaniowy 1949-1956 Pi\u0119kny<\/p>\n<p>included in the website<\/p>\n<p>12 talerzyk\u00f3w deserowych \u015brednica 17,5 cm<\/p>\n<p>12 podstawek pod fili\u017canki \u015brednica 15 cm<\/p>\n<p>12 fili\u017canek wysoko\u015b\u0107 7,5 cm<\/p>\n<p>1 dzbanek wysoko\u015b\u0107 20 cm<\/p>\n<p>1 cukiernica z przykrywk\u0105 wysoko\u015b\u0107 10 cm<\/p>\n<p>1 mlecznik wysoko\u015b\u0107 5,5 cm<\/p>\n<p>Bardzo elegancki serwis !<\/p>","protected":false},"featured_media":4074,"comment_status":"closed","ping_status":"closed","template":"","meta":[],"product_cat":[50],"product_tag":[],"class_list":{"0":"post-4073","1":"product","2":"type-product","3":"status-publish","4":"has-post-thumbnail","6":"product_cat-porcelana-i-fajans","8":"entry","9":"has-media","11":"first","12":"instock","13":"taxable","14":"shipping-taxable","15":"purchasable","16":"product-type-simple","17":"has-product-nav","18":"col","19":"span_1_of_3","20":"owp-content-center","21":"owp-thumbs-layout-horizontal","22":"owp-btn-normal","23":"owp-tabs-layout-horizontal"},"aioseo_notices":[],"_links":{"self":[{"href":"https:\/\/antykilion.pl\/en\/wp-json\/wp\/v2\/product\/4073","targetHints":{"allow":["GET"]}}],"collection":[{"href":"https:\/\/antykilion.pl\/en\/wp-json\/wp\/v2\/product"}],"about":[{"href":"https:\/\/antykilion.pl\/en\/wp-json\/wp\/v2\/types\/product"}],"replies":[{"embeddable":true,"href":"https:\/\/antykilion.pl\/en\/wp-json\/wp\/v2\/comments?post=4073"}],"wp:featuredmedia":[{"embeddable":true,"href":"https:\/\/antykilion.pl\/en\/wp-json\/wp\/v2\/media\/4074"}],"wp:attachment":[{"href":"https:\/\/antykilion.pl\/en\/wp-json\/wp\/v2\/media?parent=4073"}],"wp:term":[{"taxonomy":"product_cat","embeddable":true,"href":"https:\/\/antykilion.pl\/en\/wp-json\/wp\/v2\/product_cat?post=4073"},{"taxonomy":"product_tag","embeddable":true,"href":"https:\/\/antykilion.pl\/en\/wp-json\/wp\/v2\/product_tag?post=4073"}],"curies":[{"name":"wp","href":"https:\/\/api.w.org\/{rel}","templated":true}]}}