{"id":4123,"date":"2021-06-24T12:53:54","date_gmt":"2021-06-24T10:53:54","guid":{"rendered":"https:\/\/antykilion.pl\/?post_type=product&#038;p=4123"},"modified":"2021-09-03T14:16:53","modified_gmt":"2021-09-03T12:16:53","slug":"stolik-pomocniczy-w-stylu-neorokokowym-piekny","status":"publish","type":"product","link":"https:\/\/antykilion.pl\/en\/product\/stolik-pomocniczy-w-stylu-neorokokowym-piekny\/","title":{"rendered":"Stolik pomocniczy w stylu neorokokowym Pi\u0119kny !!!"},"content":{"rendered":"","protected":false},"excerpt":{"rendered":"<p>Stolik pomocniczy w stylu neorokokowym Pi\u0119kny !!!<\/p>\n<p>o okr\u0105g\u0142ym, intarsjowanym blacie, wspartym na czterech esowatych n\u00f3\u017ckach, bogato dekorowany br\u0105zami. Blat z obramieniem, wype\u0142niony r\u00f3wnoleg\u0142o\u015bcianami, uj\u0119ty na obrze\u017cu mosi\u0119\u017cn\u0105 listw\u0105. Oskrzynienie uj\u0119te na obrze\u017cu listw\u0105, dekorowane dodatkowo br\u0105zami. Nogi po\u0142\u0105czone gi\u0119tym wi\u0105zaniem w kszta\u0142cie x, zwie\u0144czone rozet\u0105 w kszta\u0142cie koszyka, a u do\u0142u n\u00f3g trzewiki.<\/p>\n<p>Mebel stylowy, o bardzo dobrych proporcjach i bogatym zdobnictwie,<\/p>\n<p>Stan. Bardzo dobry, zwyk\u0142e \u015blady u\u017cytkowania.<\/p>\n<p>Materia\u0142: &#8211; maho\u0144, r\u00f3\u017ca.<\/p>\n<p>Wymiary: wysoko\u015b\u0107 74 cm, obw\u00f3d blatu 54 cm<\/p>\n<p>Origin: France, 2nd half 19th century<\/p>","protected":false},"featured_media":4124,"comment_status":"closed","ping_status":"closed","template":"","meta":[],"product_cat":[17,33],"product_tag":[],"class_list":{"0":"post-4123","1":"product","2":"type-product","3":"status-publish","4":"has-post-thumbnail","6":"product_cat-meble","7":"product_cat-stoly-stoliki","9":"entry","10":"has-media","12":"first","13":"instock","14":"taxable","15":"shipping-taxable","16":"purchasable","17":"product-type-simple","18":"has-product-nav","19":"col","20":"span_1_of_3","21":"owp-content-center","22":"owp-thumbs-layout-horizontal","23":"owp-btn-normal","24":"owp-tabs-layout-horizontal"},"aioseo_notices":[],"_links":{"self":[{"href":"https:\/\/antykilion.pl\/en\/wp-json\/wp\/v2\/product\/4123","targetHints":{"allow":["GET"]}}],"collection":[{"href":"https:\/\/antykilion.pl\/en\/wp-json\/wp\/v2\/product"}],"about":[{"href":"https:\/\/antykilion.pl\/en\/wp-json\/wp\/v2\/types\/product"}],"replies":[{"embeddable":true,"href":"https:\/\/antykilion.pl\/en\/wp-json\/wp\/v2\/comments?post=4123"}],"wp:featuredmedia":[{"embeddable":true,"href":"https:\/\/antykilion.pl\/en\/wp-json\/wp\/v2\/media\/4124"}],"wp:attachment":[{"href":"https:\/\/antykilion.pl\/en\/wp-json\/wp\/v2\/media?parent=4123"}],"wp:term":[{"taxonomy":"product_cat","embeddable":true,"href":"https:\/\/antykilion.pl\/en\/wp-json\/wp\/v2\/product_cat?post=4123"},{"taxonomy":"product_tag","embeddable":true,"href":"https:\/\/antykilion.pl\/en\/wp-json\/wp\/v2\/product_tag?post=4123"}],"curies":[{"name":"wp","href":"https:\/\/api.w.org\/{rel}","templated":true}]}}