{"id":4138,"date":"2001-06-24T14:25:41","date_gmt":"2001-06-24T12:25:41","guid":{"rendered":"https:\/\/antykilion.pl\/?post_type=product&#038;p=4138"},"modified":"2023-09-13T18:48:55","modified_gmt":"2023-09-13T16:48:55","slug":"stolik-etazerka-w-stylu-napoleona-iii-xix-w","status":"publish","type":"product","link":"https:\/\/antykilion.pl\/en\/product\/stolik-etazerka-w-stylu-napoleona-iii-xix-w\/","title":{"rendered":"Stolik-eta\u017cerka w stylu Napoleona III XIX w"},"content":{"rendered":"","protected":false},"excerpt":{"rendered":"<p>Stolik-eta\u017cerka w stylu Napoleona III XIX w<br \/>\nZ trzema w formie owalu, wspartymi na czterech delikatnych, gi\u0119tych n\u00f3\u017ckach. Ca\u0142o\u015b\u0107 fornirowana, ozdobiona intarsjowanymi ornamentami floralnymi i br\u0105zami w formie rocaili, galeryjki ujmuj\u0105cej g\u00f3rny blat i listew.<br \/>\nEta\u017cerka s\u0142u\u017c\u0105ca do odstawienia drobnych przedmiot\u00f3w i ozdoby. Forma i dekoracja wskazuj\u0105 na wykonanie we Francji.<br \/>\nVery good condition<br \/>\nPochodzenie: Francja druga po\u0142owa XIX w.<br \/>\nMateria\u0142: Maho\u0144, r\u00f3\u017ca, palisander<br \/>\nWymiary: wysoko\u015b\u0107 74 cm, szeroko\u015b\u0107 33 cm, d\u0142ugo\u015b\u0107 43 cm<br \/>\nBardzo \u0142adna!<\/p>","protected":false},"featured_media":4139,"comment_status":"closed","ping_status":"closed","template":"","meta":[],"product_cat":[25,17,33],"product_tag":[],"class_list":{"0":"post-4138","1":"product","2":"type-product","3":"status-publish","4":"has-post-thumbnail","6":"product_cat-garderoby-etazerki","7":"product_cat-meble","8":"product_cat-stoly-stoliki","10":"entry","11":"has-media","13":"first","14":"onbackorder","15":"taxable","16":"shipping-taxable","17":"purchasable","18":"product-type-simple","19":"has-product-nav","20":"col","21":"span_1_of_3","22":"owp-content-center","23":"owp-thumbs-layout-horizontal","24":"owp-btn-normal","25":"owp-tabs-layout-horizontal"},"aioseo_notices":[],"_links":{"self":[{"href":"https:\/\/antykilion.pl\/en\/wp-json\/wp\/v2\/product\/4138","targetHints":{"allow":["GET"]}}],"collection":[{"href":"https:\/\/antykilion.pl\/en\/wp-json\/wp\/v2\/product"}],"about":[{"href":"https:\/\/antykilion.pl\/en\/wp-json\/wp\/v2\/types\/product"}],"replies":[{"embeddable":true,"href":"https:\/\/antykilion.pl\/en\/wp-json\/wp\/v2\/comments?post=4138"}],"wp:featuredmedia":[{"embeddable":true,"href":"https:\/\/antykilion.pl\/en\/wp-json\/wp\/v2\/media\/4139"}],"wp:attachment":[{"href":"https:\/\/antykilion.pl\/en\/wp-json\/wp\/v2\/media?parent=4138"}],"wp:term":[{"taxonomy":"product_cat","embeddable":true,"href":"https:\/\/antykilion.pl\/en\/wp-json\/wp\/v2\/product_cat?post=4138"},{"taxonomy":"product_tag","embeddable":true,"href":"https:\/\/antykilion.pl\/en\/wp-json\/wp\/v2\/product_tag?post=4138"}],"curies":[{"name":"wp","href":"https:\/\/api.w.org\/{rel}","templated":true}]}}