{"id":4166,"date":"2021-06-26T08:44:35","date_gmt":"2021-06-26T06:44:35","guid":{"rendered":"https:\/\/antykilion.pl\/?post_type=product&#038;p=4166"},"modified":"2021-09-03T14:16:53","modified_gmt":"2021-09-03T12:16:53","slug":"lustro-w-stylu-ludwika-xvi-xix-wiek-okolo-1860-roku-piekne","status":"publish","type":"product","link":"https:\/\/antykilion.pl\/en\/product\/lustro-w-stylu-ludwika-xvi-xix-wiek-okolo-1860-roku-piekne\/","title":{"rendered":"Lustro w stylu Ludwika XVI, XIX wiek oko\u0142o 1860 roku Pi\u0119kne !"},"content":{"rendered":"","protected":false},"excerpt":{"rendered":"<p>Lustro w stylu Ludwika XVI, XIX wiek oko\u0142o 1860 roku Pi\u0119kne !<br \/>\ntafla prostok\u0105tna, uj\u0119ta z\u0142ocon\u0105 ram\u0105; po bokach p\u00f3\u0142kolumny z plastycznymi li\u015b\u0107mi lauru, g\u00f3rna kraw\u0119d\u017a zamkni\u0119ta \u0142ukowo zwie\u0144czona girland\u0105 r\u00f3\u017can\u0105,<br \/>\nMateria\u0142: Drewno z\u0142ocone i polichromia,<br \/>\nWymiary:  wys. 184 cm, szer. 115 cm, g\u0142\u0119b. 15 cm;<br \/>\nPochodzenie: Europa Zachodnia, 2 po\u0142owa XIX w, oko\u0142o 1850\/70 r<\/p>","protected":false},"featured_media":4167,"comment_status":"closed","ping_status":"closed","template":"","meta":[],"product_cat":[30,17],"product_tag":[],"class_list":{"0":"post-4166","1":"product","2":"type-product","3":"status-publish","4":"has-post-thumbnail","6":"product_cat-lustra","7":"product_cat-meble","9":"entry","10":"has-media","12":"first","13":"instock","14":"taxable","15":"shipping-taxable","16":"purchasable","17":"product-type-simple","18":"has-product-nav","19":"col","20":"span_1_of_3","21":"owp-content-center","22":"owp-thumbs-layout-horizontal","23":"owp-btn-normal","24":"owp-tabs-layout-horizontal"},"aioseo_notices":[],"_links":{"self":[{"href":"https:\/\/antykilion.pl\/en\/wp-json\/wp\/v2\/product\/4166","targetHints":{"allow":["GET"]}}],"collection":[{"href":"https:\/\/antykilion.pl\/en\/wp-json\/wp\/v2\/product"}],"about":[{"href":"https:\/\/antykilion.pl\/en\/wp-json\/wp\/v2\/types\/product"}],"replies":[{"embeddable":true,"href":"https:\/\/antykilion.pl\/en\/wp-json\/wp\/v2\/comments?post=4166"}],"wp:featuredmedia":[{"embeddable":true,"href":"https:\/\/antykilion.pl\/en\/wp-json\/wp\/v2\/media\/4167"}],"wp:attachment":[{"href":"https:\/\/antykilion.pl\/en\/wp-json\/wp\/v2\/media?parent=4166"}],"wp:term":[{"taxonomy":"product_cat","embeddable":true,"href":"https:\/\/antykilion.pl\/en\/wp-json\/wp\/v2\/product_cat?post=4166"},{"taxonomy":"product_tag","embeddable":true,"href":"https:\/\/antykilion.pl\/en\/wp-json\/wp\/v2\/product_tag?post=4166"}],"curies":[{"name":"wp","href":"https:\/\/api.w.org\/{rel}","templated":true}]}}