{"id":4475,"date":"2021-07-25T09:43:37","date_gmt":"2021-07-25T07:43:37","guid":{"rendered":"https:\/\/antykilion.pl\/?post_type=product&#038;p=4475"},"modified":"2024-11-15T12:41:48","modified_gmt":"2024-11-15T11:41:48","slug":"tremo-z-zardiniera-xix-w-w-stylu-ludwika-filipa-okolo-1850-r","status":"publish","type":"product","link":"https:\/\/antykilion.pl\/en\/product\/tremo-z-zardiniera-xix-w-w-stylu-ludwika-filipa-okolo-1850-r\/","title":{"rendered":"Tremo z \u017cardinier\u0105 XIX w, w stylu Ludwika Filipa oko\u0142o 1850 r"},"content":{"rendered":"","protected":false},"excerpt":{"rendered":"<p>Tremo z \u017cardinier\u0105 XIX w, w stylu Ludwika Filipa oko\u0142o 1850 r<br \/>\nBardzo okaza\u0142e lustro wyko\u0144czone pere\u0142kami i dekorowane sznurem, podobnie \u017cardiniera, kt\u00f3ra mo\u017ce pe\u0142ni\u0107 rol\u0119 konsoli po na\u0142o\u017ceniu blatu z bia\u0142ego marmuru.<br \/>\nWymiary: Szeroko\u015b\u0107 96, g\u0142\u0119boko\u015b\u0107 \u017cardiniery 43, wysoko\u015b\u0107  252 cm.<br \/>\nStan: bardzo dobry orginalny, widoczne \u015blady u\u017cytkowania minimalne odpryski z\u0142ocenia<br \/>\nMateria\u0142: z\u0142ocenia, polichromia<br \/>\nPochodzenie: Europa \u015brodkowa na plecach naklejona nalepka z histori\u0105 lustra <\/p>","protected":false},"featured_media":4476,"comment_status":"closed","ping_status":"closed","template":"","meta":[],"product_cat":[30,17],"product_tag":[],"class_list":{"0":"post-4475","1":"product","2":"type-product","3":"status-publish","4":"has-post-thumbnail","6":"product_cat-lustra","7":"product_cat-meble","9":"entry","10":"has-media","12":"first","13":"instock","14":"taxable","15":"shipping-taxable","16":"purchasable","17":"product-type-simple","18":"has-product-nav","19":"col","20":"span_1_of_3","21":"owp-content-center","22":"owp-thumbs-layout-horizontal","23":"owp-btn-normal","24":"owp-tabs-layout-horizontal"},"aioseo_notices":[],"_links":{"self":[{"href":"https:\/\/antykilion.pl\/en\/wp-json\/wp\/v2\/product\/4475","targetHints":{"allow":["GET"]}}],"collection":[{"href":"https:\/\/antykilion.pl\/en\/wp-json\/wp\/v2\/product"}],"about":[{"href":"https:\/\/antykilion.pl\/en\/wp-json\/wp\/v2\/types\/product"}],"replies":[{"embeddable":true,"href":"https:\/\/antykilion.pl\/en\/wp-json\/wp\/v2\/comments?post=4475"}],"wp:featuredmedia":[{"embeddable":true,"href":"https:\/\/antykilion.pl\/en\/wp-json\/wp\/v2\/media\/4476"}],"wp:attachment":[{"href":"https:\/\/antykilion.pl\/en\/wp-json\/wp\/v2\/media?parent=4475"}],"wp:term":[{"taxonomy":"product_cat","embeddable":true,"href":"https:\/\/antykilion.pl\/en\/wp-json\/wp\/v2\/product_cat?post=4475"},{"taxonomy":"product_tag","embeddable":true,"href":"https:\/\/antykilion.pl\/en\/wp-json\/wp\/v2\/product_tag?post=4475"}],"curies":[{"name":"wp","href":"https:\/\/api.w.org\/{rel}","templated":true}]}}