{"id":4831,"date":"2021-09-09T13:24:28","date_gmt":"2021-09-09T11:24:28","guid":{"rendered":"https:\/\/antykilion.pl\/?post_type=product&#038;p=4831"},"modified":"2021-09-09T13:24:28","modified_gmt":"2021-09-09T11:24:28","slug":"widoki-zamkow-carl-ludwig-frommel-1789-1863","status":"publish","type":"product","link":"https:\/\/antykilion.pl\/en\/product\/widoki-zamkow-carl-ludwig-frommel-1789-1863\/","title":{"rendered":"Widoki zamk\u00f3w,  CARL LUDWIG FROMMEL 1789-1863"},"content":{"rendered":"","protected":false},"excerpt":{"rendered":"<p>Widoki zamk\u00f3w, CARL LUDWIG FROMMEL 1789-1863<\/p>\n<p>Technika: miedzioryty r\u0119cznie kolorowane<\/p>\n<p>Stan: bardzo dobry, orginalny, na zdj\u0119ciu jedna praca z p\u0119kni\u0119t\u0105 szyb\u0105, zosta\u0142a wymieniona.<\/p>\n<p>Sygnatura widoczna na zdj\u0119ciu,<\/p>\n<p>Wymiary z ramk\u0105:33 cm na 42 cm<\/p>\n<p>Bardzo dekoracyjne i w komplecie, pojedyncze grafiki sprzedawane s\u0105 po 700\/800 euro<\/p>","protected":false},"featured_media":4832,"comment_status":"closed","ping_status":"closed","template":"","meta":[],"product_cat":[41,39,40],"product_tag":[],"class_list":{"0":"post-4831","1":"product","2":"type-product","3":"status-publish","4":"has-post-thumbnail","6":"product_cat-malarstwo-dawne","7":"product_cat-dziela-sztuki","8":"product_cat-malarstwo","10":"entry","11":"has-media","13":"first","14":"instock","15":"taxable","16":"shipping-taxable","17":"purchasable","18":"product-type-simple","19":"has-product-nav","20":"col","21":"span_1_of_3","22":"owp-content-center","23":"owp-thumbs-layout-horizontal","24":"owp-btn-normal","25":"owp-tabs-layout-horizontal"},"aioseo_notices":[],"_links":{"self":[{"href":"https:\/\/antykilion.pl\/en\/wp-json\/wp\/v2\/product\/4831","targetHints":{"allow":["GET"]}}],"collection":[{"href":"https:\/\/antykilion.pl\/en\/wp-json\/wp\/v2\/product"}],"about":[{"href":"https:\/\/antykilion.pl\/en\/wp-json\/wp\/v2\/types\/product"}],"replies":[{"embeddable":true,"href":"https:\/\/antykilion.pl\/en\/wp-json\/wp\/v2\/comments?post=4831"}],"wp:featuredmedia":[{"embeddable":true,"href":"https:\/\/antykilion.pl\/en\/wp-json\/wp\/v2\/media\/4832"}],"wp:attachment":[{"href":"https:\/\/antykilion.pl\/en\/wp-json\/wp\/v2\/media?parent=4831"}],"wp:term":[{"taxonomy":"product_cat","embeddable":true,"href":"https:\/\/antykilion.pl\/en\/wp-json\/wp\/v2\/product_cat?post=4831"},{"taxonomy":"product_tag","embeddable":true,"href":"https:\/\/antykilion.pl\/en\/wp-json\/wp\/v2\/product_tag?post=4831"}],"curies":[{"name":"wp","href":"https:\/\/api.w.org\/{rel}","templated":true}]}}