{"id":4866,"date":"2021-09-12T15:13:02","date_gmt":"2021-09-12T13:13:02","guid":{"rendered":"https:\/\/antykilion.pl\/?post_type=product&#038;p=4866"},"modified":"2024-03-09T17:42:35","modified_gmt":"2024-03-09T16:42:35","slug":"julia-gizycka-berezowska-portret-marcysi","status":"publish","type":"product","link":"https:\/\/antykilion.pl\/en\/product\/julia-gizycka-berezowska-portret-marcysi\/","title":{"rendered":"JULIA GI\u017bYCKA-BEREZOWSKA portret Marcysi"},"content":{"rendered":"","protected":false},"excerpt":{"rendered":"<p>JULIA GI\u017bYCKA-BEREZOWSKA portret Marcysi<br \/>\nStudiowa\u0142a na Kursach Artystycznych im. Baranieckiego w Krakowie (1902-1904), uczestniczy\u0142a w plenerach malarskich kierowanych przez J. Malczewskiego, J. Stanis\u0142awskiego i L. Wycz\u00f3\u0142kowskiego. Nale\u017ca\u0142a do Zwi\u0105zku Malarek Polskich we Lwowie (1929-1938) i grupy \u201eZach\u0119ta\u201d (od 1956 r.). Jej tw\u00f3rczo\u015b\u0107 obejmuje malarstwo, rysunek i grafik\u0119. Przedstawiane przez ni\u0105 tematy to m.in. portret, martwa natura, sceny rodzajowe i pejza\u017c. Uczestniczy\u0142a m.in. w wystawach \u201eZiemia krakowska\u201d w TPSP w Krakowie (1936), \u201eDziecko w sztuce\u201d we Lwowie (1937), \u201ePortret\u201d w Galerii Sztuki MDM (1969). Mia\u0142a te\u017c wystawy indywidualne w krakowskim TPSP.<br \/>\nTechnique: oil on canvas<br \/>\nCondition: very good original<br \/>\nSygnatura: Widoczna na zdj\u0119ciu<br \/>\nWymiary: z ram\u0105 51cm na 51 cm <\/p>","protected":false},"featured_media":4867,"comment_status":"closed","ping_status":"closed","template":"","meta":[],"product_cat":[41,39,40],"product_tag":[],"class_list":{"0":"post-4866","1":"product","2":"type-product","3":"status-publish","4":"has-post-thumbnail","6":"product_cat-malarstwo-dawne","7":"product_cat-dziela-sztuki","8":"product_cat-malarstwo","10":"entry","11":"has-media","13":"first","14":"instock","15":"taxable","16":"shipping-taxable","17":"purchasable","18":"product-type-simple","19":"has-product-nav","20":"col","21":"span_1_of_3","22":"owp-content-center","23":"owp-thumbs-layout-horizontal","24":"owp-btn-normal","25":"owp-tabs-layout-horizontal"},"aioseo_notices":[],"_links":{"self":[{"href":"https:\/\/antykilion.pl\/en\/wp-json\/wp\/v2\/product\/4866","targetHints":{"allow":["GET"]}}],"collection":[{"href":"https:\/\/antykilion.pl\/en\/wp-json\/wp\/v2\/product"}],"about":[{"href":"https:\/\/antykilion.pl\/en\/wp-json\/wp\/v2\/types\/product"}],"replies":[{"embeddable":true,"href":"https:\/\/antykilion.pl\/en\/wp-json\/wp\/v2\/comments?post=4866"}],"wp:featuredmedia":[{"embeddable":true,"href":"https:\/\/antykilion.pl\/en\/wp-json\/wp\/v2\/media\/4867"}],"wp:attachment":[{"href":"https:\/\/antykilion.pl\/en\/wp-json\/wp\/v2\/media?parent=4866"}],"wp:term":[{"taxonomy":"product_cat","embeddable":true,"href":"https:\/\/antykilion.pl\/en\/wp-json\/wp\/v2\/product_cat?post=4866"},{"taxonomy":"product_tag","embeddable":true,"href":"https:\/\/antykilion.pl\/en\/wp-json\/wp\/v2\/product_tag?post=4866"}],"curies":[{"name":"wp","href":"https:\/\/api.w.org\/{rel}","templated":true}]}}