{"id":4885,"date":"2021-09-12T16:06:57","date_gmt":"2021-09-12T14:06:57","guid":{"rendered":"https:\/\/antykilion.pl\/?post_type=product&#038;p=4885"},"modified":"2021-10-24T12:00:51","modified_gmt":"2021-10-24T10:00:51","slug":"czytajac-ksiazke-xix-wiek","status":"publish","type":"product","link":"https:\/\/antykilion.pl\/en\/product\/czytajac-ksiazke-xix-wiek\/","title":{"rendered":"Czytaj\u0105c ksi\u0105\u017ck\u0119 XIX wiek"},"content":{"rendered":"","protected":false},"excerpt":{"rendered":"<p>Czytaj\u0105c ksi\u0105\u017ck\u0119 XIX wiek<br \/>\nTechnique: oil on canvas<br \/>\nStan: bardzo dobry orginalny, bardzo dekoracyjna rama<br \/>\nSignature: visible in the picture<br \/>\nWymiary: p\u0142\u00f3tno 50 cm na 60 cm + rama du\u017cy 87 cm na 77 cm <\/p>","protected":false},"featured_media":4888,"comment_status":"closed","ping_status":"closed","template":"","meta":[],"product_cat":[41,39,40],"product_tag":[],"class_list":{"0":"post-4885","1":"product","2":"type-product","3":"status-publish","4":"has-post-thumbnail","6":"product_cat-malarstwo-dawne","7":"product_cat-dziela-sztuki","8":"product_cat-malarstwo","10":"entry","11":"has-media","13":"first","14":"instock","15":"taxable","16":"shipping-taxable","17":"purchasable","18":"product-type-simple","19":"has-product-nav","20":"col","21":"span_1_of_3","22":"owp-content-center","23":"owp-thumbs-layout-horizontal","24":"owp-btn-normal","25":"owp-tabs-layout-horizontal"},"aioseo_notices":[],"_links":{"self":[{"href":"https:\/\/antykilion.pl\/en\/wp-json\/wp\/v2\/product\/4885","targetHints":{"allow":["GET"]}}],"collection":[{"href":"https:\/\/antykilion.pl\/en\/wp-json\/wp\/v2\/product"}],"about":[{"href":"https:\/\/antykilion.pl\/en\/wp-json\/wp\/v2\/types\/product"}],"replies":[{"embeddable":true,"href":"https:\/\/antykilion.pl\/en\/wp-json\/wp\/v2\/comments?post=4885"}],"wp:featuredmedia":[{"embeddable":true,"href":"https:\/\/antykilion.pl\/en\/wp-json\/wp\/v2\/media\/4888"}],"wp:attachment":[{"href":"https:\/\/antykilion.pl\/en\/wp-json\/wp\/v2\/media?parent=4885"}],"wp:term":[{"taxonomy":"product_cat","embeddable":true,"href":"https:\/\/antykilion.pl\/en\/wp-json\/wp\/v2\/product_cat?post=4885"},{"taxonomy":"product_tag","embeddable":true,"href":"https:\/\/antykilion.pl\/en\/wp-json\/wp\/v2\/product_tag?post=4885"}],"curies":[{"name":"wp","href":"https:\/\/api.w.org\/{rel}","templated":true}]}}