{"id":4962,"date":"2021-10-16T16:31:32","date_gmt":"2021-10-16T14:31:32","guid":{"rendered":"https:\/\/antykilion.pl\/?post_type=product&#038;p=4962"},"modified":"2021-10-16T16:31:32","modified_gmt":"2021-10-16T14:31:32","slug":"pudreza-okres-ludwika-xv-okolo-1740-r-rzadkosc","status":"publish","type":"product","link":"https:\/\/antykilion.pl\/en\/product\/pudreza-okres-ludwika-xv-okolo-1740-r-rzadkosc\/","title":{"rendered":"Pudreza okres Ludwika XV oko\u0142o 1740 r rzadko\u015b\u0107"},"content":{"rendered":"","protected":false},"excerpt":{"rendered":"<p>Elegancka Toaletka tzw. Pudreza Okres Ludwika XV&#8221; Bardzo elegancka toaletka centralna, zakrzywiona ze wszystkich stron w okleinie z palisandru. i drzew owocowych. G\u00f3rna cz\u0119\u015b\u0107 otwiera si\u0119 za pomoc\u0105 centralnej przes\u0142ony umieszczonej z ty\u0142u lustra rt\u0119ciowego i otoczonej dwiema przes\u0142onami. Ods\u0142aniaj\u0105 dwie wyjmowane szafki, r\u00f3wnie\u017c w okleinie owocowej. Pas otwiera si\u0119 czterema szufladami, z kt\u00f3rych jedna jest w\u0119\u017csza, s\u0105 one wy\u015brodkowane przez wysuwan\u0105 tabliczk\u0119 do pisania. Usadowiona na czterech wysokich, \u015bci\u0105gni\u0119tych i wysklepionych stopach. Pi\u0119kna ulistniona opaska z\u00a0 z\u0142oconego br\u0105zu, zako\u0144czona ma\u0142ym butem poszytym, podkre\u015bla delikatn\u0105 krzywizn\u0119 przednich i tylnych st\u00f3p, a tak\u017ce pi\u0119kne oryginalne mosi\u0119\u017cne zawiasy dyskretnie zdobi\u0105 ten mebel reprezentuj\u0105cy ma\u0142e meble z czas\u00f3w Ludwika XV. Okres: Ludwik XV &#8211; \u015arodek XVIII<\/p>\n<p>Tego typu toaletki by\u0142y popularne w okresie rokoka we Francji s\u0142u\u017cy\u0142y toalecie, uk\u0142adaniu w\u0142os\u00f3w.i przechowywaniu bia\u0142ych peruk. W p\u00f3\u017aniejszym czasie powtarzano form\u0119, redukowano wewn\u0119trzne podzia\u0142y i cz\u0119sto dekoracj\u0119 egzotycznymi okleinami, a funkcja tego mebla przesta\u0142a by\u0107 tak istotna jak pierwotnie<\/p>\n<p>Origin: France<\/p>\n<p>Stan\u00a0 bardzo dobry, orginalny.opr\u00f3cz jaki\u015b amatorskich napraw nigdy nie przechodzi\u0142a renowacji, drobne ubytki forniru na brzegach blatu<\/p>\n<p>Wymiary: wysoko\u015b\u0107 100 cm, d\u0142ugo\u015b\u0107 114 cm, g\u0142\u0119boko\u015b\u0107 oko\u0142o 55 cm<\/p>\n<p>Materia\u0142: forniry owocowe i r\u00f3\u017ca<\/p>\n<p>Okres: Ludwika XV oko\u0142o 1740 r<\/p>\n<p>Mebel bardzo rzadki na rynku antykwarycznym<\/p>","protected":false},"featured_media":4963,"comment_status":"closed","ping_status":"closed","template":"","meta":[],"product_cat":[30,17,36],"product_tag":[],"class_list":{"0":"post-4962","1":"product","2":"type-product","3":"status-publish","4":"has-post-thumbnail","6":"product_cat-lustra","7":"product_cat-meble","8":"product_cat-toaletki","10":"entry","11":"has-media","13":"first","14":"instock","15":"taxable","16":"shipping-taxable","17":"purchasable","18":"product-type-simple","19":"has-product-nav","20":"col","21":"span_1_of_3","22":"owp-content-center","23":"owp-thumbs-layout-horizontal","24":"owp-btn-normal","25":"owp-tabs-layout-horizontal"},"aioseo_notices":[],"_links":{"self":[{"href":"https:\/\/antykilion.pl\/en\/wp-json\/wp\/v2\/product\/4962","targetHints":{"allow":["GET"]}}],"collection":[{"href":"https:\/\/antykilion.pl\/en\/wp-json\/wp\/v2\/product"}],"about":[{"href":"https:\/\/antykilion.pl\/en\/wp-json\/wp\/v2\/types\/product"}],"replies":[{"embeddable":true,"href":"https:\/\/antykilion.pl\/en\/wp-json\/wp\/v2\/comments?post=4962"}],"wp:featuredmedia":[{"embeddable":true,"href":"https:\/\/antykilion.pl\/en\/wp-json\/wp\/v2\/media\/4963"}],"wp:attachment":[{"href":"https:\/\/antykilion.pl\/en\/wp-json\/wp\/v2\/media?parent=4962"}],"wp:term":[{"taxonomy":"product_cat","embeddable":true,"href":"https:\/\/antykilion.pl\/en\/wp-json\/wp\/v2\/product_cat?post=4962"},{"taxonomy":"product_tag","embeddable":true,"href":"https:\/\/antykilion.pl\/en\/wp-json\/wp\/v2\/product_tag?post=4962"}],"curies":[{"name":"wp","href":"https:\/\/api.w.org\/{rel}","templated":true}]}}