{"id":5022,"date":"2021-11-01T12:42:38","date_gmt":"2021-11-01T11:42:38","guid":{"rendered":"https:\/\/antykilion.pl\/?post_type=product&#038;p=5022"},"modified":"2023-01-24T16:59:10","modified_gmt":"2023-01-24T15:59:10","slug":"hendrik-barend-koekkoek-1849-1909-malownicza-zima-xix-w","status":"publish","type":"product","link":"https:\/\/antykilion.pl\/en\/product\/hendrik-barend-koekkoek-1849-1909-malownicza-zima-xix-w\/","title":{"rendered":"HENDRIK BAREND KOEKKOEK 1849-1909 Malownicza zima XIX w"},"content":{"rendered":"","protected":false},"excerpt":{"rendered":"<p>Gallery Antiques and Lion Art<\/p>\n<p>HENDRIK BAREND KOEKKOEK 1849-1909 Malownicza zima XIX w<\/p>\n<p>Barend Hendrik Koekkoek (ur. 23 listopada 1849 w Amsterdamie, Kr\u00f3lestwo Niderland\u00f3w, \u2020 1889 lub 1909 w Londynie, Wielka Brytania) by\u0142 holenderskim malarzem pejza\u017cowym i marynistycznym.<\/p>\n<p>Barend Hendrik Koekkoek pochodzi\u0142 z holenderskiej rodziny artyst\u00f3w Koekkoek. By\u0142 czwartym synem malarza morskiego Hermanusa Koekkoeka, starszego i wnuka malarza Johannesa Hermanusa Koekkoeka. Jego bra\u0107mi byli Hermanus Koekkoek M\u0142odszy, Willem Koekkoek i Johannes Hermanus Barend Koekkoek. Jego ojciec pod\u0105\u017ca\u0142 za rodzinn\u0105 tradycj\u0105 i wprowadzi\u0142 syn\u00f3w do malarstwa. Malowania pejza\u017cy le\u015bnych nauczy\u0142 go wuj Marinus Adrianus Koekkoek Starszy. Koekkoek zacz\u0105\u0142 malowa\u0107 w Amsterdamie w 1864 roku. 3 stycznia 1878 o\u017ceni\u0142 si\u0119 w Rijswijk z Karolin\u0105 Allardin\u0105 Corneli\u0105 Pierson (20 sierpnia 1854 \u2013 przed 1909). W 1879 pracowa\u0142 przez kr\u00f3tki czas w Hilversum i Brukseli; w tym samym roku otworzy\u0142 galeri\u0119 sztuki w Amsterdamie. Oko\u0142o 1882 przeni\u00f3s\u0142 si\u0119 do Londynu, gdzie jego brat Hermanus Koekkoek M\u0142odszy prowadzi\u0142 od 1869 handel dzie\u0142ami sztuki. W Anglii pracowa\u0142 w okolicach Guildford, podobnie jak jego kuzyn Pieter Hendrik Koekkoek. Nic nie wiadomo o jego ostatnich latach a\u017c do \u015bmierci, literatura wymienia 1889 lub 1909 jako rok jego \u015bmierci. Barend Hendrik Koekkoek malowa\u0142 w tradycyjnym romantycznym stylu typowym dla wi\u0119kszo\u015bci rodziny Koekkoek, g\u0142\u00f3wnie pejza\u017ce i sceny le\u015bne, cz\u0119sto z postaciami; by\u0142y te\u017c widoki na morze i miasto. Wiele zdj\u0119\u0107 zrobiono w Gelderland. Podczas pobytu w Anglii przedstawi\u0142 kilka zimowych pejza\u017cy z drzewami w formacie portretowym. Pokazywa\u0142 swoje prace na wystawach w Amsterdamie, Rotterdamie, Arnheim i Haarlemie. Niekt\u00f3re z jego prac znajduj\u0105 si\u0119 w Paul Tetar van Elven Museum w Delft lub w Koekkoek House w Kleve, inne znajduj\u0105 si\u0119 w prywatnych kolekcjach, zw\u0142aszcza w Holandii i Anglii.<\/p>\n<p>Technique: oil on canvas<\/p>\n<p>Condition: very good original<\/p>\n<p>Signature: visible in the picture<\/p>\n<p>Wymiary: p\u0142\u00f3tno 42,5 cm na 52,5 cm + rama oko\u0142o 63 cm na 73 cm<\/p>\n<p>Bardzo dobre malarstwo, bardzo dekoracyjne i bardzo rzadkie na naszym rynku antykwarycznym.<\/p>\n<p>Prosz\u0119 zwr\u00f3ci\u0107 uwag\u0119 na piecz\u0119\u0107 lakow\u0105<\/p>\n<p>Do ka\u017cdego przedmiotu Galeria wystawia certyfikat.<\/p>","protected":false},"featured_media":5023,"comment_status":"closed","ping_status":"closed","template":"","meta":[],"product_cat":[41,39,40],"product_tag":[],"class_list":{"0":"post-5022","1":"product","2":"type-product","3":"status-publish","4":"has-post-thumbnail","6":"product_cat-malarstwo-dawne","7":"product_cat-dziela-sztuki","8":"product_cat-malarstwo","10":"entry","11":"has-media","13":"first","14":"instock","15":"taxable","16":"shipping-taxable","17":"purchasable","18":"product-type-simple","19":"has-product-nav","20":"col","21":"span_1_of_3","22":"owp-content-center","23":"owp-thumbs-layout-horizontal","24":"owp-btn-normal","25":"owp-tabs-layout-horizontal"},"aioseo_notices":[],"_links":{"self":[{"href":"https:\/\/antykilion.pl\/en\/wp-json\/wp\/v2\/product\/5022","targetHints":{"allow":["GET"]}}],"collection":[{"href":"https:\/\/antykilion.pl\/en\/wp-json\/wp\/v2\/product"}],"about":[{"href":"https:\/\/antykilion.pl\/en\/wp-json\/wp\/v2\/types\/product"}],"replies":[{"embeddable":true,"href":"https:\/\/antykilion.pl\/en\/wp-json\/wp\/v2\/comments?post=5022"}],"wp:featuredmedia":[{"embeddable":true,"href":"https:\/\/antykilion.pl\/en\/wp-json\/wp\/v2\/media\/5023"}],"wp:attachment":[{"href":"https:\/\/antykilion.pl\/en\/wp-json\/wp\/v2\/media?parent=5022"}],"wp:term":[{"taxonomy":"product_cat","embeddable":true,"href":"https:\/\/antykilion.pl\/en\/wp-json\/wp\/v2\/product_cat?post=5022"},{"taxonomy":"product_tag","embeddable":true,"href":"https:\/\/antykilion.pl\/en\/wp-json\/wp\/v2\/product_tag?post=5022"}],"curies":[{"name":"wp","href":"https:\/\/api.w.org\/{rel}","templated":true}]}}