{"id":5031,"date":"2021-11-05T09:53:32","date_gmt":"2021-11-05T08:53:32","guid":{"rendered":"https:\/\/antykilion.pl\/?post_type=product&#038;p=5031"},"modified":"2021-11-05T09:53:32","modified_gmt":"2021-11-05T08:53:32","slug":"alegoria-jesieni-xix-w-hans-makart-osterrike-atrybucja","status":"publish","type":"product","link":"https:\/\/antykilion.pl\/en\/product\/alegoria-jesieni-xix-w-hans-makart-osterrike-atrybucja\/","title":{"rendered":"Alegoria Jesieni XIX w, Hans Makart Osterrike atrybucja"},"content":{"rendered":"","protected":false},"excerpt":{"rendered":"<p>Alegoria Jesieni XIX w Hans Makart \u00d6sterrike 1840-1884 przypisywany<\/p>\n<p>Technique: oil on canvas<\/p>\n<p>Condition: very good original<\/p>\n<p>Sygnatura: sygnatura widoczna po prawej stronie niestety zatarta i trudna do odczytania najprawdopodobniej Hans Makart \u00d6sterrike 1840-1884.<\/p>\n<p>Wymiary: p\u0142\u00f3tno 43 cm na 46 cm + rama oko\u0142o 66 cm na 66 cm<\/p>\n<p>Bardzo dobre malarstwo, bardzo dekoracyjne<\/p>\n<p>Do ka\u017cdego przedmiotu Galeria wystawia certyfikat.<\/p>\n<p>Poni\u017cej bardzo \u0142adny film z pracami autora<\/p>\n<p>https:\/\/www.youtube.com\/watch?v=8cj-nkAhNFQ<\/p>\n<p>https:\/\/www.youtube.com\/watch?v=Z4QSBYldmX8<\/p>","protected":false},"featured_media":5032,"comment_status":"closed","ping_status":"closed","template":"","meta":[],"product_cat":[41,39,40],"product_tag":[],"class_list":{"0":"post-5031","1":"product","2":"type-product","3":"status-publish","4":"has-post-thumbnail","6":"product_cat-malarstwo-dawne","7":"product_cat-dziela-sztuki","8":"product_cat-malarstwo","10":"entry","11":"has-media","13":"first","14":"instock","15":"taxable","16":"shipping-taxable","17":"purchasable","18":"product-type-simple","19":"has-product-nav","20":"col","21":"span_1_of_3","22":"owp-content-center","23":"owp-thumbs-layout-horizontal","24":"owp-btn-normal","25":"owp-tabs-layout-horizontal"},"aioseo_notices":[],"_links":{"self":[{"href":"https:\/\/antykilion.pl\/en\/wp-json\/wp\/v2\/product\/5031","targetHints":{"allow":["GET"]}}],"collection":[{"href":"https:\/\/antykilion.pl\/en\/wp-json\/wp\/v2\/product"}],"about":[{"href":"https:\/\/antykilion.pl\/en\/wp-json\/wp\/v2\/types\/product"}],"replies":[{"embeddable":true,"href":"https:\/\/antykilion.pl\/en\/wp-json\/wp\/v2\/comments?post=5031"}],"wp:featuredmedia":[{"embeddable":true,"href":"https:\/\/antykilion.pl\/en\/wp-json\/wp\/v2\/media\/5032"}],"wp:attachment":[{"href":"https:\/\/antykilion.pl\/en\/wp-json\/wp\/v2\/media?parent=5031"}],"wp:term":[{"taxonomy":"product_cat","embeddable":true,"href":"https:\/\/antykilion.pl\/en\/wp-json\/wp\/v2\/product_cat?post=5031"},{"taxonomy":"product_tag","embeddable":true,"href":"https:\/\/antykilion.pl\/en\/wp-json\/wp\/v2\/product_tag?post=5031"}],"curies":[{"name":"wp","href":"https:\/\/api.w.org\/{rel}","templated":true}]}}