{"id":5116,"date":"2021-11-08T13:37:56","date_gmt":"2021-11-08T12:37:56","guid":{"rendered":"https:\/\/antykilion.pl\/?post_type=product&#038;p=5116"},"modified":"2021-11-08T13:37:57","modified_gmt":"2021-11-08T12:37:57","slug":"portret-ebby-dorotey-von-schwerin-z-domu-rudebeck-1785-1865","status":"publish","type":"product","link":"https:\/\/antykilion.pl\/en\/product\/portret-ebby-dorotey-von-schwerin-z-domu-rudebeck-1785-1865\/","title":{"rendered":"Portret Ebby Dorotey von Schwerin\u201d (z domu Rudebeck). (1785-1865)"},"content":{"rendered":"","protected":false},"excerpt":{"rendered":"<p>Portret m\u0142odej dziewczyny pocz\u0105tek XIX w, w stylu Empire oko\u0142o 1800 roku<\/p>\n<p>Bardzo dekoracyjne malarstwo.<\/p>\n<p>Technique: oil on canvas<\/p>\n<p>Stan: w konserwacji<\/p>\n<p>Sygnatura: autor atrybucja Carl Viertel<br \/>\n(1772-1834)<\/p>\n<p>Portret Ebby Dorotey von Schwerin\u201d (z domu Rudebeck). (1785-1865)<\/p>\n<p>Wymiary: p\u0142\u00f3tna oko\u0142o 70 cm na 54 cm + rama <\/p>\n<p>Origin: Europe<\/p>\n<p>9 999,00 z\u0142<\/p>","protected":false},"featured_media":5117,"comment_status":"closed","ping_status":"closed","template":"","meta":[],"product_cat":[41,39,40],"product_tag":[],"class_list":{"0":"post-5116","1":"product","2":"type-product","3":"status-publish","4":"has-post-thumbnail","6":"product_cat-malarstwo-dawne","7":"product_cat-dziela-sztuki","8":"product_cat-malarstwo","10":"entry","11":"has-media","13":"first","14":"instock","15":"taxable","16":"shipping-taxable","17":"purchasable","18":"product-type-simple","19":"has-product-nav","20":"col","21":"span_1_of_3","22":"owp-content-center","23":"owp-thumbs-layout-horizontal","24":"owp-btn-normal","25":"owp-tabs-layout-horizontal"},"aioseo_notices":[],"_links":{"self":[{"href":"https:\/\/antykilion.pl\/en\/wp-json\/wp\/v2\/product\/5116","targetHints":{"allow":["GET"]}}],"collection":[{"href":"https:\/\/antykilion.pl\/en\/wp-json\/wp\/v2\/product"}],"about":[{"href":"https:\/\/antykilion.pl\/en\/wp-json\/wp\/v2\/types\/product"}],"replies":[{"embeddable":true,"href":"https:\/\/antykilion.pl\/en\/wp-json\/wp\/v2\/comments?post=5116"}],"wp:featuredmedia":[{"embeddable":true,"href":"https:\/\/antykilion.pl\/en\/wp-json\/wp\/v2\/media\/5117"}],"wp:attachment":[{"href":"https:\/\/antykilion.pl\/en\/wp-json\/wp\/v2\/media?parent=5116"}],"wp:term":[{"taxonomy":"product_cat","embeddable":true,"href":"https:\/\/antykilion.pl\/en\/wp-json\/wp\/v2\/product_cat?post=5116"},{"taxonomy":"product_tag","embeddable":true,"href":"https:\/\/antykilion.pl\/en\/wp-json\/wp\/v2\/product_tag?post=5116"}],"curies":[{"name":"wp","href":"https:\/\/api.w.org\/{rel}","templated":true}]}}