{"id":5264,"date":"2022-02-10T14:58:26","date_gmt":"2022-02-10T13:58:26","guid":{"rendered":"https:\/\/antykilion.pl\/?post_type=product&#038;p=5264"},"modified":"2026-03-22T19:47:26","modified_gmt":"2026-03-22T18:47:26","slug":"serwantka-biblioteczka-xix-w-okolo-1870-r-rokoko-tzw-vernis-martin","status":"publish","type":"product","link":"https:\/\/antykilion.pl\/en\/product\/serwantka-biblioteczka-xix-w-okolo-1870-r-rokoko-tzw-vernis-martin\/","title":{"rendered":"Serwantka, biblioteczka XIX w, oko\u0142o 1870 r rokoko tzw. Vernis Martin"},"content":{"rendered":"","protected":false},"excerpt":{"rendered":"<p>Serwantka, biblioteczka XIX wieku oko\u0142o 1870 roku, w stylu rokoko, front z szuflad\u0105 i przeszklonymi drzwiami z malowanym motywem w kszta\u0142cie putt\u00f3w w ogrodzie,tak zwane Vernis Martin, za kt\u00f3rymi mieszcz\u0105 si\u0119 p\u00f3\u0142ki obite czerwonym aksamitem, zdobione intarsjami i okuciem z br\u0105zu, nogi typu kabriolet.<\/p>\n<p>Materia\u0142: fornir palisander, r\u00f3\u017ca, bukszpan i inne<\/p>\n<p>Stan bardzo dobry wr\u0119cz idealny<\/p>\n<p>Origin: Western Europe - France<\/p>\n<p>Period: around 1870<\/p>\n<p>Wymiary oko\u0142o: H. 155 cm. W. 68 cm. D. 32,5 cm<\/p>\n<p>Rzadko\u015b\u0107 na naszym rynku antykwarycznym !<\/p>\n<p>A beautiful palace piece of furniture!<\/p>","protected":false},"featured_media":5265,"comment_status":"closed","ping_status":"closed","template":"","meta":[],"product_cat":[23,17,37],"product_tag":[],"class_list":{"0":"post-5264","1":"product","2":"type-product","3":"status-publish","4":"has-post-thumbnail","6":"product_cat-biblioteki","7":"product_cat-meble","8":"product_cat-witryny-serwantki","10":"entry","11":"has-media","13":"first","14":"instock","15":"taxable","16":"shipping-taxable","17":"purchasable","18":"product-type-simple","19":"has-product-nav","20":"col","21":"span_1_of_3","22":"owp-content-center","23":"owp-thumbs-layout-horizontal","24":"owp-btn-normal","25":"owp-tabs-layout-horizontal"},"aioseo_notices":[],"_links":{"self":[{"href":"https:\/\/antykilion.pl\/en\/wp-json\/wp\/v2\/product\/5264","targetHints":{"allow":["GET"]}}],"collection":[{"href":"https:\/\/antykilion.pl\/en\/wp-json\/wp\/v2\/product"}],"about":[{"href":"https:\/\/antykilion.pl\/en\/wp-json\/wp\/v2\/types\/product"}],"replies":[{"embeddable":true,"href":"https:\/\/antykilion.pl\/en\/wp-json\/wp\/v2\/comments?post=5264"}],"wp:featuredmedia":[{"embeddable":true,"href":"https:\/\/antykilion.pl\/en\/wp-json\/wp\/v2\/media\/5265"}],"wp:attachment":[{"href":"https:\/\/antykilion.pl\/en\/wp-json\/wp\/v2\/media?parent=5264"}],"wp:term":[{"taxonomy":"product_cat","embeddable":true,"href":"https:\/\/antykilion.pl\/en\/wp-json\/wp\/v2\/product_cat?post=5264"},{"taxonomy":"product_tag","embeddable":true,"href":"https:\/\/antykilion.pl\/en\/wp-json\/wp\/v2\/product_tag?post=5264"}],"curies":[{"name":"wp","href":"https:\/\/api.w.org\/{rel}","templated":true}]}}