{"id":5276,"date":"2022-02-10T18:48:48","date_gmt":"2022-02-10T17:48:48","guid":{"rendered":"https:\/\/antykilion.pl\/?post_type=product&#038;p=5276"},"modified":"2022-03-30T08:43:40","modified_gmt":"2022-03-30T06:43:40","slug":"szafa-kredensowa-na-drogocenne-przedmioty-z-madonna-i-sw-piotrem-z-kluczami","status":"publish","type":"product","link":"https:\/\/antykilion.pl\/en\/product\/szafa-kredensowa-na-drogocenne-przedmioty-z-madonna-i-sw-piotrem-z-kluczami\/","title":{"rendered":"Szafa kredensowa na drogocenne przedmioty z Madonn\u0105 i \u015aw. Piotrem z kluczami"},"content":{"rendered":"","protected":false},"excerpt":{"rendered":"<p>Szafa kredensowa na drogocenne przedmioty z Madonn\u0105 i \u015aw. Piotrem z kluczami<\/p>\n<p>dwucz\u0119\u015bciowa, z szafk\u0105 o prostych bokach i froncie, zamykan\u0105 dwuskrzyd\u0142owo, zwie\u0144czon\u0105 bogato dekorowanym z umieszczonym centralnie herbem, w naro\u017cach zwie\u0144czony rze\u017abami maszkar, wsparta na sto\u0142owej podstawie, Skrzyd\u0142a drzwi z dekoracyjnymi p\u0142ycinami o wyd\u0142u\u017conym kszta\u0142cie z centralnie umieszczonymi rze\u017abami pi\u0119knej Gotyckiej Madonny i \u015aw. Piotra z kluczami. Frontowe naro\u017ca korpusu dekorowane festonami  We wn\u0119trzu szafki trzy p\u00f3\u0142ki. Podstawa na czterech spiralnie skr\u0119conych nogach, spi\u0119tych analogicznym krzy\u017cakiem, zako\u0144czonych sp\u0142aszczonymi kulami;<\/p>\n<p>Szafa form\u0105 i dekoracj\u0105 nawi\u0105zuj\u0105ca do mebli wykonywanych w XVII wieku. Mebel wykonany rzemie\u015blniczo. Snycerka wyj\u0105tkowo plastyczna i naturalistyczna.<\/p>\n<p>Bardzo rzadki mebel i wyj\u0105tkowy!!!<\/p>\n<p>Material: solid oak<\/p>\n<p>Stan bardzo dobry opr\u00f3cz kilku brakuj\u0105cych element\u00f3w, listewki przy szufladzie oraz na p\u0142ycinie jednych drzwiczek brakuj\u0105 2 ma\u0142e elementy oraz u\u0142amane Palce madonny i na jednym festonie.<\/p>\n<p>Pochodzenie: Polska?<\/p>\n<p>Okres: XIX w<\/p>\n<p>Wymiary: Szeroko\u015b\u0107 153, g\u0142\u0119boko\u015b\u0107 78, wysoko\u015b\u0107 215 cm.<\/p>\n<p>Szafa ca\u0142kowicie rozbieralna<\/p>","protected":false},"featured_media":5277,"comment_status":"closed","ping_status":"closed","template":"","meta":[],"product_cat":[27,17,34],"product_tag":[],"class_list":{"0":"post-5276","1":"product","2":"type-product","3":"status-publish","4":"has-post-thumbnail","6":"product_cat-kredensy-bufety","7":"product_cat-meble","8":"product_cat-szafy","10":"entry","11":"has-media","13":"first","14":"instock","15":"taxable","16":"shipping-taxable","17":"purchasable","18":"product-type-simple","19":"has-product-nav","20":"col","21":"span_1_of_3","22":"owp-content-center","23":"owp-thumbs-layout-horizontal","24":"owp-btn-normal","25":"owp-tabs-layout-horizontal"},"aioseo_notices":[],"_links":{"self":[{"href":"https:\/\/antykilion.pl\/en\/wp-json\/wp\/v2\/product\/5276","targetHints":{"allow":["GET"]}}],"collection":[{"href":"https:\/\/antykilion.pl\/en\/wp-json\/wp\/v2\/product"}],"about":[{"href":"https:\/\/antykilion.pl\/en\/wp-json\/wp\/v2\/types\/product"}],"replies":[{"embeddable":true,"href":"https:\/\/antykilion.pl\/en\/wp-json\/wp\/v2\/comments?post=5276"}],"wp:featuredmedia":[{"embeddable":true,"href":"https:\/\/antykilion.pl\/en\/wp-json\/wp\/v2\/media\/5277"}],"wp:attachment":[{"href":"https:\/\/antykilion.pl\/en\/wp-json\/wp\/v2\/media?parent=5276"}],"wp:term":[{"taxonomy":"product_cat","embeddable":true,"href":"https:\/\/antykilion.pl\/en\/wp-json\/wp\/v2\/product_cat?post=5276"},{"taxonomy":"product_tag","embeddable":true,"href":"https:\/\/antykilion.pl\/en\/wp-json\/wp\/v2\/product_tag?post=5276"}],"curies":[{"name":"wp","href":"https:\/\/api.w.org\/{rel}","templated":true}]}}