{"id":5401,"date":"2022-03-13T17:11:49","date_gmt":"2022-03-13T16:11:49","guid":{"rendered":"https:\/\/antykilion.pl\/?post_type=product&#038;p=5401"},"modified":"2023-09-13T18:57:59","modified_gmt":"2023-09-13T16:57:59","slug":"kalamarz-secesyjny-zdobiony-w-irysy-okolo-1910-r","status":"publish","type":"product","link":"https:\/\/antykilion.pl\/en\/product\/kalamarz-secesyjny-zdobiony-w-irysy-okolo-1910-r\/","title":{"rendered":"Ka\u0142amarz secesyjny zdobiony w irysy oko\u0142o 1910 r"},"content":{"rendered":"","protected":false},"excerpt":{"rendered":"<p>Ka\u0142amarz secesyjny zdobiony w irysy oko\u0142o 1910 r<br \/>\nKa\u0142amarz  na dwa wk\u0142ady, bogato zdobiony w kwiaty irysa.<br \/>\nVery good condition<br \/>\nMateria\u0142 Br\u0105z ? miedziowany ? ci\u0119\u017cki, wk\u0142ady cynowe<br \/>\nPochodzenia Europa<br \/>\nSygnatura widoczna na zdj\u0119ciu FZ i numer<br \/>\nWymiary d\u0142ugo\u015b\u0107 31 cm <\/p>","protected":false},"featured_media":5402,"comment_status":"closed","ping_status":"closed","template":"","meta":[],"product_cat":[16,55],"product_tag":[],"class_list":{"0":"post-5401","1":"product","2":"type-product","3":"status-publish","4":"has-post-thumbnail","6":"product_cat-inne","7":"product_cat-varia","9":"entry","10":"has-media","12":"first","13":"instock","14":"taxable","15":"shipping-taxable","16":"purchasable","17":"product-type-simple","18":"has-product-nav","19":"col","20":"span_1_of_3","21":"owp-content-center","22":"owp-thumbs-layout-horizontal","23":"owp-btn-normal","24":"owp-tabs-layout-horizontal"},"aioseo_notices":[],"_links":{"self":[{"href":"https:\/\/antykilion.pl\/en\/wp-json\/wp\/v2\/product\/5401","targetHints":{"allow":["GET"]}}],"collection":[{"href":"https:\/\/antykilion.pl\/en\/wp-json\/wp\/v2\/product"}],"about":[{"href":"https:\/\/antykilion.pl\/en\/wp-json\/wp\/v2\/types\/product"}],"replies":[{"embeddable":true,"href":"https:\/\/antykilion.pl\/en\/wp-json\/wp\/v2\/comments?post=5401"}],"wp:featuredmedia":[{"embeddable":true,"href":"https:\/\/antykilion.pl\/en\/wp-json\/wp\/v2\/media\/5402"}],"wp:attachment":[{"href":"https:\/\/antykilion.pl\/en\/wp-json\/wp\/v2\/media?parent=5401"}],"wp:term":[{"taxonomy":"product_cat","embeddable":true,"href":"https:\/\/antykilion.pl\/en\/wp-json\/wp\/v2\/product_cat?post=5401"},{"taxonomy":"product_tag","embeddable":true,"href":"https:\/\/antykilion.pl\/en\/wp-json\/wp\/v2\/product_tag?post=5401"}],"curies":[{"name":"wp","href":"https:\/\/api.w.org\/{rel}","templated":true}]}}