{"id":5416,"date":"2022-03-13T18:37:48","date_gmt":"2022-03-13T17:37:48","guid":{"rendered":"https:\/\/antykilion.pl\/?post_type=product&#038;p=5416"},"modified":"2022-12-14T21:53:49","modified_gmt":"2022-12-14T20:53:49","slug":"kandelabr-6-ramienny-w-stylu-empire-pierwsza-polowa-xix-w-braz-71-cm","status":"publish","type":"product","link":"https:\/\/antykilion.pl\/en\/product\/kandelabr-6-ramienny-w-stylu-empire-pierwsza-polowa-xix-w-braz-71-cm\/","title":{"rendered":"Kandelabr 6 ramienny w stylu empire pierwsza po\u0142owa XIX w br\u0105z 71 cm"},"content":{"rendered":"","protected":false},"excerpt":{"rendered":"<p>Kandelabr 6 ramienny w stylu empire pierwsza po\u0142owa XIX w br\u0105z 71 cm<br \/>\nPodstawa tr\u00f3jk\u0105tna, o \u015bci\u0119tych prosto naro\u017cach i wkl\u0119s\u0142ych bokach, opasana z\u0142oconym gzymsem. N\u00f3\u017cki z motywem li\u015bci palmowych. Trzon kanelowany, kolumnowy, w koszu z li\u015bci palmowych posadowionym na tr\u00f3jnogu z akantowych wolut z rozetami, przykrytym du\u017cymi, wywini\u0119tymi li\u015b\u0107mi palmowymi. G\u0142owica kolumny z li\u015bci akantu i lotosu, stanowi\u0105ca z\u0142ocony kosz, w kt\u00f3rym symetrycznie rozmieszczone kielichowo zako\u0144czone ramiona, z nak\u0142adanymi, z\u0142oconymi tulejami o ruchomych profitkach.<br \/>\nMaterial: gilded and patinated bronze<br \/>\nPochodzenie: Francja do po\u0142owy CIC w<br \/>\nVery good condition<br \/>\nWymiary: wysoko\u015b\u0107 71 cm <\/p>","protected":false},"featured_media":5418,"comment_status":"closed","ping_status":"closed","template":"","meta":[],"product_cat":[47],"product_tag":[],"class_list":{"0":"post-5416","1":"product","2":"type-product","3":"status-publish","4":"has-post-thumbnail","6":"product_cat-oswietlenie","8":"entry","9":"has-media","11":"first","12":"instock","13":"taxable","14":"shipping-taxable","15":"purchasable","16":"product-type-simple","17":"has-product-nav","18":"col","19":"span_1_of_3","20":"owp-content-center","21":"owp-thumbs-layout-horizontal","22":"owp-btn-normal","23":"owp-tabs-layout-horizontal"},"aioseo_notices":[],"_links":{"self":[{"href":"https:\/\/antykilion.pl\/en\/wp-json\/wp\/v2\/product\/5416","targetHints":{"allow":["GET"]}}],"collection":[{"href":"https:\/\/antykilion.pl\/en\/wp-json\/wp\/v2\/product"}],"about":[{"href":"https:\/\/antykilion.pl\/en\/wp-json\/wp\/v2\/types\/product"}],"replies":[{"embeddable":true,"href":"https:\/\/antykilion.pl\/en\/wp-json\/wp\/v2\/comments?post=5416"}],"wp:featuredmedia":[{"embeddable":true,"href":"https:\/\/antykilion.pl\/en\/wp-json\/wp\/v2\/media\/5418"}],"wp:attachment":[{"href":"https:\/\/antykilion.pl\/en\/wp-json\/wp\/v2\/media?parent=5416"}],"wp:term":[{"taxonomy":"product_cat","embeddable":true,"href":"https:\/\/antykilion.pl\/en\/wp-json\/wp\/v2\/product_cat?post=5416"},{"taxonomy":"product_tag","embeddable":true,"href":"https:\/\/antykilion.pl\/en\/wp-json\/wp\/v2\/product_tag?post=5416"}],"curies":[{"name":"wp","href":"https:\/\/api.w.org\/{rel}","templated":true}]}}